{"id":63542,"date":"2023-02-07T14:38:17","date_gmt":"2023-02-07T13:38:17","guid":{"rendered":"https:\/\/www.entrepriseetdecouverte.fr\/espace-pro\/?page_id=63542"},"modified":"2026-03-11T11:25:55","modified_gmt":"2026-03-11T10:25:55","slug":"attractivite-des-metiers-et-filieres","status":"publish","type":"page","link":"https:\/\/www.entrepriseetdecouverte.fr\/espace-pro\/laccompagnement\/attractivite-des-metiers-et-filieres\/","title":{"rendered":"Attractivit\u00e9 des M\u00e9tiers et Fili\u00e8res"},"content":{"rendered":"\n<p class=\"is-style-intro\">La visite d&rsquo;entreprise est un outil majeur pour aider les jeunes \u00e0 s\u2019orienter, d\u00e9velopper la marque employeur des entreprises et renforcer l&rsquo;attractivit\u00e9 des fili\u00e8res et des m\u00e9tiers aupr\u00e8s des publics dans la construction de leurs projets professionnels.<\/p>\n\n\n\n<p>Un diagnostic national, r\u00e9alis\u00e9 par Entreprise et D\u00e9couverte avec la Direction G\u00e9n\u00e9rale des Entreprises (DGE) en 2023, r\u00e9v\u00e8le que&nbsp;<strong>seulement 30% des entreprises accueillent des jeunes et demandeurs d&#8217;emploi sur des enjeux d\u2019attractivit\u00e9 des m\u00e9tiers <\/strong>alors que <strong>70% souhaitent le faire et \u00eatre accompagn\u00e9es pour r\u00e9aliser ces visites dans les meilleures conditions.&nbsp;<\/strong><\/p>\n\n\n\n<p>Entreprise et D\u00e9couverte d\u00e9veloppe aujourd&rsquo;hui son action pour accompagner les acteurs du monde \u00e9conomique et acad\u00e9mique pour d\u00e9velopper et qualifier l\u2019accueil des publics cibles dans le cadre du dispositif des \u201cRencontres M\u00e9tiers\u201d que nous d\u00e9veloppons depuis 10 ans. <\/p>\n\n\n\n<p>N<strong>ous entendons faire de ce dispositif un outil g\u00e9n\u00e9ralis\u00e9 et performant de d\u00e9couverte des m\u00e9tiers, d\u2019orientation, d\u2019inclusion et de recrutement.<\/strong><br><\/p>\n\n\n\n<p><\/p>\n\n\n\n<div class=\"wp-block-media-text alignwide has-media-on-the-right is-stacked-on-mobile\"><figure class=\"wp-block-media-text__media\"><img loading=\"lazy\" width=\"1200\" height=\"800\" data-src=\"https:\/\/www.entrepriseetdecouverte.fr\/espace-pro\/wp-content\/uploads\/sites\/2\/2023\/02\/48131113807_c10591f8f0_k-1-1200x800.jpg\" alt=\"\" class=\"wp-image-63573 size-full\" data-srcset=\"https:\/\/www.entrepriseetdecouverte.fr\/espace-pro\/wp-content\/uploads\/sites\/2\/2023\/02\/48131113807_c10591f8f0_k-1-1200x800.jpg 1200w, https:\/\/www.entrepriseetdecouverte.fr\/espace-pro\/wp-content\/uploads\/sites\/2\/2023\/02\/48131113807_c10591f8f0_k-1-600x400.jpg 600w, https:\/\/www.entrepriseetdecouverte.fr\/espace-pro\/wp-content\/uploads\/sites\/2\/2023\/02\/48131113807_c10591f8f0_k-1-900x600.jpg 900w, https:\/\/www.entrepriseetdecouverte.fr\/espace-pro\/wp-content\/uploads\/sites\/2\/2023\/02\/48131113807_c10591f8f0_k-1-1536x1024.jpg 1536w, https:\/\/www.entrepriseetdecouverte.fr\/espace-pro\/wp-content\/uploads\/sites\/2\/2023\/02\/48131113807_c10591f8f0_k-1-200x133.jpg 200w, https:\/\/www.entrepriseetdecouverte.fr\/espace-pro\/wp-content\/uploads\/sites\/2\/2023\/02\/48131113807_c10591f8f0_k-1-90x60.jpg 90w, https:\/\/www.entrepriseetdecouverte.fr\/espace-pro\/wp-content\/uploads\/sites\/2\/2023\/02\/48131113807_c10591f8f0_k-1.jpg 2048w\" sizes=\"(max-width: 1200px) 100vw, 1200px\" \/><\/figure><div class=\"wp-block-media-text__content\">\n<h3><strong>Les Rencontres M\u00e9tiers<\/strong><\/h3>\n\n\n\n<p>Pour d\u00e9velopper la marque, nous nous appuierons sur notre dispositif : Les Rencontres M\u00e9tiers. Il s\u2019agit d\u2019un dispositif con\u00e7u et test\u00e9 depuis 10 ans par Entreprise et D\u00e9couverte. <strong>Il s\u2019adresse \u00e0 deux grandes cibles&nbsp;: les jeunes et les demandeurs d\u2019emploi.<\/strong><\/p>\n\n\n\n<p><strong>Les objectifs sont&nbsp;multiples: la d\u00e9couverte des m\u00e9tiers, l\u2019orientation sur les m\u00e9tiers d\u2019avenir et en tension, l\u2019accompagnements des reconversions, le recrutement, l\u2019inclusion des publics \u00e9loign\u00e9s de l\u2019emploi et le dialogue pour une meilleure int\u00e9gration des nouvelles attentes dans la transformation des entreprises.<\/strong><\/p>\n<\/div><\/div>\n\n\n\n<p>Le projet permet de r\u00e9pondre aux attentes des parties prenantes :&nbsp;<\/p>\n\n\n\n<ul><li><strong>Appr\u00e9hender \/ pr\u00e9senter la r\u00e9alit\u00e9 de l\u2019entreprise<\/strong> au-del\u00e0 des pr\u00e9jug\u00e9s ou en l\u2019absence de repr\u00e9sentation&nbsp;\u00e0 travers un parcours m\u00e9tier sur le site de production<\/li><li><strong>B\u00e9n\u00e9ficier d\u2019un \u00e9change direct et in situ<\/strong> avec les cadres d\u00e9cisionnaires (RH, production, chef d\u2019entreprise) et les collaborateurs en capacit\u00e9 d\u2019expliquer l\u2019entreprise, ses valeurs, son savoir-faire, ses m\u00e9tiers, ses exigences en mati\u00e8re de comp\u00e9tences et de savoir-\u00eatre mais aussi de faire des propositions de stage, d\u2019emploi\u2026<\/li><li><strong>Accueillir et dialoguer avec des publics cibles qualifi\u00e9s, <\/strong>des profils en coh\u00e9rence avec les enjeux de l\u2019entreprise et contribuer concr\u00e8tement \u00e0 la d\u00e9marche RSE dans son volet social et soci\u00e9tal<\/li><\/ul>\n\n\n\n<div class=\"wp-block-media-text alignwide is-stacked-on-mobile\"><figure class=\"wp-block-media-text__media\"><img loading=\"lazy\" width=\"1200\" height=\"675\" data-src=\"https:\/\/www.entrepriseetdecouverte.fr\/espace-pro\/wp-content\/uploads\/sites\/2\/2026\/03\/visuels-newsletter-hdf-12-1200x675.jpg\" alt=\"\" class=\"wp-image-73961 size-full\" data-srcset=\"https:\/\/www.entrepriseetdecouverte.fr\/espace-pro\/wp-content\/uploads\/sites\/2\/2026\/03\/visuels-newsletter-hdf-12-1200x675.jpg 1200w, https:\/\/www.entrepriseetdecouverte.fr\/espace-pro\/wp-content\/uploads\/sites\/2\/2026\/03\/visuels-newsletter-hdf-12-600x338.jpg 600w, https:\/\/www.entrepriseetdecouverte.fr\/espace-pro\/wp-content\/uploads\/sites\/2\/2026\/03\/visuels-newsletter-hdf-12-900x506.jpg 900w, https:\/\/www.entrepriseetdecouverte.fr\/espace-pro\/wp-content\/uploads\/sites\/2\/2026\/03\/visuels-newsletter-hdf-12-1536x864.jpg 1536w, https:\/\/www.entrepriseetdecouverte.fr\/espace-pro\/wp-content\/uploads\/sites\/2\/2026\/03\/visuels-newsletter-hdf-12-200x113.jpg 200w, https:\/\/www.entrepriseetdecouverte.fr\/espace-pro\/wp-content\/uploads\/sites\/2\/2026\/03\/visuels-newsletter-hdf-12-1600x900.jpg 1600w, https:\/\/www.entrepriseetdecouverte.fr\/espace-pro\/wp-content\/uploads\/sites\/2\/2026\/03\/visuels-newsletter-hdf-12-107x60.jpg 107w, https:\/\/www.entrepriseetdecouverte.fr\/espace-pro\/wp-content\/uploads\/sites\/2\/2026\/03\/visuels-newsletter-hdf-12.jpg 1920w\" sizes=\"(max-width: 1200px) 100vw, 1200px\" \/><\/figure><div class=\"wp-block-media-text__content\">\n<h3><strong>Une d\u00e9marche collective<\/strong><\/h3>\n\n\n\n<p>L\u2019obtention de la marque<strong> Entreprise et D\u00e9couverte M\u00e9tiers\u00a9<\/strong> permet de confirmer la qualit\u00e9 des dispositifs de visites organis\u00e9s par les entreprises sur la base du r\u00e9f\u00e9rentiel des Rencontres M\u00e9tiers. Elle rel\u00e8ve d\u2019un processus de qualification d\u00e9fini par Entreprise et D\u00e9couverte et son Comit\u00e9 de pilotage en qualit\u00e9s respectives d\u2019expert national et de partenaires strat\u00e9giques.<\/p>\n<\/div><\/div>\n\n\n\n<p>A travers la cr\u00e9ation de la marque<strong> Entreprise et D\u00e9couverte M\u00e9tiers\u00a9<\/strong> notre ambition est de <strong>structurer, qualifier et d\u00e9velopper le dispositif \u00e0 l\u2019\u00e9chelle nationale et la mise en relation entre les parties prenantes.<\/strong><\/p>\n\n\n\n<p class=\"is-style-intro\"><strong>Nos r\u00e9f\u00e9rences sur ce volet<\/strong><\/p>\n\n\n\n<figure class=\"wp-block-image size-large\"><img loading=\"lazy\" width=\"1200\" height=\"675\" data-src=\"https:\/\/www.entrepriseetdecouverte.fr\/espace-pro\/wp-content\/uploads\/sites\/2\/2023\/02\/presentation1-1200x675.jpg\" alt=\"\" class=\"wp-image-63576\" data-srcset=\"https:\/\/www.entrepriseetdecouverte.fr\/espace-pro\/wp-content\/uploads\/sites\/2\/2023\/02\/presentation1-1200x675.jpg 1200w, https:\/\/www.entrepriseetdecouverte.fr\/espace-pro\/wp-content\/uploads\/sites\/2\/2023\/02\/presentation1-600x338.jpg 600w, https:\/\/www.entrepriseetdecouverte.fr\/espace-pro\/wp-content\/uploads\/sites\/2\/2023\/02\/presentation1-900x506.jpg 900w, https:\/\/www.entrepriseetdecouverte.fr\/espace-pro\/wp-content\/uploads\/sites\/2\/2023\/02\/presentation1-200x113.jpg 200w, https:\/\/www.entrepriseetdecouverte.fr\/espace-pro\/wp-content\/uploads\/sites\/2\/2023\/02\/presentation1-107x60.jpg 107w, https:\/\/www.entrepriseetdecouverte.fr\/espace-pro\/wp-content\/uploads\/sites\/2\/2023\/02\/presentation1.jpg 1280w\" sizes=\"(max-width: 1200px) 100vw, 1200px\" \/><\/figure>\n","protected":false},"excerpt":{"rendered":"<p>La visite d&rsquo;entreprise est un outil majeur pour aider les jeunes \u00e0 s\u2019orienter, d\u00e9velopper la marque employeur des entreprises et renforcer l&rsquo;attractivit\u00e9 des fili\u00e8res et des m\u00e9tiers aupr\u00e8s des publics dans la construction de leurs projets professionnels. Un diagnostic national, r\u00e9alis\u00e9 par Entreprise et D\u00e9couverte avec la Direction G\u00e9n\u00e9rale des Entreprises (DGE) en 2023, r\u00e9v\u00e8le [&hellip;]<\/p>\n","protected":false},"author":1160,"featured_media":63543,"parent":9,"menu_order":30,"comment_status":"closed","ping_status":"closed","template":"","meta":{"_relevanssi_hide_post":"","_relevanssi_pin_for_all":"","_relevanssi_pin_keywords":"","_relevanssi_unpin_keywords":"","_relevanssi_related_keywords":"","_relevanssi_related_include_ids":"","_relevanssi_related_exclude_ids":"","_relevanssi_related_no_append":"","_relevanssi_related_not_related":"","_relevanssi_related_posts":"61450,61752,62251,62700,62413,62474","_relevanssi_noindex_reason":""},"yoast_head":"<!-- This site is optimized with the Yoast SEO plugin v17.4 - https:\/\/yoast.com\/wordpress\/plugins\/seo\/ -->\n<meta name=\"description\" content=\"La visite d&#039;entreprise est un outil majeur pour aider les jeunes \u00e0 s\u2019orienter, d\u00e9velopper la marque employeur des entreprises et renforcer l&#039;attractivit\u00e9\" \/>\n<meta name=\"robots\" content=\"index, follow, max-snippet:-1, max-image-preview:large, max-video-preview:-1\" \/>\n<link rel=\"canonical\" href=\"https:\/\/www.entrepriseetdecouverte.fr\/espace-pro\/laccompagnement\/attractivite-des-metiers-et-filieres\/\" \/>\n<meta property=\"og:locale\" content=\"fr_FR\" \/>\n<meta property=\"og:type\" content=\"article\" \/>\n<meta property=\"og:title\" content=\"Attractivit\u00e9 des M\u00e9tiers et Fili\u00e8res - Espace Pro Entreprise et D\u00e9couverte\" \/>\n<meta property=\"og:description\" content=\"La visite d&#039;entreprise est un outil majeur pour aider les jeunes \u00e0 s\u2019orienter, d\u00e9velopper la marque employeur des entreprises et renforcer l&#039;attractivit\u00e9\" \/>\n<meta property=\"og:url\" content=\"https:\/\/www.entrepriseetdecouverte.fr\/espace-pro\/laccompagnement\/attractivite-des-metiers-et-filieres\/\" \/>\n<meta property=\"og:site_name\" content=\"Espace Pro\" \/>\n<meta property=\"article:modified_time\" content=\"2026-03-11T10:25:55+00:00\" \/>\n<meta property=\"og:image\" content=\"https:\/\/www.entrepriseetdecouverte.fr\/espace-pro\/wp-content\/uploads\/sites\/2\/2023\/02\/51338918591_fdf8046717_c-1.jpg\" \/>\n\t<meta property=\"og:image:width\" content=\"800\" \/>\n\t<meta property=\"og:image:height\" content=\"600\" \/>\n<meta name=\"twitter:card\" content=\"summary_large_image\" \/>\n<meta name=\"twitter:label1\" content=\"Dur\u00e9e de lecture estim\u00e9e\" \/>\n\t<meta name=\"twitter:data1\" content=\"3 minutes\" \/>\n<script type=\"application\/ld+json\" class=\"yoast-schema-graph\">{\"@context\":\"https:\/\/schema.org\",\"@graph\":[{\"@type\":\"WebSite\",\"@id\":\"https:\/\/www.entrepriseetdecouverte.fr\/espace-pro\/#website\",\"url\":\"https:\/\/www.entrepriseetdecouverte.fr\/espace-pro\/\",\"name\":\"Espace Pro\",\"description\":\"Un site utilisant Entreprise et D\\u00e9couverte Sites\",\"potentialAction\":[{\"@type\":\"SearchAction\",\"target\":{\"@type\":\"EntryPoint\",\"urlTemplate\":\"https:\/\/www.entrepriseetdecouverte.fr\/espace-pro\/?s={search_term_string}\"},\"query-input\":\"required name=search_term_string\"}],\"inLanguage\":\"fr-FR\"},{\"@type\":\"ImageObject\",\"@id\":\"https:\/\/www.entrepriseetdecouverte.fr\/espace-pro\/laccompagnement\/attractivite-des-metiers-et-filieres\/#primaryimage\",\"inLanguage\":\"fr-FR\",\"url\":\"https:\/\/www.entrepriseetdecouverte.fr\/espace-pro\/wp-content\/uploads\/sites\/2\/2023\/02\/51338918591_fdf8046717_c-1.jpg\",\"contentUrl\":\"https:\/\/www.entrepriseetdecouverte.fr\/espace-pro\/wp-content\/uploads\/sites\/2\/2023\/02\/51338918591_fdf8046717_c-1.jpg\",\"width\":800,\"height\":600},{\"@type\":\"WebPage\",\"@id\":\"https:\/\/www.entrepriseetdecouverte.fr\/espace-pro\/laccompagnement\/attractivite-des-metiers-et-filieres\/#webpage\",\"url\":\"https:\/\/www.entrepriseetdecouverte.fr\/espace-pro\/laccompagnement\/attractivite-des-metiers-et-filieres\/\",\"name\":\"Attractivit\\u00e9 des M\\u00e9tiers et Fili\\u00e8res - Espace Pro Entreprise et D\\u00e9couverte\",\"isPartOf\":{\"@id\":\"https:\/\/www.entrepriseetdecouverte.fr\/espace-pro\/#website\"},\"primaryImageOfPage\":{\"@id\":\"https:\/\/www.entrepriseetdecouverte.fr\/espace-pro\/laccompagnement\/attractivite-des-metiers-et-filieres\/#primaryimage\"},\"datePublished\":\"2023-02-07T13:38:17+00:00\",\"dateModified\":\"2026-03-11T10:25:55+00:00\",\"description\":\"La visite d'entreprise est un outil majeur pour aider les jeunes \\u00e0 s\\u2019orienter, d\\u00e9velopper la marque employeur des entreprises et renforcer l'attractivit\\u00e9\",\"breadcrumb\":{\"@id\":\"https:\/\/www.entrepriseetdecouverte.fr\/espace-pro\/laccompagnement\/attractivite-des-metiers-et-filieres\/#breadcrumb\"},\"inLanguage\":\"fr-FR\",\"potentialAction\":[{\"@type\":\"ReadAction\",\"target\":[\"https:\/\/www.entrepriseetdecouverte.fr\/espace-pro\/laccompagnement\/attractivite-des-metiers-et-filieres\/\"]}]},{\"@type\":\"BreadcrumbList\",\"@id\":\"https:\/\/www.entrepriseetdecouverte.fr\/espace-pro\/laccompagnement\/attractivite-des-metiers-et-filieres\/#breadcrumb\",\"itemListElement\":[{\"@type\":\"ListItem\",\"position\":1,\"name\":\"Accueil\",\"item\":\"https:\/\/www.entrepriseetdecouverte.fr\/espace-pro\/\"},{\"@type\":\"ListItem\",\"position\":2,\"name\":\"L&rsquo;accompagnement\",\"item\":\"https:\/\/www.entrepriseetdecouverte.fr\/espace-pro\/laccompagnement\/\"},{\"@type\":\"ListItem\",\"position\":3,\"name\":\"Attractivit\\u00e9 des M\\u00e9tiers et Fili\\u00e8res\"}]}]}<\/script>\n<!-- \/ Yoast SEO plugin. -->","yoast_head_json":{"description":"La visite d'entreprise est un outil majeur pour aider les jeunes \u00e0 s\u2019orienter, d\u00e9velopper la marque employeur des entreprises et renforcer l'attractivit\u00e9","robots":{"index":"index","follow":"follow","max-snippet":"max-snippet:-1","max-image-preview":"max-image-preview:large","max-video-preview":"max-video-preview:-1"},"canonical":"https:\/\/www.entrepriseetdecouverte.fr\/espace-pro\/laccompagnement\/attractivite-des-metiers-et-filieres\/","og_locale":"fr_FR","og_type":"article","og_title":"Attractivit\u00e9 des M\u00e9tiers et Fili\u00e8res - Espace Pro Entreprise et D\u00e9couverte","og_description":"La visite d'entreprise est un outil majeur pour aider les jeunes \u00e0 s\u2019orienter, d\u00e9velopper la marque employeur des entreprises et renforcer l'attractivit\u00e9","og_url":"https:\/\/www.entrepriseetdecouverte.fr\/espace-pro\/laccompagnement\/attractivite-des-metiers-et-filieres\/","og_site_name":"Espace Pro","article_modified_time":"2026-03-11T10:25:55+00:00","og_image":[{"width":800,"height":600,"url":"https:\/\/www.entrepriseetdecouverte.fr\/espace-pro\/wp-content\/uploads\/sites\/2\/2023\/02\/51338918591_fdf8046717_c-1.jpg","type":"image\/jpeg"}],"twitter_card":"summary_large_image","twitter_misc":{"Dur\u00e9e de lecture estim\u00e9e":"3 minutes"},"schema":{"@context":"https:\/\/schema.org","@graph":[{"@type":"WebSite","@id":"https:\/\/www.entrepriseetdecouverte.fr\/espace-pro\/#website","url":"https:\/\/www.entrepriseetdecouverte.fr\/espace-pro\/","name":"Espace Pro","description":"Un site utilisant Entreprise et D\u00e9couverte Sites","potentialAction":[{"@type":"SearchAction","target":{"@type":"EntryPoint","urlTemplate":"https:\/\/www.entrepriseetdecouverte.fr\/espace-pro\/?s={search_term_string}"},"query-input":"required name=search_term_string"}],"inLanguage":"fr-FR"},{"@type":"ImageObject","@id":"https:\/\/www.entrepriseetdecouverte.fr\/espace-pro\/laccompagnement\/attractivite-des-metiers-et-filieres\/#primaryimage","inLanguage":"fr-FR","url":"https:\/\/www.entrepriseetdecouverte.fr\/espace-pro\/wp-content\/uploads\/sites\/2\/2023\/02\/51338918591_fdf8046717_c-1.jpg","contentUrl":"https:\/\/www.entrepriseetdecouverte.fr\/espace-pro\/wp-content\/uploads\/sites\/2\/2023\/02\/51338918591_fdf8046717_c-1.jpg","width":800,"height":600},{"@type":"WebPage","@id":"https:\/\/www.entrepriseetdecouverte.fr\/espace-pro\/laccompagnement\/attractivite-des-metiers-et-filieres\/#webpage","url":"https:\/\/www.entrepriseetdecouverte.fr\/espace-pro\/laccompagnement\/attractivite-des-metiers-et-filieres\/","name":"Attractivit\u00e9 des M\u00e9tiers et Fili\u00e8res - Espace Pro Entreprise et D\u00e9couverte","isPartOf":{"@id":"https:\/\/www.entrepriseetdecouverte.fr\/espace-pro\/#website"},"primaryImageOfPage":{"@id":"https:\/\/www.entrepriseetdecouverte.fr\/espace-pro\/laccompagnement\/attractivite-des-metiers-et-filieres\/#primaryimage"},"datePublished":"2023-02-07T13:38:17+00:00","dateModified":"2026-03-11T10:25:55+00:00","description":"La visite d'entreprise est un outil majeur pour aider les jeunes \u00e0 s\u2019orienter, d\u00e9velopper la marque employeur des entreprises et renforcer l'attractivit\u00e9","breadcrumb":{"@id":"https:\/\/www.entrepriseetdecouverte.fr\/espace-pro\/laccompagnement\/attractivite-des-metiers-et-filieres\/#breadcrumb"},"inLanguage":"fr-FR","potentialAction":[{"@type":"ReadAction","target":["https:\/\/www.entrepriseetdecouverte.fr\/espace-pro\/laccompagnement\/attractivite-des-metiers-et-filieres\/"]}]},{"@type":"BreadcrumbList","@id":"https:\/\/www.entrepriseetdecouverte.fr\/espace-pro\/laccompagnement\/attractivite-des-metiers-et-filieres\/#breadcrumb","itemListElement":[{"@type":"ListItem","position":1,"name":"Accueil","item":"https:\/\/www.entrepriseetdecouverte.fr\/espace-pro\/"},{"@type":"ListItem","position":2,"name":"L&rsquo;accompagnement","item":"https:\/\/www.entrepriseetdecouverte.fr\/espace-pro\/laccompagnement\/"},{"@type":"ListItem","position":3,"name":"Attractivit\u00e9 des M\u00e9tiers et Fili\u00e8res"}]}]}},"_links":{"self":[{"href":"https:\/\/www.entrepriseetdecouverte.fr\/espace-pro\/wp-json\/wp\/v2\/pages\/63542"}],"collection":[{"href":"https:\/\/www.entrepriseetdecouverte.fr\/espace-pro\/wp-json\/wp\/v2\/pages"}],"about":[{"href":"https:\/\/www.entrepriseetdecouverte.fr\/espace-pro\/wp-json\/wp\/v2\/types\/page"}],"author":[{"embeddable":true,"href":"https:\/\/www.entrepriseetdecouverte.fr\/espace-pro\/wp-json\/wp\/v2\/users\/1160"}],"replies":[{"embeddable":true,"href":"https:\/\/www.entrepriseetdecouverte.fr\/espace-pro\/wp-json\/wp\/v2\/comments?post=63542"}],"version-history":[{"count":18,"href":"https:\/\/www.entrepriseetdecouverte.fr\/espace-pro\/wp-json\/wp\/v2\/pages\/63542\/revisions"}],"predecessor-version":[{"id":73962,"href":"https:\/\/www.entrepriseetdecouverte.fr\/espace-pro\/wp-json\/wp\/v2\/pages\/63542\/revisions\/73962"}],"up":[{"embeddable":true,"href":"https:\/\/www.entrepriseetdecouverte.fr\/espace-pro\/wp-json\/wp\/v2\/pages\/9"}],"wp:featuredmedia":[{"embeddable":true,"href":"https:\/\/www.entrepriseetdecouverte.fr\/espace-pro\/wp-json\/wp\/v2\/media\/63543"}],"wp:attachment":[{"href":"https:\/\/www.entrepriseetdecouverte.fr\/espace-pro\/wp-json\/wp\/v2\/media?parent=63542"}],"curies":[{"name":"wp","href":"https:\/\/api.w.org\/{rel}","templated":true}]}}