{"id":62538,"date":"2021-09-08T15:46:56","date_gmt":"2021-09-08T13:46:56","guid":{"rendered":"https:\/\/www.entrepriseetdecouverte.fr\/espace-pro\/?page_id=62538"},"modified":"2023-04-05T12:03:50","modified_gmt":"2023-04-05T10:03:50","slug":"lappel-a-projet","status":"publish","type":"page","link":"https:\/\/www.entrepriseetdecouverte.fr\/espace-pro\/lassociation\/lappel-a-projet\/","title":{"rendered":"L&rsquo;appel \u00e0 projet \u00ab\u00a0Tourisme de savoir-faire\u00a0\u00bb (2021-2023)"},"content":{"rendered":"\n<p>Afin de positionner la France comme le leader du Tourisme de savoir-faire, la Direction G\u00e9n\u00e9rale des Entreprises a lanc\u00e9 un appel \u00e0 projet national remport\u00e9 par Entreprise et D\u00e9couverte.<\/p>\n\n\n\n<p><strong>D\u00e9velopper, structurer et promouvoir la fili\u00e8re du Tourisme de savoir-faire (visite d&rsquo;entreprise) pour l\u2019inscrire dans les territoires et en faire une offre de r\u00e9f\u00e9rence de loisir culturel. <\/strong>Ce sont les objectifs ambitieux auxquels r\u00e9pond Entreprise et D\u00e9couverte en menant ce grand appel \u00e0 projet. En identifiant les entreprises p\u00e9pites, en d\u00e9veloppant les visites existantes et en cr\u00e9ant des synergies entre les diff\u00e9rents acteurs, nous avons pour ambition d&rsquo;ancrer la fili\u00e8re au c\u0153ur de chaque r\u00e9gion.<\/p>\n\n\n\n<p class=\"is-style-blockquote has-small-font-size\"> <strong>Le \u00ab tourisme de savoir-faire \u00bb c\u2019est l\u2019autre nom de la visite d\u2019entreprise.<\/strong><br><br>Un tourisme de sens et de valeurs qui r\u00e9pond \u00e0 tous les enjeux contemporains des entreprises et des territoires : engager une communication directe avec les publics, gagner la confiance des consommateurs, valoriser le made in France et la production locale, valoriser les hommes et les femmes au travail ainsi que les m\u00e9tiers porteurs, d\u00e9velopper une nouvelle offre de tourisme culturel partout sur le territoire.&nbsp;<strong>Le tourisme de savoir-faire est une exception culturelle fran\u00e7aise.<\/strong>&nbsp;2000 entreprises accueillent plus de 15 millions de visiteurs chaque ann\u00e9e. On ne trouve nulle part ailleurs une offre aussi importante repr\u00e9sentant l\u2019ensemble des secteurs d\u2019activit\u00e9 \u2013 de l\u2019atelier artisanal \u00e0 la grande usine industrielle \u2013 r\u00e9partie sur toutes les r\u00e9gions. <\/p>\n\n\n\n<p>Une quarantaine de <strong>partenaires nous accompagnent dans ce projet ambitieux et collaboratif au c\u0153ur des territoires.<\/strong> Chacun contribue au projet en comp\u00e9tence et en financement. Ce groupement est amen\u00e9 \u00e0 \u00e9voluer sur les trois ann\u00e9es pour int\u00e9grer de nouveaux partenaires. Pour en savoir plus, t\u00e9l\u00e9chargez la plaquette de pr\u00e9sentation ci-dessous. <\/p>\n\n\n\n<div class=\"wp-block-image\"><figure class=\"aligncenter size-large\"><a href=\"https:\/\/www.entrepriseetdecouverte.fr\/espace-pro\/wp-content\/uploads\/sites\/2\/2022\/04\/plaquette-aap-2022.pdf\" target=\"_blank\" rel=\"noreferrer noopener\"><img loading=\"lazy\" width=\"643\" height=\"948\" data-src=\"https:\/\/www.entrepriseetdecouverte.fr\/espace-pro\/wp-content\/uploads\/sites\/2\/2021\/09\/aap-tsf.jpg\" alt=\"\" class=\"wp-image-62568\" data-srcset=\"https:\/\/www.entrepriseetdecouverte.fr\/espace-pro\/wp-content\/uploads\/sites\/2\/2021\/09\/aap-tsf.jpg 643w, https:\/\/www.entrepriseetdecouverte.fr\/espace-pro\/wp-content\/uploads\/sites\/2\/2021\/09\/aap-tsf-407x600.jpg 407w, https:\/\/www.entrepriseetdecouverte.fr\/espace-pro\/wp-content\/uploads\/sites\/2\/2021\/09\/aap-tsf-610x900.jpg 610w, https:\/\/www.entrepriseetdecouverte.fr\/espace-pro\/wp-content\/uploads\/sites\/2\/2021\/09\/aap-tsf-200x295.jpg 200w, https:\/\/www.entrepriseetdecouverte.fr\/espace-pro\/wp-content\/uploads\/sites\/2\/2021\/09\/aap-tsf-41x60.jpg 41w\" sizes=\"(max-width: 643px) 100vw, 643px\" \/><\/a><\/figure><\/div>\n","protected":false},"excerpt":{"rendered":"<p>Afin de positionner la France comme le leader du Tourisme de savoir-faire, la Direction G\u00e9n\u00e9rale des Entreprises a lanc\u00e9 un appel \u00e0 projet national remport\u00e9 par Entreprise et D\u00e9couverte. D\u00e9velopper, structurer et promouvoir la fili\u00e8re du Tourisme de savoir-faire (visite d&rsquo;entreprise) pour l\u2019inscrire dans les territoires et en faire une offre de r\u00e9f\u00e9rence de loisir [&hellip;]<\/p>\n","protected":false},"author":122,"featured_media":63885,"parent":7,"menu_order":20,"comment_status":"closed","ping_status":"closed","template":"","meta":{"_relevanssi_hide_post":"","_relevanssi_pin_for_all":"","_relevanssi_pin_keywords":"","_relevanssi_unpin_keywords":"","_relevanssi_related_keywords":"","_relevanssi_related_include_ids":"","_relevanssi_related_exclude_ids":"","_relevanssi_related_no_append":"","_relevanssi_related_not_related":"","_relevanssi_related_posts":"62002,62363,62348,61583,60841,61967","_relevanssi_noindex_reason":""},"yoast_head":"<!-- This site is optimized with the Yoast SEO plugin v17.4 - https:\/\/yoast.com\/wordpress\/plugins\/seo\/ -->\n<meta name=\"description\" content=\"Afin de positionner la France comme le leader du Tourisme de savoir-faire, la Direction G\u00e9n\u00e9rale des Entreprises a lanc\u00e9 un appel \u00e0 projet national\" \/>\n<meta name=\"robots\" content=\"index, follow, max-snippet:-1, max-image-preview:large, max-video-preview:-1\" \/>\n<link rel=\"canonical\" href=\"https:\/\/www.entrepriseetdecouverte.fr\/espace-pro\/lassociation\/lappel-a-projet\/\" \/>\n<meta property=\"og:locale\" content=\"fr_FR\" \/>\n<meta property=\"og:type\" content=\"article\" \/>\n<meta property=\"og:title\" content=\"Appel \u00e0 projet &quot;Tourisme de savoir-faire&quot; - Entreprise et D\u00e9couverte\" \/>\n<meta property=\"og:description\" content=\"Afin de positionner la France comme le leader du Tourisme de savoir-faire, la Direction G\u00e9n\u00e9rale des Entreprises a lanc\u00e9 un appel \u00e0 projet national\" \/>\n<meta property=\"og:url\" content=\"https:\/\/www.entrepriseetdecouverte.fr\/espace-pro\/lassociation\/lappel-a-projet\/\" \/>\n<meta property=\"og:site_name\" content=\"Espace Pro\" \/>\n<meta property=\"article:modified_time\" content=\"2023-04-05T10:03:50+00:00\" \/>\n<meta property=\"og:image\" content=\"https:\/\/www.entrepriseetdecouverte.fr\/espace-pro\/wp-content\/uploads\/sites\/2\/2023\/04\/1247695-activites-et-metiers-a-la-centrale-nucleaire-du-bugey-ain-01-799x1200.png\" \/>\n\t<meta property=\"og:image:width\" content=\"799\" \/>\n\t<meta property=\"og:image:height\" content=\"1200\" \/>\n<meta name=\"twitter:card\" content=\"summary_large_image\" \/>\n<meta name=\"twitter:label1\" content=\"Dur\u00e9e de lecture estim\u00e9e\" \/>\n\t<meta name=\"twitter:data1\" content=\"2 minutes\" \/>\n<script type=\"application\/ld+json\" class=\"yoast-schema-graph\">{\"@context\":\"https:\/\/schema.org\",\"@graph\":[{\"@type\":\"WebSite\",\"@id\":\"https:\/\/www.entrepriseetdecouverte.fr\/espace-pro\/#website\",\"url\":\"https:\/\/www.entrepriseetdecouverte.fr\/espace-pro\/\",\"name\":\"Espace Pro\",\"description\":\"Un site utilisant Entreprise et D\\u00e9couverte Sites\",\"potentialAction\":[{\"@type\":\"SearchAction\",\"target\":{\"@type\":\"EntryPoint\",\"urlTemplate\":\"https:\/\/www.entrepriseetdecouverte.fr\/espace-pro\/?s={search_term_string}\"},\"query-input\":\"required name=search_term_string\"}],\"inLanguage\":\"fr-FR\"},{\"@type\":\"ImageObject\",\"@id\":\"https:\/\/www.entrepriseetdecouverte.fr\/espace-pro\/lassociation\/lappel-a-projet\/#primaryimage\",\"inLanguage\":\"fr-FR\",\"url\":\"https:\/\/www.entrepriseetdecouverte.fr\/espace-pro\/wp-content\/uploads\/sites\/2\/2023\/04\/1247695-activites-et-metiers-a-la-centrale-nucleaire-du-bugey-ain-01.png\",\"contentUrl\":\"https:\/\/www.entrepriseetdecouverte.fr\/espace-pro\/wp-content\/uploads\/sites\/2\/2023\/04\/1247695-activites-et-metiers-a-la-centrale-nucleaire-du-bugey-ain-01.png\",\"width\":1278,\"height\":1920},{\"@type\":\"WebPage\",\"@id\":\"https:\/\/www.entrepriseetdecouverte.fr\/espace-pro\/lassociation\/lappel-a-projet\/#webpage\",\"url\":\"https:\/\/www.entrepriseetdecouverte.fr\/espace-pro\/lassociation\/lappel-a-projet\/\",\"name\":\"Appel \\u00e0 projet \\\"Tourisme de savoir-faire\\\" - Entreprise et D\\u00e9couverte\",\"isPartOf\":{\"@id\":\"https:\/\/www.entrepriseetdecouverte.fr\/espace-pro\/#website\"},\"primaryImageOfPage\":{\"@id\":\"https:\/\/www.entrepriseetdecouverte.fr\/espace-pro\/lassociation\/lappel-a-projet\/#primaryimage\"},\"datePublished\":\"2021-09-08T13:46:56+00:00\",\"dateModified\":\"2023-04-05T10:03:50+00:00\",\"description\":\"Afin de positionner la France comme le leader du Tourisme de savoir-faire, la Direction G\\u00e9n\\u00e9rale des Entreprises a lanc\\u00e9 un appel \\u00e0 projet national\",\"breadcrumb\":{\"@id\":\"https:\/\/www.entrepriseetdecouverte.fr\/espace-pro\/lassociation\/lappel-a-projet\/#breadcrumb\"},\"inLanguage\":\"fr-FR\",\"potentialAction\":[{\"@type\":\"ReadAction\",\"target\":[\"https:\/\/www.entrepriseetdecouverte.fr\/espace-pro\/lassociation\/lappel-a-projet\/\"]}]},{\"@type\":\"BreadcrumbList\",\"@id\":\"https:\/\/www.entrepriseetdecouverte.fr\/espace-pro\/lassociation\/lappel-a-projet\/#breadcrumb\",\"itemListElement\":[{\"@type\":\"ListItem\",\"position\":1,\"name\":\"Accueil\",\"item\":\"https:\/\/www.entrepriseetdecouverte.fr\/espace-pro\/\"},{\"@type\":\"ListItem\",\"position\":2,\"name\":\"L&rsquo;association\",\"item\":\"https:\/\/www.entrepriseetdecouverte.fr\/espace-pro\/lassociation\/\"},{\"@type\":\"ListItem\",\"position\":3,\"name\":\"L&rsquo;appel \\u00e0 projet \\u00ab\\u00a0Tourisme de savoir-faire\\u00a0\\u00bb (2021-2023)\"}]}]}<\/script>\n<!-- \/ Yoast SEO plugin. -->","yoast_head_json":{"description":"Afin de positionner la France comme le leader du Tourisme de savoir-faire, la Direction G\u00e9n\u00e9rale des Entreprises a lanc\u00e9 un appel \u00e0 projet national","robots":{"index":"index","follow":"follow","max-snippet":"max-snippet:-1","max-image-preview":"max-image-preview:large","max-video-preview":"max-video-preview:-1"},"canonical":"https:\/\/www.entrepriseetdecouverte.fr\/espace-pro\/lassociation\/lappel-a-projet\/","og_locale":"fr_FR","og_type":"article","og_title":"Appel \u00e0 projet \"Tourisme de savoir-faire\" - Entreprise et D\u00e9couverte","og_description":"Afin de positionner la France comme le leader du Tourisme de savoir-faire, la Direction G\u00e9n\u00e9rale des Entreprises a lanc\u00e9 un appel \u00e0 projet national","og_url":"https:\/\/www.entrepriseetdecouverte.fr\/espace-pro\/lassociation\/lappel-a-projet\/","og_site_name":"Espace Pro","article_modified_time":"2023-04-05T10:03:50+00:00","og_image":[{"width":799,"height":1200,"url":"https:\/\/www.entrepriseetdecouverte.fr\/espace-pro\/wp-content\/uploads\/sites\/2\/2023\/04\/1247695-activites-et-metiers-a-la-centrale-nucleaire-du-bugey-ain-01-799x1200.png","type":"image\/png"}],"twitter_card":"summary_large_image","twitter_misc":{"Dur\u00e9e de lecture estim\u00e9e":"2 minutes"},"schema":{"@context":"https:\/\/schema.org","@graph":[{"@type":"WebSite","@id":"https:\/\/www.entrepriseetdecouverte.fr\/espace-pro\/#website","url":"https:\/\/www.entrepriseetdecouverte.fr\/espace-pro\/","name":"Espace Pro","description":"Un site utilisant Entreprise et D\u00e9couverte Sites","potentialAction":[{"@type":"SearchAction","target":{"@type":"EntryPoint","urlTemplate":"https:\/\/www.entrepriseetdecouverte.fr\/espace-pro\/?s={search_term_string}"},"query-input":"required name=search_term_string"}],"inLanguage":"fr-FR"},{"@type":"ImageObject","@id":"https:\/\/www.entrepriseetdecouverte.fr\/espace-pro\/lassociation\/lappel-a-projet\/#primaryimage","inLanguage":"fr-FR","url":"https:\/\/www.entrepriseetdecouverte.fr\/espace-pro\/wp-content\/uploads\/sites\/2\/2023\/04\/1247695-activites-et-metiers-a-la-centrale-nucleaire-du-bugey-ain-01.png","contentUrl":"https:\/\/www.entrepriseetdecouverte.fr\/espace-pro\/wp-content\/uploads\/sites\/2\/2023\/04\/1247695-activites-et-metiers-a-la-centrale-nucleaire-du-bugey-ain-01.png","width":1278,"height":1920},{"@type":"WebPage","@id":"https:\/\/www.entrepriseetdecouverte.fr\/espace-pro\/lassociation\/lappel-a-projet\/#webpage","url":"https:\/\/www.entrepriseetdecouverte.fr\/espace-pro\/lassociation\/lappel-a-projet\/","name":"Appel \u00e0 projet \"Tourisme de savoir-faire\" - Entreprise et D\u00e9couverte","isPartOf":{"@id":"https:\/\/www.entrepriseetdecouverte.fr\/espace-pro\/#website"},"primaryImageOfPage":{"@id":"https:\/\/www.entrepriseetdecouverte.fr\/espace-pro\/lassociation\/lappel-a-projet\/#primaryimage"},"datePublished":"2021-09-08T13:46:56+00:00","dateModified":"2023-04-05T10:03:50+00:00","description":"Afin de positionner la France comme le leader du Tourisme de savoir-faire, la Direction G\u00e9n\u00e9rale des Entreprises a lanc\u00e9 un appel \u00e0 projet national","breadcrumb":{"@id":"https:\/\/www.entrepriseetdecouverte.fr\/espace-pro\/lassociation\/lappel-a-projet\/#breadcrumb"},"inLanguage":"fr-FR","potentialAction":[{"@type":"ReadAction","target":["https:\/\/www.entrepriseetdecouverte.fr\/espace-pro\/lassociation\/lappel-a-projet\/"]}]},{"@type":"BreadcrumbList","@id":"https:\/\/www.entrepriseetdecouverte.fr\/espace-pro\/lassociation\/lappel-a-projet\/#breadcrumb","itemListElement":[{"@type":"ListItem","position":1,"name":"Accueil","item":"https:\/\/www.entrepriseetdecouverte.fr\/espace-pro\/"},{"@type":"ListItem","position":2,"name":"L&rsquo;association","item":"https:\/\/www.entrepriseetdecouverte.fr\/espace-pro\/lassociation\/"},{"@type":"ListItem","position":3,"name":"L&rsquo;appel \u00e0 projet \u00ab\u00a0Tourisme de savoir-faire\u00a0\u00bb (2021-2023)"}]}]}},"_links":{"self":[{"href":"https:\/\/www.entrepriseetdecouverte.fr\/espace-pro\/wp-json\/wp\/v2\/pages\/62538"}],"collection":[{"href":"https:\/\/www.entrepriseetdecouverte.fr\/espace-pro\/wp-json\/wp\/v2\/pages"}],"about":[{"href":"https:\/\/www.entrepriseetdecouverte.fr\/espace-pro\/wp-json\/wp\/v2\/types\/page"}],"author":[{"embeddable":true,"href":"https:\/\/www.entrepriseetdecouverte.fr\/espace-pro\/wp-json\/wp\/v2\/users\/122"}],"replies":[{"embeddable":true,"href":"https:\/\/www.entrepriseetdecouverte.fr\/espace-pro\/wp-json\/wp\/v2\/comments?post=62538"}],"version-history":[{"count":23,"href":"https:\/\/www.entrepriseetdecouverte.fr\/espace-pro\/wp-json\/wp\/v2\/pages\/62538\/revisions"}],"predecessor-version":[{"id":63915,"href":"https:\/\/www.entrepriseetdecouverte.fr\/espace-pro\/wp-json\/wp\/v2\/pages\/62538\/revisions\/63915"}],"up":[{"embeddable":true,"href":"https:\/\/www.entrepriseetdecouverte.fr\/espace-pro\/wp-json\/wp\/v2\/pages\/7"}],"wp:featuredmedia":[{"embeddable":true,"href":"https:\/\/www.entrepriseetdecouverte.fr\/espace-pro\/wp-json\/wp\/v2\/media\/63885"}],"wp:attachment":[{"href":"https:\/\/www.entrepriseetdecouverte.fr\/espace-pro\/wp-json\/wp\/v2\/media?parent=62538"}],"curies":[{"name":"wp","href":"https:\/\/api.w.org\/{rel}","templated":true}]}}