{"id":61835,"date":"2020-12-03T15:59:01","date_gmt":"2020-12-03T14:59:01","guid":{"rendered":"https:\/\/www.entrepriseetdecouverte.fr\/espace-pro\/?page_id=61835"},"modified":"2024-01-26T09:10:05","modified_gmt":"2024-01-26T08:10:05","slug":"nos-bilans","status":"publish","type":"page","link":"https:\/\/www.entrepriseetdecouverte.fr\/espace-pro\/lassociation\/nos-bilans\/","title":{"rendered":"Nos bilans"},"content":{"rendered":"\n<p class=\"is-style-intro\">Retrouvez ci-dessous les rapports d&rsquo;activit\u00e9 annuels de l&rsquo;association concernant nos missions phares : la communication, la f\u00e9d\u00e9ration et l&rsquo;accompagnement.<\/p>\n\n\n\n<h2>Bilan 2023<\/h2>\n\n\n\n<div class=\"wp-block-image is-style-default\"><figure class=\"aligncenter size-medium\"><a href=\"https:\/\/www.entrepriseetdecouverte.fr\/espace-pro\/wp-content\/uploads\/sites\/2\/2024\/01\/entreprise-et-decouverte_bilan-dactivite-2023_compressed.pdf\" target=\"_blank\" rel=\"noopener\"><img loading=\"lazy\" width=\"424\" height=\"600\" data-src=\"https:\/\/www.entrepriseetdecouverte.fr\/espace-pro\/wp-content\/uploads\/sites\/2\/2024\/01\/couverture-bilan-ed-2023-424x600.jpg\" alt=\"\" class=\"wp-image-68540\" data-srcset=\"https:\/\/www.entrepriseetdecouverte.fr\/espace-pro\/wp-content\/uploads\/sites\/2\/2024\/01\/couverture-bilan-ed-2023-424x600.jpg 424w, https:\/\/www.entrepriseetdecouverte.fr\/espace-pro\/wp-content\/uploads\/sites\/2\/2024\/01\/couverture-bilan-ed-2023-849x1200.jpg 849w, https:\/\/www.entrepriseetdecouverte.fr\/espace-pro\/wp-content\/uploads\/sites\/2\/2024\/01\/couverture-bilan-ed-2023-636x900.jpg 636w, https:\/\/www.entrepriseetdecouverte.fr\/espace-pro\/wp-content\/uploads\/sites\/2\/2024\/01\/couverture-bilan-ed-2023-200x283.jpg 200w, https:\/\/www.entrepriseetdecouverte.fr\/espace-pro\/wp-content\/uploads\/sites\/2\/2024\/01\/couverture-bilan-ed-2023-42x60.jpg 42w, https:\/\/www.entrepriseetdecouverte.fr\/espace-pro\/wp-content\/uploads\/sites\/2\/2024\/01\/couverture-bilan-ed-2023.jpg 1000w\" sizes=\"(max-width: 424px) 100vw, 424px\" \/><\/a><\/figure><\/div>\n\n\n\n<div class=\"wp-block-columns\">\n<div class=\"wp-block-column\">\n<h2>Bilan 2021<\/h2>\n\n\n\n<div class=\"wp-block-image\"><figure class=\"aligncenter size-full is-resized\"><a href=\"https:\/\/www.entrepriseetdecouverte.fr\/wp-content\/uploads\/2021\/12\/bilan_association2021.pdf\" target=\"_blank\" rel=\"noreferrer noopener\"><img loading=\"lazy\" data-src=\"https:\/\/www.entrepriseetdecouverte.fr\/espace-pro\/wp-content\/uploads\/sites\/2\/2021\/12\/capture-decran-2021-12-16-161828.png\" alt=\"\" class=\"wp-image-62787\" width=\"341\" height=\"468\" data-srcset=\"https:\/\/www.entrepriseetdecouverte.fr\/espace-pro\/wp-content\/uploads\/sites\/2\/2021\/12\/capture-decran-2021-12-16-161828.png 681w, https:\/\/www.entrepriseetdecouverte.fr\/espace-pro\/wp-content\/uploads\/sites\/2\/2021\/12\/capture-decran-2021-12-16-161828-437x600.png 437w, https:\/\/www.entrepriseetdecouverte.fr\/espace-pro\/wp-content\/uploads\/sites\/2\/2021\/12\/capture-decran-2021-12-16-161828-656x900.png 656w, https:\/\/www.entrepriseetdecouverte.fr\/espace-pro\/wp-content\/uploads\/sites\/2\/2021\/12\/capture-decran-2021-12-16-161828-200x275.png 200w, https:\/\/www.entrepriseetdecouverte.fr\/espace-pro\/wp-content\/uploads\/sites\/2\/2021\/12\/capture-decran-2021-12-16-161828-44x60.png 44w\" sizes=\"(max-width: 341px) 100vw, 341px\" \/><\/a><\/figure><\/div>\n\n\n\n<h2>Bilan 2020<\/h2>\n\n\n\n<div class=\"wp-block-image\"><figure class=\"aligncenter size-large is-resized\"><a href=\"https:\/\/www.entrepriseetdecouverte.fr\/espace-pro\/wp-content\/uploads\/sites\/2\/2020\/12\/bilan-association-2020.2.pdf\" target=\"_blank\" rel=\"noreferrer noopener\"><img loading=\"lazy\" data-src=\"https:\/\/www.entrepriseetdecouverte.fr\/espace-pro\/wp-content\/uploads\/sites\/2\/2020\/12\/pages-de-bilan-association-2020.pdf.jpg\" alt=\"\" class=\"wp-image-61863\" width=\"387\" height=\"500\" data-srcset=\"https:\/\/www.entrepriseetdecouverte.fr\/espace-pro\/wp-content\/uploads\/sites\/2\/2020\/12\/pages-de-bilan-association-2020.pdf.jpg 773w, https:\/\/www.entrepriseetdecouverte.fr\/espace-pro\/wp-content\/uploads\/sites\/2\/2020\/12\/pages-de-bilan-association-2020.pdf-464x600.jpg 464w, https:\/\/www.entrepriseetdecouverte.fr\/espace-pro\/wp-content\/uploads\/sites\/2\/2020\/12\/pages-de-bilan-association-2020.pdf-696x900.jpg 696w, https:\/\/www.entrepriseetdecouverte.fr\/espace-pro\/wp-content\/uploads\/sites\/2\/2020\/12\/pages-de-bilan-association-2020.pdf-200x259.jpg 200w, https:\/\/www.entrepriseetdecouverte.fr\/espace-pro\/wp-content\/uploads\/sites\/2\/2020\/12\/pages-de-bilan-association-2020.pdf-46x60.jpg 46w\" sizes=\"(max-width: 387px) 100vw, 387px\" \/><\/a><\/figure><\/div>\n\n\n\n<h2>Bilan 2019<\/h2>\n\n\n\n<div class=\"wp-block-image\"><figure class=\"aligncenter size-large is-resized\"><a href=\"https:\/\/www.entrepriseetdecouverte.fr\/espace-pro\/wp-content\/uploads\/sites\/2\/2020\/12\/bilan_association2019.pdf\" target=\"_blank\" rel=\"noreferrer noopener\"><img loading=\"lazy\" data-src=\"https:\/\/www.entrepriseetdecouverte.fr\/espace-pro\/wp-content\/uploads\/sites\/2\/2020\/12\/pages-de-bilan_association2019-2.pdf.jpg\" alt=\"\" class=\"wp-image-61864\" width=\"354\" height=\"500\" data-srcset=\"https:\/\/www.entrepriseetdecouverte.fr\/espace-pro\/wp-content\/uploads\/sites\/2\/2020\/12\/pages-de-bilan_association2019-2.pdf.jpg 707w, https:\/\/www.entrepriseetdecouverte.fr\/espace-pro\/wp-content\/uploads\/sites\/2\/2020\/12\/pages-de-bilan_association2019-2.pdf-424x600.jpg 424w, https:\/\/www.entrepriseetdecouverte.fr\/espace-pro\/wp-content\/uploads\/sites\/2\/2020\/12\/pages-de-bilan_association2019-2.pdf-636x900.jpg 636w, https:\/\/www.entrepriseetdecouverte.fr\/espace-pro\/wp-content\/uploads\/sites\/2\/2020\/12\/pages-de-bilan_association2019-2.pdf-200x283.jpg 200w, https:\/\/www.entrepriseetdecouverte.fr\/espace-pro\/wp-content\/uploads\/sites\/2\/2020\/12\/pages-de-bilan_association2019-2.pdf-42x60.jpg 42w\" sizes=\"(max-width: 354px) 100vw, 354px\" \/><\/a><\/figure><\/div>\n<\/div>\n<\/div>\n","protected":false},"excerpt":{"rendered":"<p>Retrouvez ici les bilans d&rsquo;activit\u00e9 de l&rsquo;association Entreprise et D\u00e9couverte <\/p>\n","protected":false},"author":122,"featured_media":61862,"parent":7,"menu_order":40,"comment_status":"closed","ping_status":"closed","template":"","meta":{"_relevanssi_hide_post":"","_relevanssi_pin_for_all":"","_relevanssi_pin_keywords":"","_relevanssi_unpin_keywords":"","_relevanssi_related_keywords":"","_relevanssi_related_include_ids":"","_relevanssi_related_exclude_ids":"","_relevanssi_related_no_append":"","_relevanssi_related_not_related":"","_relevanssi_related_posts":"60354,62659,62363,61965,61450,62474","_relevanssi_noindex_reason":""},"yoast_head":"<!-- This site is optimized with the Yoast SEO plugin v17.4 - https:\/\/yoast.com\/wordpress\/plugins\/seo\/ -->\n<meta name=\"description\" content=\"Retrouvez ici les bilans d&#039;activit\u00e9 de l&#039;association Entreprise et D\u00e9couverte\" \/>\n<meta name=\"robots\" content=\"index, follow, max-snippet:-1, max-image-preview:large, max-video-preview:-1\" \/>\n<link rel=\"canonical\" href=\"https:\/\/www.entrepriseetdecouverte.fr\/espace-pro\/lassociation\/nos-bilans\/\" \/>\n<meta property=\"og:locale\" content=\"fr_FR\" \/>\n<meta property=\"og:type\" content=\"article\" \/>\n<meta property=\"og:title\" content=\"Nos bilans - Espace Pro\" \/>\n<meta property=\"og:description\" content=\"Retrouvez ici les bilans d&#039;activit\u00e9 de l&#039;association Entreprise et D\u00e9couverte\" \/>\n<meta property=\"og:url\" content=\"https:\/\/www.entrepriseetdecouverte.fr\/espace-pro\/lassociation\/nos-bilans\/\" \/>\n<meta property=\"og:site_name\" content=\"Espace Pro\" \/>\n<meta property=\"article:modified_time\" content=\"2024-01-26T08:10:05+00:00\" \/>\n<meta property=\"og:image\" content=\"https:\/\/www.entrepriseetdecouverte.fr\/espace-pro\/wp-content\/uploads\/sites\/2\/2020\/12\/pexels-anete-lusina-4792288.jpg\" \/>\n\t<meta property=\"og:image:width\" content=\"2048\" \/>\n\t<meta property=\"og:image:height\" content=\"1367\" \/>\n<meta name=\"twitter:card\" content=\"summary_large_image\" \/>\n<meta name=\"twitter:label1\" content=\"Dur\u00e9e de lecture estim\u00e9e\" \/>\n\t<meta name=\"twitter:data1\" content=\"1 minute\" \/>\n<script type=\"application\/ld+json\" class=\"yoast-schema-graph\">{\"@context\":\"https:\/\/schema.org\",\"@graph\":[{\"@type\":\"WebSite\",\"@id\":\"https:\/\/www.entrepriseetdecouverte.fr\/espace-pro\/#website\",\"url\":\"https:\/\/www.entrepriseetdecouverte.fr\/espace-pro\/\",\"name\":\"Espace Pro\",\"description\":\"Un site utilisant Entreprise et D\\u00e9couverte Sites\",\"potentialAction\":[{\"@type\":\"SearchAction\",\"target\":{\"@type\":\"EntryPoint\",\"urlTemplate\":\"https:\/\/www.entrepriseetdecouverte.fr\/espace-pro\/?s={search_term_string}\"},\"query-input\":\"required name=search_term_string\"}],\"inLanguage\":\"fr-FR\"},{\"@type\":\"ImageObject\",\"@id\":\"https:\/\/www.entrepriseetdecouverte.fr\/espace-pro\/lassociation\/nos-bilans\/#primaryimage\",\"inLanguage\":\"fr-FR\",\"url\":\"https:\/\/www.entrepriseetdecouverte.fr\/espace-pro\/wp-content\/uploads\/sites\/2\/2020\/12\/pexels-anete-lusina-4792288.jpg\",\"contentUrl\":\"https:\/\/www.entrepriseetdecouverte.fr\/espace-pro\/wp-content\/uploads\/sites\/2\/2020\/12\/pexels-anete-lusina-4792288.jpg\",\"width\":2048,\"height\":1367},{\"@type\":\"WebPage\",\"@id\":\"https:\/\/www.entrepriseetdecouverte.fr\/espace-pro\/lassociation\/nos-bilans\/#webpage\",\"url\":\"https:\/\/www.entrepriseetdecouverte.fr\/espace-pro\/lassociation\/nos-bilans\/\",\"name\":\"Nos bilans - Espace Pro\",\"isPartOf\":{\"@id\":\"https:\/\/www.entrepriseetdecouverte.fr\/espace-pro\/#website\"},\"primaryImageOfPage\":{\"@id\":\"https:\/\/www.entrepriseetdecouverte.fr\/espace-pro\/lassociation\/nos-bilans\/#primaryimage\"},\"datePublished\":\"2020-12-03T14:59:01+00:00\",\"dateModified\":\"2024-01-26T08:10:05+00:00\",\"description\":\"Retrouvez ici les bilans d'activit\\u00e9 de l'association Entreprise et D\\u00e9couverte\",\"breadcrumb\":{\"@id\":\"https:\/\/www.entrepriseetdecouverte.fr\/espace-pro\/lassociation\/nos-bilans\/#breadcrumb\"},\"inLanguage\":\"fr-FR\",\"potentialAction\":[{\"@type\":\"ReadAction\",\"target\":[\"https:\/\/www.entrepriseetdecouverte.fr\/espace-pro\/lassociation\/nos-bilans\/\"]}]},{\"@type\":\"BreadcrumbList\",\"@id\":\"https:\/\/www.entrepriseetdecouverte.fr\/espace-pro\/lassociation\/nos-bilans\/#breadcrumb\",\"itemListElement\":[{\"@type\":\"ListItem\",\"position\":1,\"name\":\"Accueil\",\"item\":\"https:\/\/www.entrepriseetdecouverte.fr\/espace-pro\/\"},{\"@type\":\"ListItem\",\"position\":2,\"name\":\"L&rsquo;association\",\"item\":\"https:\/\/www.entrepriseetdecouverte.fr\/espace-pro\/lassociation\/\"},{\"@type\":\"ListItem\",\"position\":3,\"name\":\"Nos bilans\"}]}]}<\/script>\n<!-- \/ Yoast SEO plugin. -->","yoast_head_json":{"description":"Retrouvez ici les bilans d'activit\u00e9 de l'association Entreprise et D\u00e9couverte","robots":{"index":"index","follow":"follow","max-snippet":"max-snippet:-1","max-image-preview":"max-image-preview:large","max-video-preview":"max-video-preview:-1"},"canonical":"https:\/\/www.entrepriseetdecouverte.fr\/espace-pro\/lassociation\/nos-bilans\/","og_locale":"fr_FR","og_type":"article","og_title":"Nos bilans - Espace Pro","og_description":"Retrouvez ici les bilans d'activit\u00e9 de l'association Entreprise et D\u00e9couverte","og_url":"https:\/\/www.entrepriseetdecouverte.fr\/espace-pro\/lassociation\/nos-bilans\/","og_site_name":"Espace Pro","article_modified_time":"2024-01-26T08:10:05+00:00","og_image":[{"width":2048,"height":1367,"url":"https:\/\/www.entrepriseetdecouverte.fr\/espace-pro\/wp-content\/uploads\/sites\/2\/2020\/12\/pexels-anete-lusina-4792288.jpg","type":"image\/jpeg"}],"twitter_card":"summary_large_image","twitter_misc":{"Dur\u00e9e de lecture estim\u00e9e":"1 minute"},"schema":{"@context":"https:\/\/schema.org","@graph":[{"@type":"WebSite","@id":"https:\/\/www.entrepriseetdecouverte.fr\/espace-pro\/#website","url":"https:\/\/www.entrepriseetdecouverte.fr\/espace-pro\/","name":"Espace Pro","description":"Un site utilisant Entreprise et D\u00e9couverte Sites","potentialAction":[{"@type":"SearchAction","target":{"@type":"EntryPoint","urlTemplate":"https:\/\/www.entrepriseetdecouverte.fr\/espace-pro\/?s={search_term_string}"},"query-input":"required name=search_term_string"}],"inLanguage":"fr-FR"},{"@type":"ImageObject","@id":"https:\/\/www.entrepriseetdecouverte.fr\/espace-pro\/lassociation\/nos-bilans\/#primaryimage","inLanguage":"fr-FR","url":"https:\/\/www.entrepriseetdecouverte.fr\/espace-pro\/wp-content\/uploads\/sites\/2\/2020\/12\/pexels-anete-lusina-4792288.jpg","contentUrl":"https:\/\/www.entrepriseetdecouverte.fr\/espace-pro\/wp-content\/uploads\/sites\/2\/2020\/12\/pexels-anete-lusina-4792288.jpg","width":2048,"height":1367},{"@type":"WebPage","@id":"https:\/\/www.entrepriseetdecouverte.fr\/espace-pro\/lassociation\/nos-bilans\/#webpage","url":"https:\/\/www.entrepriseetdecouverte.fr\/espace-pro\/lassociation\/nos-bilans\/","name":"Nos bilans - Espace Pro","isPartOf":{"@id":"https:\/\/www.entrepriseetdecouverte.fr\/espace-pro\/#website"},"primaryImageOfPage":{"@id":"https:\/\/www.entrepriseetdecouverte.fr\/espace-pro\/lassociation\/nos-bilans\/#primaryimage"},"datePublished":"2020-12-03T14:59:01+00:00","dateModified":"2024-01-26T08:10:05+00:00","description":"Retrouvez ici les bilans d'activit\u00e9 de l'association Entreprise et D\u00e9couverte","breadcrumb":{"@id":"https:\/\/www.entrepriseetdecouverte.fr\/espace-pro\/lassociation\/nos-bilans\/#breadcrumb"},"inLanguage":"fr-FR","potentialAction":[{"@type":"ReadAction","target":["https:\/\/www.entrepriseetdecouverte.fr\/espace-pro\/lassociation\/nos-bilans\/"]}]},{"@type":"BreadcrumbList","@id":"https:\/\/www.entrepriseetdecouverte.fr\/espace-pro\/lassociation\/nos-bilans\/#breadcrumb","itemListElement":[{"@type":"ListItem","position":1,"name":"Accueil","item":"https:\/\/www.entrepriseetdecouverte.fr\/espace-pro\/"},{"@type":"ListItem","position":2,"name":"L&rsquo;association","item":"https:\/\/www.entrepriseetdecouverte.fr\/espace-pro\/lassociation\/"},{"@type":"ListItem","position":3,"name":"Nos bilans"}]}]}},"_links":{"self":[{"href":"https:\/\/www.entrepriseetdecouverte.fr\/espace-pro\/wp-json\/wp\/v2\/pages\/61835"}],"collection":[{"href":"https:\/\/www.entrepriseetdecouverte.fr\/espace-pro\/wp-json\/wp\/v2\/pages"}],"about":[{"href":"https:\/\/www.entrepriseetdecouverte.fr\/espace-pro\/wp-json\/wp\/v2\/types\/page"}],"author":[{"embeddable":true,"href":"https:\/\/www.entrepriseetdecouverte.fr\/espace-pro\/wp-json\/wp\/v2\/users\/122"}],"replies":[{"embeddable":true,"href":"https:\/\/www.entrepriseetdecouverte.fr\/espace-pro\/wp-json\/wp\/v2\/comments?post=61835"}],"version-history":[{"count":17,"href":"https:\/\/www.entrepriseetdecouverte.fr\/espace-pro\/wp-json\/wp\/v2\/pages\/61835\/revisions"}],"predecessor-version":[{"id":68546,"href":"https:\/\/www.entrepriseetdecouverte.fr\/espace-pro\/wp-json\/wp\/v2\/pages\/61835\/revisions\/68546"}],"up":[{"embeddable":true,"href":"https:\/\/www.entrepriseetdecouverte.fr\/espace-pro\/wp-json\/wp\/v2\/pages\/7"}],"wp:featuredmedia":[{"embeddable":true,"href":"https:\/\/www.entrepriseetdecouverte.fr\/espace-pro\/wp-json\/wp\/v2\/media\/61862"}],"wp:attachment":[{"href":"https:\/\/www.entrepriseetdecouverte.fr\/espace-pro\/wp-json\/wp\/v2\/media?parent=61835"}],"curies":[{"name":"wp","href":"https:\/\/api.w.org\/{rel}","templated":true}]}}