{"id":54,"date":"2019-09-12T11:48:37","date_gmt":"2019-09-12T09:48:37","guid":{"rendered":"https:\/\/www.entrepriseetdecouverte.fr\/espace-pro\/?page_id=54"},"modified":"2025-05-07T12:37:19","modified_gmt":"2025-05-07T10:37:19","slug":"dossiers-de-presse","status":"publish","type":"page","link":"https:\/\/www.entrepriseetdecouverte.fr\/espace-pro\/espace-presse\/dossiers-de-presse\/","title":{"rendered":"Communiqu\u00e9s et dossiers de presse"},"content":{"rendered":"\n<p class=\"is-style-intro\">Retrouvez ici les communiqu\u00e9s et dossiers de presse de l&rsquo;association Entreprise et D\u00e9couverte.<\/p>\n\n\n\n<p> <strong>Vous \u00eates journaliste ? Vous souhaitez plus d&rsquo;informations ?<\/strong> Contactez Marie Cario <a href=\"mailto:valerie.lefranc@entrepriseetdecouverte.fr\">marie.cario@entrepriseetdecouverte.fr<\/a> (seules les demandes m\u00e9dia seront trait\u00e9es) <\/p>\n\n\n\n<p><\/p>\n\n\n\n<p><\/p>\n\n\n\n<p><\/p>\n\n\n\n<div class=\"wp-block-columns alignwide\">\n<div class=\"wp-block-column\">\n<h4 class=\"has-text-align-center\">DOSSIER DE PRESSE 2025<\/h4>\n\n\n\n<div class=\"wp-block-image\"><figure class=\"aligncenter size-large\"><a href=\"https:\/\/www.entrepriseetdecouverte.fr\/espace-pro\/wp-content\/uploads\/sites\/2\/2025\/05\/dp_ed_2025-1.pdf\" target=\"_blank\" rel=\"noopener\"><img loading=\"lazy\" width=\"849\" height=\"1200\" data-src=\"https:\/\/www.entrepriseetdecouverte.fr\/espace-pro\/wp-content\/uploads\/sites\/2\/2025\/05\/couverture_dp_ed_2025-849x1200.jpg\" alt=\"\" class=\"wp-image-71440\" data-srcset=\"https:\/\/www.entrepriseetdecouverte.fr\/espace-pro\/wp-content\/uploads\/sites\/2\/2025\/05\/couverture_dp_ed_2025-849x1200.jpg 849w, https:\/\/www.entrepriseetdecouverte.fr\/espace-pro\/wp-content\/uploads\/sites\/2\/2025\/05\/couverture_dp_ed_2025-424x600.jpg 424w, https:\/\/www.entrepriseetdecouverte.fr\/espace-pro\/wp-content\/uploads\/sites\/2\/2025\/05\/couverture_dp_ed_2025-636x900.jpg 636w, https:\/\/www.entrepriseetdecouverte.fr\/espace-pro\/wp-content\/uploads\/sites\/2\/2025\/05\/couverture_dp_ed_2025-200x283.jpg 200w, https:\/\/www.entrepriseetdecouverte.fr\/espace-pro\/wp-content\/uploads\/sites\/2\/2025\/05\/couverture_dp_ed_2025-42x60.jpg 42w, https:\/\/www.entrepriseetdecouverte.fr\/espace-pro\/wp-content\/uploads\/sites\/2\/2025\/05\/couverture_dp_ed_2025.jpg 1000w\" sizes=\"(max-width: 849px) 100vw, 849px\" \/><\/a><\/figure><\/div>\n\n\n\n<p><\/p>\n<\/div>\n\n\n\n<div class=\"wp-block-column\">\n<h4 class=\"has-text-align-center\">GUIDE DU ROUTARD DE LA VISITE D&rsquo;ENTREPRISE 2025<\/h4>\n\n\n\n<figure class=\"wp-block-image size-large\"><a href=\"https:\/\/www.entrepriseetdecouverte.fr\/espace-pro\/wp-content\/uploads\/sites\/2\/2025\/05\/cp-routard-visite-entreprise-en-france-1.pdf\" target=\"_blank\" rel=\"noreferrer noopener\"><img loading=\"lazy\" width=\"849\" height=\"1200\" data-src=\"https:\/\/www.entrepriseetdecouverte.fr\/espace-pro\/wp-content\/uploads\/sites\/2\/2025\/05\/couverture_cp-routard-visite-entreprise-en-france-1-1-849x1200.jpg\" alt=\"\" class=\"wp-image-71448\" data-srcset=\"https:\/\/www.entrepriseetdecouverte.fr\/espace-pro\/wp-content\/uploads\/sites\/2\/2025\/05\/couverture_cp-routard-visite-entreprise-en-france-1-1-849x1200.jpg 849w, https:\/\/www.entrepriseetdecouverte.fr\/espace-pro\/wp-content\/uploads\/sites\/2\/2025\/05\/couverture_cp-routard-visite-entreprise-en-france-1-1-424x600.jpg 424w, https:\/\/www.entrepriseetdecouverte.fr\/espace-pro\/wp-content\/uploads\/sites\/2\/2025\/05\/couverture_cp-routard-visite-entreprise-en-france-1-1-636x900.jpg 636w, https:\/\/www.entrepriseetdecouverte.fr\/espace-pro\/wp-content\/uploads\/sites\/2\/2025\/05\/couverture_cp-routard-visite-entreprise-en-france-1-1-200x283.jpg 200w, https:\/\/www.entrepriseetdecouverte.fr\/espace-pro\/wp-content\/uploads\/sites\/2\/2025\/05\/couverture_cp-routard-visite-entreprise-en-france-1-1-42x60.jpg 42w, https:\/\/www.entrepriseetdecouverte.fr\/espace-pro\/wp-content\/uploads\/sites\/2\/2025\/05\/couverture_cp-routard-visite-entreprise-en-france-1-1.jpg 1000w\" sizes=\"(max-width: 849px) 100vw, 849px\" \/><\/a><\/figure>\n<\/div>\n\n\n\n<div class=\"wp-block-column\">\n<h4 class=\"has-text-align-center\">CP CAMPAGNE DE COMMUNICATION,  \u00c9T\u00c9 2024<\/h4>\n\n\n\n<figure class=\"wp-block-image size-large\"><a href=\"https:\/\/www.entrepriseetdecouverte.fr\/espace-pro\/wp-content\/uploads\/sites\/2\/2024\/07\/vdef_cp_national_ed-2-1.pdf\" target=\"_blank\" rel=\"noopener\"><img loading=\"lazy\" width=\"849\" height=\"1200\" data-src=\"https:\/\/www.entrepriseetdecouverte.fr\/espace-pro\/wp-content\/uploads\/sites\/2\/2024\/07\/campagne-de-communication-estivale-2024-entreprise-et-decouverte-849x1200.jpg\" alt=\"\" class=\"wp-image-69104\" data-srcset=\"https:\/\/www.entrepriseetdecouverte.fr\/espace-pro\/wp-content\/uploads\/sites\/2\/2024\/07\/campagne-de-communication-estivale-2024-entreprise-et-decouverte-849x1200.jpg 849w, https:\/\/www.entrepriseetdecouverte.fr\/espace-pro\/wp-content\/uploads\/sites\/2\/2024\/07\/campagne-de-communication-estivale-2024-entreprise-et-decouverte-424x600.jpg 424w, https:\/\/www.entrepriseetdecouverte.fr\/espace-pro\/wp-content\/uploads\/sites\/2\/2024\/07\/campagne-de-communication-estivale-2024-entreprise-et-decouverte-636x900.jpg 636w, https:\/\/www.entrepriseetdecouverte.fr\/espace-pro\/wp-content\/uploads\/sites\/2\/2024\/07\/campagne-de-communication-estivale-2024-entreprise-et-decouverte-200x283.jpg 200w, https:\/\/www.entrepriseetdecouverte.fr\/espace-pro\/wp-content\/uploads\/sites\/2\/2024\/07\/campagne-de-communication-estivale-2024-entreprise-et-decouverte-42x60.jpg 42w, https:\/\/www.entrepriseetdecouverte.fr\/espace-pro\/wp-content\/uploads\/sites\/2\/2024\/07\/campagne-de-communication-estivale-2024-entreprise-et-decouverte.jpg 1000w\" sizes=\"(max-width: 849px) 100vw, 849px\" \/><\/a><\/figure>\n<\/div>\n<\/div>\n\n\n\n<div class=\"wp-block-columns alignwide\">\n<div class=\"wp-block-column\">\n<h4 class=\"has-text-align-center\"> OP\u00c9RATION \u00ab\u00a0TOURISME INDUSTRIEL\u00a0\u00bb, PRINTEMPS 2024 <\/h4>\n\n\n\n<figure class=\"wp-block-image size-large is-style-rounded\"><a href=\"https:\/\/www.entrepriseetdecouverte.fr\/espace-pro\/wp-content\/uploads\/sites\/2\/2024\/04\/cp-renouvellement-du-dispositif-tourisme-industriel_avril2024.pdf\" target=\"_blank\" rel=\"noopener\"><img loading=\"lazy\" width=\"848\" height=\"1200\" data-src=\"https:\/\/www.entrepriseetdecouverte.fr\/espace-pro\/wp-content\/uploads\/sites\/2\/2024\/04\/cp-renouvellement-du-dispositi-tourisme-industriel_avril2024-1-1-848x1200.jpg\" alt=\"\" class=\"wp-image-68753\" data-srcset=\"https:\/\/www.entrepriseetdecouverte.fr\/espace-pro\/wp-content\/uploads\/sites\/2\/2024\/04\/cp-renouvellement-du-dispositi-tourisme-industriel_avril2024-1-1-848x1200.jpg 848w, https:\/\/www.entrepriseetdecouverte.fr\/espace-pro\/wp-content\/uploads\/sites\/2\/2024\/04\/cp-renouvellement-du-dispositi-tourisme-industriel_avril2024-1-1-424x600.jpg 424w, https:\/\/www.entrepriseetdecouverte.fr\/espace-pro\/wp-content\/uploads\/sites\/2\/2024\/04\/cp-renouvellement-du-dispositi-tourisme-industriel_avril2024-1-1-636x900.jpg 636w, https:\/\/www.entrepriseetdecouverte.fr\/espace-pro\/wp-content\/uploads\/sites\/2\/2024\/04\/cp-renouvellement-du-dispositi-tourisme-industriel_avril2024-1-1-200x283.jpg 200w, https:\/\/www.entrepriseetdecouverte.fr\/espace-pro\/wp-content\/uploads\/sites\/2\/2024\/04\/cp-renouvellement-du-dispositi-tourisme-industriel_avril2024-1-1-42x60.jpg 42w, https:\/\/www.entrepriseetdecouverte.fr\/espace-pro\/wp-content\/uploads\/sites\/2\/2024\/04\/cp-renouvellement-du-dispositi-tourisme-industriel_avril2024-1-1.jpg 1060w\" sizes=\"(max-width: 848px) 100vw, 848px\" \/><\/a><\/figure>\n<\/div>\n\n\n\n<div class=\"wp-block-column\">\n<h4 class=\"has-text-align-center\">  <strong>FRANCE SAVOIR-FAIRE D&rsquo;EXCELLENCE<\/strong> <\/h4>\n\n\n\n<figure class=\"wp-block-image size-large\"><a href=\"https:\/\/www.entrepriseetdecouverte.fr\/espace-pro\/wp-content\/uploads\/sites\/2\/2021\/04\/france-savoir-faire-dexcellence_cp.pdf\" target=\"_blank\" rel=\"noreferrer noopener\"><img loading=\"lazy\" width=\"848\" height=\"1200\" data-src=\"https:\/\/www.entrepriseetdecouverte.fr\/espace-pro\/wp-content\/uploads\/sites\/2\/2021\/04\/france-savoir-faire-d-excellence_cp-page-001-848x1200.jpg\" alt=\"\" class=\"wp-image-62048\" data-srcset=\"https:\/\/www.entrepriseetdecouverte.fr\/espace-pro\/wp-content\/uploads\/sites\/2\/2021\/04\/france-savoir-faire-d-excellence_cp-page-001-848x1200.jpg 848w, https:\/\/www.entrepriseetdecouverte.fr\/espace-pro\/wp-content\/uploads\/sites\/2\/2021\/04\/france-savoir-faire-d-excellence_cp-page-001-424x600.jpg 424w, https:\/\/www.entrepriseetdecouverte.fr\/espace-pro\/wp-content\/uploads\/sites\/2\/2021\/04\/france-savoir-faire-d-excellence_cp-page-001-636x900.jpg 636w, https:\/\/www.entrepriseetdecouverte.fr\/espace-pro\/wp-content\/uploads\/sites\/2\/2021\/04\/france-savoir-faire-d-excellence_cp-page-001-1086x1536.jpg 1086w, https:\/\/www.entrepriseetdecouverte.fr\/espace-pro\/wp-content\/uploads\/sites\/2\/2021\/04\/france-savoir-faire-d-excellence_cp-page-001-200x283.jpg 200w, https:\/\/www.entrepriseetdecouverte.fr\/espace-pro\/wp-content\/uploads\/sites\/2\/2021\/04\/france-savoir-faire-d-excellence_cp-page-001-42x60.jpg 42w, https:\/\/www.entrepriseetdecouverte.fr\/espace-pro\/wp-content\/uploads\/sites\/2\/2021\/04\/france-savoir-faire-d-excellence_cp-page-001.jpg 1448w\" sizes=\"(max-width: 848px) 100vw, 848px\" \/><\/a><\/figure>\n<\/div>\n\n\n\n<div class=\"wp-block-column\">\n<h4>DP GRANDE EXPOSITION DU FABRIQUE EN FRANCE<\/h4>\n\n\n\n<figure class=\"wp-block-image size-large\"><a href=\"https:\/\/www.entrepriseetdecouverte.fr\/espace-pro\/wp-content\/uploads\/sites\/2\/2021\/06\/dp_fabrique-en-france-elysee_entreprise-et-decouverte.pdf\" target=\"_blank\" rel=\"noreferrer noopener\"><img loading=\"lazy\" width=\"800\" height=\"1176\" data-src=\"https:\/\/www.entrepriseetdecouverte.fr\/espace-pro\/wp-content\/uploads\/sites\/2\/2021\/06\/pages-de-dp_fabrique-en-france-elysee_entreprise-et-decouverte.pdf.jpg\" alt=\"\" class=\"wp-image-62318\" data-srcset=\"https:\/\/www.entrepriseetdecouverte.fr\/espace-pro\/wp-content\/uploads\/sites\/2\/2021\/06\/pages-de-dp_fabrique-en-france-elysee_entreprise-et-decouverte.pdf.jpg 800w, https:\/\/www.entrepriseetdecouverte.fr\/espace-pro\/wp-content\/uploads\/sites\/2\/2021\/06\/pages-de-dp_fabrique-en-france-elysee_entreprise-et-decouverte.pdf-408x600.jpg 408w, https:\/\/www.entrepriseetdecouverte.fr\/espace-pro\/wp-content\/uploads\/sites\/2\/2021\/06\/pages-de-dp_fabrique-en-france-elysee_entreprise-et-decouverte.pdf-612x900.jpg 612w, https:\/\/www.entrepriseetdecouverte.fr\/espace-pro\/wp-content\/uploads\/sites\/2\/2021\/06\/pages-de-dp_fabrique-en-france-elysee_entreprise-et-decouverte.pdf-200x294.jpg 200w, https:\/\/www.entrepriseetdecouverte.fr\/espace-pro\/wp-content\/uploads\/sites\/2\/2021\/06\/pages-de-dp_fabrique-en-france-elysee_entreprise-et-decouverte.pdf-41x60.jpg 41w\" sizes=\"(max-width: 800px) 100vw, 800px\" \/><\/a><\/figure>\n<\/div>\n<\/div>\n\n\n\n<div class=\"wp-block-columns alignwide\">\n<div class=\"wp-block-column\">\n<h4 class=\"has-text-align-center\">CP MIF EXPO 2022<\/h4>\n\n\n\n<figure class=\"wp-block-image size-full\"><a href=\"https:\/\/www.entrepriseetdecouverte.fr\/espace-pro\/wp-content\/uploads\/sites\/2\/2022\/10\/cp-mif-22_entreprise-et-decouverte.docx.pdf\" target=\"_blank\" rel=\"noopener\"><img loading=\"lazy\" width=\"666\" height=\"965\" data-src=\"https:\/\/www.entrepriseetdecouverte.fr\/espace-pro\/wp-content\/uploads\/sites\/2\/2022\/10\/cp-mif-22_entreprise-et-decouverte.2_cr.png\" alt=\"\" class=\"wp-image-63342\" data-srcset=\"https:\/\/www.entrepriseetdecouverte.fr\/espace-pro\/wp-content\/uploads\/sites\/2\/2022\/10\/cp-mif-22_entreprise-et-decouverte.2_cr.png 666w, https:\/\/www.entrepriseetdecouverte.fr\/espace-pro\/wp-content\/uploads\/sites\/2\/2022\/10\/cp-mif-22_entreprise-et-decouverte.2_cr-414x600.png 414w, https:\/\/www.entrepriseetdecouverte.fr\/espace-pro\/wp-content\/uploads\/sites\/2\/2022\/10\/cp-mif-22_entreprise-et-decouverte.2_cr-621x900.png 621w, https:\/\/www.entrepriseetdecouverte.fr\/espace-pro\/wp-content\/uploads\/sites\/2\/2022\/10\/cp-mif-22_entreprise-et-decouverte.2_cr-200x290.png 200w, https:\/\/www.entrepriseetdecouverte.fr\/espace-pro\/wp-content\/uploads\/sites\/2\/2022\/10\/cp-mif-22_entreprise-et-decouverte.2_cr-41x60.png 41w\" sizes=\"(max-width: 666px) 100vw, 666px\" \/><\/a><\/figure>\n<\/div>\n\n\n\n<div class=\"wp-block-column\">\n<h4 class=\"has-text-align-center\">CP DE PARTENARIAT AVEC TERRE &amp; FILS &#8211; MARS 2022<\/h4>\n\n\n\n<figure class=\"wp-block-image size-full\"><a href=\"https:\/\/www.entrepriseetdecouverte.fr\/espace-pro\/wp-content\/uploads\/sites\/2\/2022\/03\/cp-vf-ed_tf_14032022_vf.pdf\" target=\"_blank\" rel=\"noopener\"><img loading=\"lazy\" width=\"682\" height=\"962\" data-src=\"https:\/\/www.entrepriseetdecouverte.fr\/espace-pro\/wp-content\/uploads\/sites\/2\/2022\/03\/capture-decran-2022-03-14-123701.png\" alt=\"\" class=\"wp-image-62838\" data-srcset=\"https:\/\/www.entrepriseetdecouverte.fr\/espace-pro\/wp-content\/uploads\/sites\/2\/2022\/03\/capture-decran-2022-03-14-123701.png 682w, https:\/\/www.entrepriseetdecouverte.fr\/espace-pro\/wp-content\/uploads\/sites\/2\/2022\/03\/capture-decran-2022-03-14-123701-425x600.png 425w, https:\/\/www.entrepriseetdecouverte.fr\/espace-pro\/wp-content\/uploads\/sites\/2\/2022\/03\/capture-decran-2022-03-14-123701-638x900.png 638w, https:\/\/www.entrepriseetdecouverte.fr\/espace-pro\/wp-content\/uploads\/sites\/2\/2022\/03\/capture-decran-2022-03-14-123701-200x282.png 200w, https:\/\/www.entrepriseetdecouverte.fr\/espace-pro\/wp-content\/uploads\/sites\/2\/2022\/03\/capture-decran-2022-03-14-123701-43x60.png 43w\" sizes=\"(max-width: 682px) 100vw, 682px\" \/><\/a><\/figure>\n<\/div>\n\n\n\n<div class=\"wp-block-column\">\n<h4>CP LANCEMENT ANTENNE HAUTS-DE-FRANCE<\/h4>\n\n\n\n<figure class=\"wp-block-image size-large\"><a href=\"https:\/\/www.entrepriseetdecouverte.fr\/espace-pro\/wp-content\/uploads\/sites\/2\/2022\/06\/cp_entreprise-et-decouverte_lancement-antenne-regionale_290622.pdf\" target=\"_blank\" rel=\"noopener\"><img loading=\"lazy\" width=\"848\" height=\"1200\" data-src=\"https:\/\/www.entrepriseetdecouverte.fr\/espace-pro\/wp-content\/uploads\/sites\/2\/2022\/06\/cp_entreprise-et-decouverte_lancement-antenne-regionale_290622_page-0001-1-848x1200.jpg\" alt=\"\" class=\"wp-image-63140\" data-srcset=\"https:\/\/www.entrepriseetdecouverte.fr\/espace-pro\/wp-content\/uploads\/sites\/2\/2022\/06\/cp_entreprise-et-decouverte_lancement-antenne-regionale_290622_page-0001-1-848x1200.jpg 848w, https:\/\/www.entrepriseetdecouverte.fr\/espace-pro\/wp-content\/uploads\/sites\/2\/2022\/06\/cp_entreprise-et-decouverte_lancement-antenne-regionale_290622_page-0001-1-424x600.jpg 424w, https:\/\/www.entrepriseetdecouverte.fr\/espace-pro\/wp-content\/uploads\/sites\/2\/2022\/06\/cp_entreprise-et-decouverte_lancement-antenne-regionale_290622_page-0001-1-636x900.jpg 636w, https:\/\/www.entrepriseetdecouverte.fr\/espace-pro\/wp-content\/uploads\/sites\/2\/2022\/06\/cp_entreprise-et-decouverte_lancement-antenne-regionale_290622_page-0001-1-1085x1536.jpg 1085w, https:\/\/www.entrepriseetdecouverte.fr\/espace-pro\/wp-content\/uploads\/sites\/2\/2022\/06\/cp_entreprise-et-decouverte_lancement-antenne-regionale_290622_page-0001-1-200x283.jpg 200w, https:\/\/www.entrepriseetdecouverte.fr\/espace-pro\/wp-content\/uploads\/sites\/2\/2022\/06\/cp_entreprise-et-decouverte_lancement-antenne-regionale_290622_page-0001-1-42x60.jpg 42w, https:\/\/www.entrepriseetdecouverte.fr\/espace-pro\/wp-content\/uploads\/sites\/2\/2022\/06\/cp_entreprise-et-decouverte_lancement-antenne-regionale_290622_page-0001-1.jpg 1240w\" sizes=\"(max-width: 848px) 100vw, 848px\" \/><\/a><\/figure>\n<\/div>\n<\/div>\n","protected":false},"excerpt":{"rendered":"<p>Retrouvez ici les communiqu\u00e9s et dossiers de presse de l&rsquo;association Entreprise et D\u00e9couverte. Vous \u00eates journaliste ? Vous souhaitez plus d&rsquo;informations ? Contactez Marie Cario marie.cario@entrepriseetdecouverte.fr (seules les demandes m\u00e9dia seront trait\u00e9es) DOSSIER DE PRESSE 2025 GUIDE DU ROUTARD DE LA VISITE D&rsquo;ENTREPRISE 2025 CP CAMPAGNE DE COMMUNICATION, \u00c9T\u00c9 2024 OP\u00c9RATION \u00ab\u00a0TOURISME INDUSTRIEL\u00a0\u00bb, PRINTEMPS 2024 [&hellip;]<\/p>\n","protected":false},"author":1,"featured_media":61270,"parent":15,"menu_order":0,"comment_status":"closed","ping_status":"closed","template":"","meta":{"_relevanssi_hide_post":"","_relevanssi_pin_for_all":"","_relevanssi_pin_keywords":"","_relevanssi_unpin_keywords":"","_relevanssi_related_keywords":"","_relevanssi_related_include_ids":"","_relevanssi_related_exclude_ids":"","_relevanssi_related_no_append":"","_relevanssi_related_not_related":"","_relevanssi_related_posts":"62474,61752,60841,60354,62348,61965","_relevanssi_noindex_reason":""},"yoast_head":"<!-- This site is optimized with the Yoast SEO plugin v17.4 - https:\/\/yoast.com\/wordpress\/plugins\/seo\/ -->\n<meta name=\"description\" content=\"Retrouvez ici les communiqu\u00e9s et dossiers de presse de l&#039;association Entreprise et D\u00e9couverte. Vous \u00eates journaliste ? Vous souhaitez plus d&#039;informations\" \/>\n<meta name=\"robots\" content=\"index, follow, max-snippet:-1, max-image-preview:large, max-video-preview:-1\" \/>\n<link rel=\"canonical\" href=\"https:\/\/www.entrepriseetdecouverte.fr\/espace-pro\/espace-presse\/dossiers-de-presse\/\" \/>\n<meta property=\"og:locale\" content=\"fr_FR\" \/>\n<meta property=\"og:type\" content=\"article\" \/>\n<meta property=\"og:title\" content=\"Communiqu\u00e9s et dossiers de presse - Entreprise et D\u00e9couverte\" \/>\n<meta property=\"og:description\" content=\"Retrouvez ici les communiqu\u00e9s et dossiers de presse de l&#039;association Entreprise et D\u00e9couverte. Vous \u00eates journaliste ? Vous souhaitez plus d&#039;informations\" \/>\n<meta property=\"og:url\" content=\"https:\/\/www.entrepriseetdecouverte.fr\/espace-pro\/espace-presse\/dossiers-de-presse\/\" \/>\n<meta property=\"og:site_name\" content=\"Espace Pro\" \/>\n<meta property=\"article:modified_time\" content=\"2025-05-07T10:37:19+00:00\" \/>\n<meta property=\"og:image\" content=\"https:\/\/www.entrepriseetdecouverte.fr\/espace-pro\/wp-content\/uploads\/sites\/2\/2020\/07\/newspapers-3488861_1920.jpg\" \/>\n\t<meta property=\"og:image:width\" content=\"1920\" \/>\n\t<meta property=\"og:image:height\" content=\"1280\" \/>\n<meta name=\"twitter:card\" content=\"summary_large_image\" \/>\n<meta name=\"twitter:label1\" content=\"Dur\u00e9e de lecture estim\u00e9e\" \/>\n\t<meta name=\"twitter:data1\" content=\"3 minutes\" \/>\n<script type=\"application\/ld+json\" class=\"yoast-schema-graph\">{\"@context\":\"https:\/\/schema.org\",\"@graph\":[{\"@type\":\"WebSite\",\"@id\":\"https:\/\/www.entrepriseetdecouverte.fr\/espace-pro\/#website\",\"url\":\"https:\/\/www.entrepriseetdecouverte.fr\/espace-pro\/\",\"name\":\"Espace Pro\",\"description\":\"Un site utilisant Entreprise et D\\u00e9couverte Sites\",\"potentialAction\":[{\"@type\":\"SearchAction\",\"target\":{\"@type\":\"EntryPoint\",\"urlTemplate\":\"https:\/\/www.entrepriseetdecouverte.fr\/espace-pro\/?s={search_term_string}\"},\"query-input\":\"required name=search_term_string\"}],\"inLanguage\":\"fr-FR\"},{\"@type\":\"ImageObject\",\"@id\":\"https:\/\/www.entrepriseetdecouverte.fr\/espace-pro\/espace-presse\/dossiers-de-presse\/#primaryimage\",\"inLanguage\":\"fr-FR\",\"url\":\"https:\/\/www.entrepriseetdecouverte.fr\/espace-pro\/wp-content\/uploads\/sites\/2\/2020\/07\/newspapers-3488861_1920.jpg\",\"contentUrl\":\"https:\/\/www.entrepriseetdecouverte.fr\/espace-pro\/wp-content\/uploads\/sites\/2\/2020\/07\/newspapers-3488861_1920.jpg\",\"width\":1920,\"height\":1280},{\"@type\":\"WebPage\",\"@id\":\"https:\/\/www.entrepriseetdecouverte.fr\/espace-pro\/espace-presse\/dossiers-de-presse\/#webpage\",\"url\":\"https:\/\/www.entrepriseetdecouverte.fr\/espace-pro\/espace-presse\/dossiers-de-presse\/\",\"name\":\"Communiqu\\u00e9s et dossiers de presse - Entreprise et D\\u00e9couverte\",\"isPartOf\":{\"@id\":\"https:\/\/www.entrepriseetdecouverte.fr\/espace-pro\/#website\"},\"primaryImageOfPage\":{\"@id\":\"https:\/\/www.entrepriseetdecouverte.fr\/espace-pro\/espace-presse\/dossiers-de-presse\/#primaryimage\"},\"datePublished\":\"2019-09-12T09:48:37+00:00\",\"dateModified\":\"2025-05-07T10:37:19+00:00\",\"description\":\"Retrouvez ici les communiqu\\u00e9s et dossiers de presse de l'association Entreprise et D\\u00e9couverte. Vous \\u00eates journaliste ? Vous souhaitez plus d'informations\",\"breadcrumb\":{\"@id\":\"https:\/\/www.entrepriseetdecouverte.fr\/espace-pro\/espace-presse\/dossiers-de-presse\/#breadcrumb\"},\"inLanguage\":\"fr-FR\",\"potentialAction\":[{\"@type\":\"ReadAction\",\"target\":[\"https:\/\/www.entrepriseetdecouverte.fr\/espace-pro\/espace-presse\/dossiers-de-presse\/\"]}]},{\"@type\":\"BreadcrumbList\",\"@id\":\"https:\/\/www.entrepriseetdecouverte.fr\/espace-pro\/espace-presse\/dossiers-de-presse\/#breadcrumb\",\"itemListElement\":[{\"@type\":\"ListItem\",\"position\":1,\"name\":\"Accueil\",\"item\":\"https:\/\/www.entrepriseetdecouverte.fr\/espace-pro\/\"},{\"@type\":\"ListItem\",\"position\":2,\"name\":\"Espace Presse\",\"item\":\"https:\/\/www.entrepriseetdecouverte.fr\/espace-pro\/espace-presse\/\"},{\"@type\":\"ListItem\",\"position\":3,\"name\":\"Communiqu\\u00e9s et dossiers de presse\"}]}]}<\/script>\n<!-- \/ Yoast SEO plugin. -->","yoast_head_json":{"description":"Retrouvez ici les communiqu\u00e9s et dossiers de presse de l'association Entreprise et D\u00e9couverte. Vous \u00eates journaliste ? Vous souhaitez plus d'informations","robots":{"index":"index","follow":"follow","max-snippet":"max-snippet:-1","max-image-preview":"max-image-preview:large","max-video-preview":"max-video-preview:-1"},"canonical":"https:\/\/www.entrepriseetdecouverte.fr\/espace-pro\/espace-presse\/dossiers-de-presse\/","og_locale":"fr_FR","og_type":"article","og_title":"Communiqu\u00e9s et dossiers de presse - Entreprise et D\u00e9couverte","og_description":"Retrouvez ici les communiqu\u00e9s et dossiers de presse de l'association Entreprise et D\u00e9couverte. Vous \u00eates journaliste ? Vous souhaitez plus d'informations","og_url":"https:\/\/www.entrepriseetdecouverte.fr\/espace-pro\/espace-presse\/dossiers-de-presse\/","og_site_name":"Espace Pro","article_modified_time":"2025-05-07T10:37:19+00:00","og_image":[{"width":1920,"height":1280,"url":"https:\/\/www.entrepriseetdecouverte.fr\/espace-pro\/wp-content\/uploads\/sites\/2\/2020\/07\/newspapers-3488861_1920.jpg","type":"image\/jpeg"}],"twitter_card":"summary_large_image","twitter_misc":{"Dur\u00e9e de lecture estim\u00e9e":"3 minutes"},"schema":{"@context":"https:\/\/schema.org","@graph":[{"@type":"WebSite","@id":"https:\/\/www.entrepriseetdecouverte.fr\/espace-pro\/#website","url":"https:\/\/www.entrepriseetdecouverte.fr\/espace-pro\/","name":"Espace Pro","description":"Un site utilisant Entreprise et D\u00e9couverte Sites","potentialAction":[{"@type":"SearchAction","target":{"@type":"EntryPoint","urlTemplate":"https:\/\/www.entrepriseetdecouverte.fr\/espace-pro\/?s={search_term_string}"},"query-input":"required name=search_term_string"}],"inLanguage":"fr-FR"},{"@type":"ImageObject","@id":"https:\/\/www.entrepriseetdecouverte.fr\/espace-pro\/espace-presse\/dossiers-de-presse\/#primaryimage","inLanguage":"fr-FR","url":"https:\/\/www.entrepriseetdecouverte.fr\/espace-pro\/wp-content\/uploads\/sites\/2\/2020\/07\/newspapers-3488861_1920.jpg","contentUrl":"https:\/\/www.entrepriseetdecouverte.fr\/espace-pro\/wp-content\/uploads\/sites\/2\/2020\/07\/newspapers-3488861_1920.jpg","width":1920,"height":1280},{"@type":"WebPage","@id":"https:\/\/www.entrepriseetdecouverte.fr\/espace-pro\/espace-presse\/dossiers-de-presse\/#webpage","url":"https:\/\/www.entrepriseetdecouverte.fr\/espace-pro\/espace-presse\/dossiers-de-presse\/","name":"Communiqu\u00e9s et dossiers de presse - Entreprise et D\u00e9couverte","isPartOf":{"@id":"https:\/\/www.entrepriseetdecouverte.fr\/espace-pro\/#website"},"primaryImageOfPage":{"@id":"https:\/\/www.entrepriseetdecouverte.fr\/espace-pro\/espace-presse\/dossiers-de-presse\/#primaryimage"},"datePublished":"2019-09-12T09:48:37+00:00","dateModified":"2025-05-07T10:37:19+00:00","description":"Retrouvez ici les communiqu\u00e9s et dossiers de presse de l'association Entreprise et D\u00e9couverte. Vous \u00eates journaliste ? Vous souhaitez plus d'informations","breadcrumb":{"@id":"https:\/\/www.entrepriseetdecouverte.fr\/espace-pro\/espace-presse\/dossiers-de-presse\/#breadcrumb"},"inLanguage":"fr-FR","potentialAction":[{"@type":"ReadAction","target":["https:\/\/www.entrepriseetdecouverte.fr\/espace-pro\/espace-presse\/dossiers-de-presse\/"]}]},{"@type":"BreadcrumbList","@id":"https:\/\/www.entrepriseetdecouverte.fr\/espace-pro\/espace-presse\/dossiers-de-presse\/#breadcrumb","itemListElement":[{"@type":"ListItem","position":1,"name":"Accueil","item":"https:\/\/www.entrepriseetdecouverte.fr\/espace-pro\/"},{"@type":"ListItem","position":2,"name":"Espace Presse","item":"https:\/\/www.entrepriseetdecouverte.fr\/espace-pro\/espace-presse\/"},{"@type":"ListItem","position":3,"name":"Communiqu\u00e9s et dossiers de presse"}]}]}},"_links":{"self":[{"href":"https:\/\/www.entrepriseetdecouverte.fr\/espace-pro\/wp-json\/wp\/v2\/pages\/54"}],"collection":[{"href":"https:\/\/www.entrepriseetdecouverte.fr\/espace-pro\/wp-json\/wp\/v2\/pages"}],"about":[{"href":"https:\/\/www.entrepriseetdecouverte.fr\/espace-pro\/wp-json\/wp\/v2\/types\/page"}],"author":[{"embeddable":true,"href":"https:\/\/www.entrepriseetdecouverte.fr\/espace-pro\/wp-json\/wp\/v2\/users\/1"}],"replies":[{"embeddable":true,"href":"https:\/\/www.entrepriseetdecouverte.fr\/espace-pro\/wp-json\/wp\/v2\/comments?post=54"}],"version-history":[{"count":85,"href":"https:\/\/www.entrepriseetdecouverte.fr\/espace-pro\/wp-json\/wp\/v2\/pages\/54\/revisions"}],"predecessor-version":[{"id":71451,"href":"https:\/\/www.entrepriseetdecouverte.fr\/espace-pro\/wp-json\/wp\/v2\/pages\/54\/revisions\/71451"}],"up":[{"embeddable":true,"href":"https:\/\/www.entrepriseetdecouverte.fr\/espace-pro\/wp-json\/wp\/v2\/pages\/15"}],"wp:featuredmedia":[{"embeddable":true,"href":"https:\/\/www.entrepriseetdecouverte.fr\/espace-pro\/wp-json\/wp\/v2\/media\/61270"}],"wp:attachment":[{"href":"https:\/\/www.entrepriseetdecouverte.fr\/espace-pro\/wp-json\/wp\/v2\/media?parent=54"}],"curies":[{"name":"wp","href":"https:\/\/api.w.org\/{rel}","templated":true}]}}