{"id":48,"date":"2019-09-12T11:47:46","date_gmt":"2019-09-12T09:47:46","guid":{"rendered":"https:\/\/www.entrepriseetdecouverte.fr\/espace-pro\/?page_id=48"},"modified":"2024-03-28T11:05:17","modified_gmt":"2024-03-28T10:05:17","slug":"les-sites-dexcellence","status":"publish","type":"page","link":"https:\/\/www.entrepriseetdecouverte.fr\/espace-pro\/le-reseau\/les-sites-dexcellence\/","title":{"rendered":"Les Sites d&rsquo;Excellence"},"content":{"rendered":"\n<p class=\"is-style-normal\"><\/p>\n\n\n\n<figure class=\"wp-block-gallery alignfull columns-3 is-cropped\"><ul class=\"blocks-gallery-grid\"><li class=\"blocks-gallery-item\"><figure><img loading=\"lazy\" width=\"600\" height=\"400\" data-src=\"https:\/\/www.entrepriseetdecouverte.fr\/espace-pro\/wp-content\/uploads\/sites\/2\/2023\/11\/distillerie-lehmann-entreprise-et-decouverte.10-600x400.jpg\" alt=\"\" data-id=\"68275\" data-full-url=\"https:\/\/www.entrepriseetdecouverte.fr\/espace-pro\/wp-content\/uploads\/sites\/2\/2023\/11\/distillerie-lehmann-entreprise-et-decouverte.10.jpg\" data-link=\"https:\/\/www.entrepriseetdecouverte.fr\/espace-pro\/le-reseau\/les-sites-dexcellence\/distillerie-lehmann-entreprise-et-decouverte-10-2\/\" class=\"wp-image-68275\" data-srcset=\"https:\/\/www.entrepriseetdecouverte.fr\/espace-pro\/wp-content\/uploads\/sites\/2\/2023\/11\/distillerie-lehmann-entreprise-et-decouverte.10-600x400.jpg 600w, https:\/\/www.entrepriseetdecouverte.fr\/espace-pro\/wp-content\/uploads\/sites\/2\/2023\/11\/distillerie-lehmann-entreprise-et-decouverte.10-900x600.jpg 900w, https:\/\/www.entrepriseetdecouverte.fr\/espace-pro\/wp-content\/uploads\/sites\/2\/2023\/11\/distillerie-lehmann-entreprise-et-decouverte.10-200x133.jpg 200w, https:\/\/www.entrepriseetdecouverte.fr\/espace-pro\/wp-content\/uploads\/sites\/2\/2023\/11\/distillerie-lehmann-entreprise-et-decouverte.10-90x60.jpg 90w, https:\/\/www.entrepriseetdecouverte.fr\/espace-pro\/wp-content\/uploads\/sites\/2\/2023\/11\/distillerie-lehmann-entreprise-et-decouverte.10.jpg 1000w\" sizes=\"(max-width: 600px) 100vw, 600px\" \/><\/figure><\/li><li class=\"blocks-gallery-item\"><figure><img loading=\"lazy\" width=\"600\" height=\"400\" data-src=\"https:\/\/www.entrepriseetdecouverte.fr\/espace-pro\/wp-content\/uploads\/sites\/2\/2023\/11\/2023_edf_tri_odysselec-visite_a4acrespeau.2-600x400.jpg\" alt=\"\" data-id=\"68301\" data-full-url=\"https:\/\/www.entrepriseetdecouverte.fr\/espace-pro\/wp-content\/uploads\/sites\/2\/2023\/11\/2023_edf_tri_odysselec-visite_a4acrespeau.2.jpg\" data-link=\"https:\/\/www.entrepriseetdecouverte.fr\/espace-pro\/le-reseau\/les-sites-dexcellence\/2023_edf_tri_odysselec-visite_a4acrespeau-2\/\" class=\"wp-image-68301\" data-srcset=\"https:\/\/www.entrepriseetdecouverte.fr\/espace-pro\/wp-content\/uploads\/sites\/2\/2023\/11\/2023_edf_tri_odysselec-visite_a4acrespeau.2-600x400.jpg 600w, https:\/\/www.entrepriseetdecouverte.fr\/espace-pro\/wp-content\/uploads\/sites\/2\/2023\/11\/2023_edf_tri_odysselec-visite_a4acrespeau.2-900x600.jpg 900w, https:\/\/www.entrepriseetdecouverte.fr\/espace-pro\/wp-content\/uploads\/sites\/2\/2023\/11\/2023_edf_tri_odysselec-visite_a4acrespeau.2-200x133.jpg 200w, https:\/\/www.entrepriseetdecouverte.fr\/espace-pro\/wp-content\/uploads\/sites\/2\/2023\/11\/2023_edf_tri_odysselec-visite_a4acrespeau.2-90x60.jpg 90w, https:\/\/www.entrepriseetdecouverte.fr\/espace-pro\/wp-content\/uploads\/sites\/2\/2023\/11\/2023_edf_tri_odysselec-visite_a4acrespeau.2.jpg 1000w\" sizes=\"(max-width: 600px) 100vw, 600px\" \/><\/figure><\/li><li class=\"blocks-gallery-item\"><figure><img loading=\"lazy\" width=\"600\" height=\"450\" data-src=\"https:\/\/www.entrepriseetdecouverte.fr\/espace-pro\/wp-content\/uploads\/sites\/2\/2023\/11\/manufacture-bohin-2021_julie-limont.9-600x450.jpg\" alt=\"\" data-id=\"68277\" data-full-url=\"https:\/\/www.entrepriseetdecouverte.fr\/espace-pro\/wp-content\/uploads\/sites\/2\/2023\/11\/manufacture-bohin-2021_julie-limont.9.jpg\" data-link=\"https:\/\/www.entrepriseetdecouverte.fr\/espace-pro\/le-reseau\/les-sites-dexcellence\/manufacture-bohin-2021_julie-limont-9\/\" class=\"wp-image-68277\" data-srcset=\"https:\/\/www.entrepriseetdecouverte.fr\/espace-pro\/wp-content\/uploads\/sites\/2\/2023\/11\/manufacture-bohin-2021_julie-limont.9-600x450.jpg 600w, https:\/\/www.entrepriseetdecouverte.fr\/espace-pro\/wp-content\/uploads\/sites\/2\/2023\/11\/manufacture-bohin-2021_julie-limont.9-900x675.jpg 900w, https:\/\/www.entrepriseetdecouverte.fr\/espace-pro\/wp-content\/uploads\/sites\/2\/2023\/11\/manufacture-bohin-2021_julie-limont.9-200x150.jpg 200w, https:\/\/www.entrepriseetdecouverte.fr\/espace-pro\/wp-content\/uploads\/sites\/2\/2023\/11\/manufacture-bohin-2021_julie-limont.9-80x60.jpg 80w, https:\/\/www.entrepriseetdecouverte.fr\/espace-pro\/wp-content\/uploads\/sites\/2\/2023\/11\/manufacture-bohin-2021_julie-limont.9.jpg 1000w\" sizes=\"(max-width: 600px) 100vw, 600px\" \/><\/figure><\/li><\/ul><\/figure>\n\n\n\n<p class=\"is-style-normal\"><\/p>\n\n\n\n<p class=\"is-style-normal\"><\/p>\n\n\n\n<p class=\"is-style-normal\"><strong>Le tourisme de savoir-faire est une sp\u00e9cialit\u00e9 fran\u00e7aise. <\/strong>Nul autre pays ne dispose d\u2019une offre aussi riche (plus de 3 500 entreprises dans tous les secteurs d\u2019activit\u00e9), r\u00e9partie sur l\u2019ensemble du territoire et f\u00e9d\u00e9r\u00e9e autour d\u2019un acteur : <strong>Entreprise et D\u00e9couverte.<\/strong><\/p>\n\n\n\n<p class=\"is-style-normal\">Le tourisme de savoir-faire est un tourisme culturel innovant, authentique, humain et porteur de valeurs. Il est \u00e9troitement li\u00e9 au d\u00e9veloppement durable car l\u2019ouverture au public participe \u00e0 l\u2019engagement social et environnemental des entreprise (transparence, valorisation des salari\u00e9s, \u00e9change avec les publics\u2026). <\/p>\n\n\n\n<p class=\"is-style-normal\">La fili\u00e8re b\u00e9n\u00e9ficie d\u2019une attractivit\u00e9 forte aupr\u00e8s des publics \u00e9trangers, <strong>mais peu ont connaissance de cette nouvelle offre du tourisme culturel et de ses sites les plus embl\u00e9matiques.&nbsp;<\/strong><\/p>\n\n\n\n<p class=\"is-style-normal\"><\/p>\n\n\n\n<p class=\"is-style-normal\"><\/p>\n\n\n\n<div class=\"wp-block-media-text alignwide has-media-on-the-right is-stacked-on-mobile is-image-fill\"><figure class=\"wp-block-media-text__media\" style=\"background-image:url(https:\/\/www.entrepriseetdecouverte.fr\/espace-pro\/wp-content\/uploads\/sites\/2\/2023\/11\/atelier-du-piment-1-1054x1200.jpg);background-position:50% 50%\"><img loading=\"lazy\" width=\"1054\" height=\"1200\" data-src=\"https:\/\/www.entrepriseetdecouverte.fr\/espace-pro\/wp-content\/uploads\/sites\/2\/2023\/11\/atelier-du-piment-1-1054x1200.jpg\" alt=\"\" class=\"wp-image-68292 size-full\" data-srcset=\"https:\/\/www.entrepriseetdecouverte.fr\/espace-pro\/wp-content\/uploads\/sites\/2\/2023\/11\/atelier-du-piment-1-1054x1200.jpg 1054w, https:\/\/www.entrepriseetdecouverte.fr\/espace-pro\/wp-content\/uploads\/sites\/2\/2023\/11\/atelier-du-piment-1-527x600.jpg 527w, https:\/\/www.entrepriseetdecouverte.fr\/espace-pro\/wp-content\/uploads\/sites\/2\/2023\/11\/atelier-du-piment-1-791x900.jpg 791w, https:\/\/www.entrepriseetdecouverte.fr\/espace-pro\/wp-content\/uploads\/sites\/2\/2023\/11\/atelier-du-piment-1-1349x1536.jpg 1349w, https:\/\/www.entrepriseetdecouverte.fr\/espace-pro\/wp-content\/uploads\/sites\/2\/2023\/11\/atelier-du-piment-1-200x228.jpg 200w, https:\/\/www.entrepriseetdecouverte.fr\/espace-pro\/wp-content\/uploads\/sites\/2\/2023\/11\/atelier-du-piment-1-53x60.jpg 53w, https:\/\/www.entrepriseetdecouverte.fr\/espace-pro\/wp-content\/uploads\/sites\/2\/2023\/11\/atelier-du-piment-1.jpg 1799w\" sizes=\"(max-width: 1054px) 100vw, 1054px\" \/><\/figure><div class=\"wp-block-media-text__content\">\n<p class=\"is-style-normal\"><\/p>\n\n\n\n<p class=\"is-style-normal\">En 2019, Entreprise et D\u00e9couverte a lanc\u00e9 <strong>une action de promotion \u00e0 l\u2019international du tourisme de savoir-faire <\/strong>en partenariat avec le Minist\u00e8re de l\u2019Europe et des Affaires \u00e9trang\u00e8res, le Minist\u00e8re de la Culture et Atout France. Un club d\u2019excellence du tourisme de savoir-faire est cr\u00e9\u00e9, rassemblant les plus belles visites d\u2019entreprise accessibles aux publics \u00e9trangers.  <\/p>\n\n\n\n<p class=\"is-style-normal\">Ils ont \u00e9t\u00e9 s\u00e9lectionn\u00e9s sur les crit\u00e8res suivants :<\/p>\n\n\n\n<ul><li>la capacit\u00e9 des entreprises \u00e0 <strong>accueillir les publics \u00e9trangers<\/strong>; <\/li><li>la <strong>notori\u00e9t\u00e9 de la marque<\/strong>, souvent symbole des savoir-faire d\u2019un territoire; <\/li><li>la proposition d\u2019une <strong>offre de visite de qualit\u00e9<\/strong> : culturelle, authentique, humaine et engag\u00e9e; <\/li><li>un ensemble <strong>repr\u00e9sentatif de la diversit\u00e9 des savoir-faire<\/strong> fran\u00e7ais.<\/li><\/ul>\n<\/div><\/div>\n\n\n\n<p class=\"is-style-normal\"><\/p>\n\n\n\n<p class=\"is-style-normal\"><\/p>\n\n\n\n<p class=\"is-style-blockquote\">Nous sommes heureux de partager avec vous la richesse de cette offre, et vous souhaitons d\u2019avance de tr\u00e8s belles visites !<\/p>\n\n\n\n<div class=\"wp-block-image is-style-default\"><figure class=\"aligncenter size-full is-resized\"><img loading=\"lazy\" data-src=\"https:\/\/www.entrepriseetdecouverte.fr\/espace-pro\/wp-content\/uploads\/sites\/2\/2023\/11\/logo_fsfe_recap-07.png\" alt=\"\" class=\"wp-image-68310\" width=\"471\" height=\"131\" data-srcset=\"https:\/\/www.entrepriseetdecouverte.fr\/espace-pro\/wp-content\/uploads\/sites\/2\/2023\/11\/logo_fsfe_recap-07.png 941w, https:\/\/www.entrepriseetdecouverte.fr\/espace-pro\/wp-content\/uploads\/sites\/2\/2023\/11\/logo_fsfe_recap-07-600x167.png 600w, https:\/\/www.entrepriseetdecouverte.fr\/espace-pro\/wp-content\/uploads\/sites\/2\/2023\/11\/logo_fsfe_recap-07-900x251.png 900w, https:\/\/www.entrepriseetdecouverte.fr\/espace-pro\/wp-content\/uploads\/sites\/2\/2023\/11\/logo_fsfe_recap-07-200x56.png 200w, https:\/\/www.entrepriseetdecouverte.fr\/espace-pro\/wp-content\/uploads\/sites\/2\/2023\/11\/logo_fsfe_recap-07-215x60.png 215w\" sizes=\"(max-width: 471px) 100vw, 471px\" \/><\/figure><\/div>\n\n\n\n<p><\/p>\n\n\n\n<h4>D\u00e9couvrir notre catalogue<\/h4>\n\n\n\n<div class=\"wp-block-columns\">\n<div class=\"wp-block-column\">\n<div class=\"wp-block-image is-style-default\"><figure class=\"aligncenter size-large\"><a href=\"https:\/\/www.entrepriseetdecouverte.fr\/espace-pro\/wp-content\/uploads\/sites\/2\/2024\/03\/web_cat_eed_-2024_interactif-3_compressed.pdf\" target=\"_blank\" rel=\"noopener\"><img loading=\"lazy\" width=\"816\" height=\"1200\" data-src=\"https:\/\/www.entrepriseetdecouverte.fr\/espace-pro\/wp-content\/uploads\/sites\/2\/2023\/11\/couverture-catalogue-france-savoir-faire-dexcellence-2023-816x1200.jpg\" alt=\"\" class=\"wp-image-68252\" data-srcset=\"https:\/\/www.entrepriseetdecouverte.fr\/espace-pro\/wp-content\/uploads\/sites\/2\/2023\/11\/couverture-catalogue-france-savoir-faire-dexcellence-2023-816x1200.jpg 816w, https:\/\/www.entrepriseetdecouverte.fr\/espace-pro\/wp-content\/uploads\/sites\/2\/2023\/11\/couverture-catalogue-france-savoir-faire-dexcellence-2023-408x600.jpg 408w, https:\/\/www.entrepriseetdecouverte.fr\/espace-pro\/wp-content\/uploads\/sites\/2\/2023\/11\/couverture-catalogue-france-savoir-faire-dexcellence-2023-612x900.jpg 612w, https:\/\/www.entrepriseetdecouverte.fr\/espace-pro\/wp-content\/uploads\/sites\/2\/2023\/11\/couverture-catalogue-france-savoir-faire-dexcellence-2023-200x294.jpg 200w, https:\/\/www.entrepriseetdecouverte.fr\/espace-pro\/wp-content\/uploads\/sites\/2\/2023\/11\/couverture-catalogue-france-savoir-faire-dexcellence-2023-41x60.jpg 41w, https:\/\/www.entrepriseetdecouverte.fr\/espace-pro\/wp-content\/uploads\/sites\/2\/2023\/11\/couverture-catalogue-france-savoir-faire-dexcellence-2023.jpg 1000w\" sizes=\"(max-width: 816px) 100vw, 816px\" \/><\/a><\/figure><\/div>\n<\/div>\n<\/div>\n\n\n\n<p class=\"is-style-highlight\" style=\"font-size:18px\">Retrouvez l&rsquo;ensemble des entreprises s\u00e9lectionn\u00e9es en <a rel=\"noreferrer noopener\" aria-label=\" (s\u2019ouvre dans un nouvel onglet)\" href=\"https:\/\/www.entrepriseetdecouverte.fr\/je-trouve-ma-visite\/par-thematique\/nos-sites-dexcellence\/\" target=\"_blank\">cliquant ici <\/a>! <\/p>\n","protected":false},"excerpt":{"rendered":"<p>La France est reconnue au plan international pour ses savoir-faire dans les secteurs du luxe, de la gastronomie, de l\u2019artisanat, de l\u2019\u00e9nergie, de l\u2019a\u00e9ronautique&#8230; Le Tourisme de savoir-faire permet d\u2019acc\u00e9der \u00e0 la fabrication de ces produits d\u2019excellence dans les ateliers, dans les usines.<br \/>\nD\u00e9couvrez notre catalogue France Savoir-Faire d&rsquo;Excellence, qui rassemble les plus belles visites d&rsquo;entreprise sur le territoire !  <\/p>\n","protected":false},"author":1,"featured_media":60430,"parent":11,"menu_order":30,"comment_status":"closed","ping_status":"closed","template":"","meta":{"_relevanssi_hide_post":"","_relevanssi_pin_for_all":"","_relevanssi_pin_keywords":"","_relevanssi_unpin_keywords":"","_relevanssi_related_keywords":"","_relevanssi_related_include_ids":"","_relevanssi_related_exclude_ids":"","_relevanssi_related_no_append":"","_relevanssi_related_not_related":"","_relevanssi_related_posts":"61125,62587,60354,62474,61625,61583","_relevanssi_noindex_reason":""},"yoast_head":"<!-- This site is optimized with the Yoast SEO plugin v17.4 - https:\/\/yoast.com\/wordpress\/plugins\/seo\/ -->\n<meta name=\"description\" content=\"La France est reconnue au plan international pour ses savoir-faire dans les secteurs du luxe, de la gastronomie, de l\u2019artisanat, de l\u2019\u00e9nergie, de l\u2019a\u00e9ronautique... Le Tourisme de savoir-faire permet d\u2019acc\u00e9der \u00e0 la fabrication de ces produits d\u2019excellence dans les ateliers, dans les usines.  D\u00e9couvrez notre catalogue France Savoir-Faire d&#039;Excellence, qui rassemble les plus belles visites d&#039;entreprise sur le territoire !\" \/>\n<meta name=\"robots\" content=\"index, follow, max-snippet:-1, max-image-preview:large, max-video-preview:-1\" \/>\n<link rel=\"canonical\" href=\"https:\/\/www.entrepriseetdecouverte.fr\/espace-pro\/le-reseau\/les-sites-dexcellence\/\" \/>\n<meta property=\"og:locale\" content=\"fr_FR\" \/>\n<meta property=\"og:type\" content=\"article\" \/>\n<meta property=\"og:title\" content=\"Les Sites d&#039;Excellence - Espace Pro Entreprise et D\u00e9couverte\" \/>\n<meta property=\"og:description\" content=\"La France est reconnue au plan international pour ses savoir-faire dans les secteurs du luxe, de la gastronomie, de l\u2019artisanat, de l\u2019\u00e9nergie, de l\u2019a\u00e9ronautique... Le Tourisme de savoir-faire permet d\u2019acc\u00e9der \u00e0 la fabrication de ces produits d\u2019excellence dans les ateliers, dans les usines.  D\u00e9couvrez notre catalogue France Savoir-Faire d&#039;Excellence, qui rassemble les plus belles visites d&#039;entreprise sur le territoire !\" \/>\n<meta property=\"og:url\" content=\"https:\/\/www.entrepriseetdecouverte.fr\/espace-pro\/le-reseau\/les-sites-dexcellence\/\" \/>\n<meta property=\"og:site_name\" content=\"Espace Pro\" \/>\n<meta property=\"article:modified_time\" content=\"2024-03-28T10:05:17+00:00\" \/>\n<meta property=\"og:image\" content=\"https:\/\/www.entrepriseetdecouverte.fr\/espace-pro\/wp-content\/uploads\/sites\/2\/2019\/11\/debuyer-900x639.png\" \/>\n\t<meta property=\"og:image:width\" content=\"900\" \/>\n\t<meta property=\"og:image:height\" content=\"639\" \/>\n<meta name=\"twitter:card\" content=\"summary_large_image\" \/>\n<meta name=\"twitter:label1\" content=\"Dur\u00e9e de lecture estim\u00e9e\" \/>\n\t<meta name=\"twitter:data1\" content=\"3 minutes\" \/>\n<script type=\"application\/ld+json\" class=\"yoast-schema-graph\">{\"@context\":\"https:\/\/schema.org\",\"@graph\":[{\"@type\":\"WebSite\",\"@id\":\"https:\/\/www.entrepriseetdecouverte.fr\/espace-pro\/#website\",\"url\":\"https:\/\/www.entrepriseetdecouverte.fr\/espace-pro\/\",\"name\":\"Espace Pro\",\"description\":\"Un site utilisant Entreprise et D\\u00e9couverte Sites\",\"potentialAction\":[{\"@type\":\"SearchAction\",\"target\":{\"@type\":\"EntryPoint\",\"urlTemplate\":\"https:\/\/www.entrepriseetdecouverte.fr\/espace-pro\/?s={search_term_string}\"},\"query-input\":\"required name=search_term_string\"}],\"inLanguage\":\"fr-FR\"},{\"@type\":\"ImageObject\",\"@id\":\"https:\/\/www.entrepriseetdecouverte.fr\/espace-pro\/le-reseau\/les-sites-dexcellence\/#primaryimage\",\"inLanguage\":\"fr-FR\",\"url\":\"https:\/\/www.entrepriseetdecouverte.fr\/espace-pro\/wp-content\/uploads\/sites\/2\/2019\/11\/debuyer.png\",\"contentUrl\":\"https:\/\/www.entrepriseetdecouverte.fr\/espace-pro\/wp-content\/uploads\/sites\/2\/2019\/11\/debuyer.png\",\"width\":1747,\"height\":1240},{\"@type\":\"WebPage\",\"@id\":\"https:\/\/www.entrepriseetdecouverte.fr\/espace-pro\/le-reseau\/les-sites-dexcellence\/#webpage\",\"url\":\"https:\/\/www.entrepriseetdecouverte.fr\/espace-pro\/le-reseau\/les-sites-dexcellence\/\",\"name\":\"Les Sites d'Excellence - Espace Pro Entreprise et D\\u00e9couverte\",\"isPartOf\":{\"@id\":\"https:\/\/www.entrepriseetdecouverte.fr\/espace-pro\/#website\"},\"primaryImageOfPage\":{\"@id\":\"https:\/\/www.entrepriseetdecouverte.fr\/espace-pro\/le-reseau\/les-sites-dexcellence\/#primaryimage\"},\"datePublished\":\"2019-09-12T09:47:46+00:00\",\"dateModified\":\"2024-03-28T10:05:17+00:00\",\"description\":\"La France est reconnue au plan international pour ses savoir-faire dans les secteurs du luxe, de la gastronomie, de l\\u2019artisanat, de l\\u2019\\u00e9nergie, de l\\u2019a\\u00e9ronautique... Le Tourisme de savoir-faire permet d\\u2019acc\\u00e9der \\u00e0 la fabrication de ces produits d\\u2019excellence dans les ateliers, dans les usines. D\\u00e9couvrez notre catalogue France Savoir-Faire d'Excellence, qui rassemble les plus belles visites d'entreprise sur le territoire !\",\"breadcrumb\":{\"@id\":\"https:\/\/www.entrepriseetdecouverte.fr\/espace-pro\/le-reseau\/les-sites-dexcellence\/#breadcrumb\"},\"inLanguage\":\"fr-FR\",\"potentialAction\":[{\"@type\":\"ReadAction\",\"target\":[\"https:\/\/www.entrepriseetdecouverte.fr\/espace-pro\/le-reseau\/les-sites-dexcellence\/\"]}]},{\"@type\":\"BreadcrumbList\",\"@id\":\"https:\/\/www.entrepriseetdecouverte.fr\/espace-pro\/le-reseau\/les-sites-dexcellence\/#breadcrumb\",\"itemListElement\":[{\"@type\":\"ListItem\",\"position\":1,\"name\":\"Accueil\",\"item\":\"https:\/\/www.entrepriseetdecouverte.fr\/espace-pro\/\"},{\"@type\":\"ListItem\",\"position\":2,\"name\":\"Le r\\u00e9seau\",\"item\":\"https:\/\/www.entrepriseetdecouverte.fr\/espace-pro\/le-reseau\/\"},{\"@type\":\"ListItem\",\"position\":3,\"name\":\"Les Sites d&rsquo;Excellence\"}]}]}<\/script>\n<!-- \/ Yoast SEO plugin. -->","yoast_head_json":{"description":"La France est reconnue au plan international pour ses savoir-faire dans les secteurs du luxe, de la gastronomie, de l\u2019artisanat, de l\u2019\u00e9nergie, de l\u2019a\u00e9ronautique... Le Tourisme de savoir-faire permet d\u2019acc\u00e9der \u00e0 la fabrication de ces produits d\u2019excellence dans les ateliers, dans les usines.  D\u00e9couvrez notre catalogue France Savoir-Faire d'Excellence, qui rassemble les plus belles visites d'entreprise sur le territoire !","robots":{"index":"index","follow":"follow","max-snippet":"max-snippet:-1","max-image-preview":"max-image-preview:large","max-video-preview":"max-video-preview:-1"},"canonical":"https:\/\/www.entrepriseetdecouverte.fr\/espace-pro\/le-reseau\/les-sites-dexcellence\/","og_locale":"fr_FR","og_type":"article","og_title":"Les Sites d'Excellence - Espace Pro Entreprise et D\u00e9couverte","og_description":"La France est reconnue au plan international pour ses savoir-faire dans les secteurs du luxe, de la gastronomie, de l\u2019artisanat, de l\u2019\u00e9nergie, de l\u2019a\u00e9ronautique... Le Tourisme de savoir-faire permet d\u2019acc\u00e9der \u00e0 la fabrication de ces produits d\u2019excellence dans les ateliers, dans les usines.  D\u00e9couvrez notre catalogue France Savoir-Faire d'Excellence, qui rassemble les plus belles visites d'entreprise sur le territoire !","og_url":"https:\/\/www.entrepriseetdecouverte.fr\/espace-pro\/le-reseau\/les-sites-dexcellence\/","og_site_name":"Espace Pro","article_modified_time":"2024-03-28T10:05:17+00:00","og_image":[{"width":900,"height":639,"url":"https:\/\/www.entrepriseetdecouverte.fr\/espace-pro\/wp-content\/uploads\/sites\/2\/2019\/11\/debuyer-900x639.png","type":"image\/png"}],"twitter_card":"summary_large_image","twitter_misc":{"Dur\u00e9e de lecture estim\u00e9e":"3 minutes"},"schema":{"@context":"https:\/\/schema.org","@graph":[{"@type":"WebSite","@id":"https:\/\/www.entrepriseetdecouverte.fr\/espace-pro\/#website","url":"https:\/\/www.entrepriseetdecouverte.fr\/espace-pro\/","name":"Espace Pro","description":"Un site utilisant Entreprise et D\u00e9couverte Sites","potentialAction":[{"@type":"SearchAction","target":{"@type":"EntryPoint","urlTemplate":"https:\/\/www.entrepriseetdecouverte.fr\/espace-pro\/?s={search_term_string}"},"query-input":"required name=search_term_string"}],"inLanguage":"fr-FR"},{"@type":"ImageObject","@id":"https:\/\/www.entrepriseetdecouverte.fr\/espace-pro\/le-reseau\/les-sites-dexcellence\/#primaryimage","inLanguage":"fr-FR","url":"https:\/\/www.entrepriseetdecouverte.fr\/espace-pro\/wp-content\/uploads\/sites\/2\/2019\/11\/debuyer.png","contentUrl":"https:\/\/www.entrepriseetdecouverte.fr\/espace-pro\/wp-content\/uploads\/sites\/2\/2019\/11\/debuyer.png","width":1747,"height":1240},{"@type":"WebPage","@id":"https:\/\/www.entrepriseetdecouverte.fr\/espace-pro\/le-reseau\/les-sites-dexcellence\/#webpage","url":"https:\/\/www.entrepriseetdecouverte.fr\/espace-pro\/le-reseau\/les-sites-dexcellence\/","name":"Les Sites d'Excellence - Espace Pro Entreprise et D\u00e9couverte","isPartOf":{"@id":"https:\/\/www.entrepriseetdecouverte.fr\/espace-pro\/#website"},"primaryImageOfPage":{"@id":"https:\/\/www.entrepriseetdecouverte.fr\/espace-pro\/le-reseau\/les-sites-dexcellence\/#primaryimage"},"datePublished":"2019-09-12T09:47:46+00:00","dateModified":"2024-03-28T10:05:17+00:00","description":"La France est reconnue au plan international pour ses savoir-faire dans les secteurs du luxe, de la gastronomie, de l\u2019artisanat, de l\u2019\u00e9nergie, de l\u2019a\u00e9ronautique... Le Tourisme de savoir-faire permet d\u2019acc\u00e9der \u00e0 la fabrication de ces produits d\u2019excellence dans les ateliers, dans les usines. D\u00e9couvrez notre catalogue France Savoir-Faire d'Excellence, qui rassemble les plus belles visites d'entreprise sur le territoire !","breadcrumb":{"@id":"https:\/\/www.entrepriseetdecouverte.fr\/espace-pro\/le-reseau\/les-sites-dexcellence\/#breadcrumb"},"inLanguage":"fr-FR","potentialAction":[{"@type":"ReadAction","target":["https:\/\/www.entrepriseetdecouverte.fr\/espace-pro\/le-reseau\/les-sites-dexcellence\/"]}]},{"@type":"BreadcrumbList","@id":"https:\/\/www.entrepriseetdecouverte.fr\/espace-pro\/le-reseau\/les-sites-dexcellence\/#breadcrumb","itemListElement":[{"@type":"ListItem","position":1,"name":"Accueil","item":"https:\/\/www.entrepriseetdecouverte.fr\/espace-pro\/"},{"@type":"ListItem","position":2,"name":"Le r\u00e9seau","item":"https:\/\/www.entrepriseetdecouverte.fr\/espace-pro\/le-reseau\/"},{"@type":"ListItem","position":3,"name":"Les Sites d&rsquo;Excellence"}]}]}},"_links":{"self":[{"href":"https:\/\/www.entrepriseetdecouverte.fr\/espace-pro\/wp-json\/wp\/v2\/pages\/48"}],"collection":[{"href":"https:\/\/www.entrepriseetdecouverte.fr\/espace-pro\/wp-json\/wp\/v2\/pages"}],"about":[{"href":"https:\/\/www.entrepriseetdecouverte.fr\/espace-pro\/wp-json\/wp\/v2\/types\/page"}],"author":[{"embeddable":true,"href":"https:\/\/www.entrepriseetdecouverte.fr\/espace-pro\/wp-json\/wp\/v2\/users\/1"}],"replies":[{"embeddable":true,"href":"https:\/\/www.entrepriseetdecouverte.fr\/espace-pro\/wp-json\/wp\/v2\/comments?post=48"}],"version-history":[{"count":69,"href":"https:\/\/www.entrepriseetdecouverte.fr\/espace-pro\/wp-json\/wp\/v2\/pages\/48\/revisions"}],"predecessor-version":[{"id":73175,"href":"https:\/\/www.entrepriseetdecouverte.fr\/espace-pro\/wp-json\/wp\/v2\/pages\/48\/revisions\/73175"}],"up":[{"embeddable":true,"href":"https:\/\/www.entrepriseetdecouverte.fr\/espace-pro\/wp-json\/wp\/v2\/pages\/11"}],"wp:featuredmedia":[{"embeddable":true,"href":"https:\/\/www.entrepriseetdecouverte.fr\/espace-pro\/wp-json\/wp\/v2\/media\/60430"}],"wp:attachment":[{"href":"https:\/\/www.entrepriseetdecouverte.fr\/espace-pro\/wp-json\/wp\/v2\/media?parent=48"}],"curies":[{"name":"wp","href":"https:\/\/api.w.org\/{rel}","templated":true}]}}