{"id":46,"date":"2019-09-12T11:47:33","date_gmt":"2019-09-12T09:47:33","guid":{"rendered":"https:\/\/www.entrepriseetdecouverte.fr\/espace-pro\/?page_id=46"},"modified":"2023-11-29T22:18:45","modified_gmt":"2023-11-29T21:18:45","slug":"rejoindre-le-reseau","status":"publish","type":"page","link":"https:\/\/www.entrepriseetdecouverte.fr\/espace-pro\/le-reseau\/rejoindre-le-reseau\/","title":{"rendered":"Rejoindre le r\u00e9seau"},"content":{"rendered":"\n<p class=\"is-style-intro\">Un des forces d\u2019entreprise et d\u00e9couverte est la richesse de son r\u00e9seau au plan national et dans les territoires,&nbsp; tant du c\u00f4t\u00e9 des entreprises que des professionnels du tourisme.  <\/p>\n\n\n\n<h3>Ce r\u00e9seau est organis\u00e9 en 3&nbsp;cercles&nbsp;:<\/h3>\n\n\n\n<p><strong>Le coll\u00e8ge de partenaires<\/strong><\/p>\n\n\n\n<p> C\u2019est l\u2019instance qui accompagne l\u2019association dans son d\u00e9veloppement strat\u00e9gique et participe \u00e0 son financement. Ce coll\u00e8ge qui se r\u00e9unit 2 fois par ans est repr\u00e9sent\u00e9 par trois&nbsp; cat\u00e9gories d\u2019acteurs&nbsp;:  <\/p>\n\n\n\n<ul><li>Les minist\u00e8res et instances nationales du tourisme <\/li><li>les entreprises et f\u00e9d\u00e9rations les plus impliqu\u00e9es dans la visite d\u2019entreprise<\/li><li>les r\u00e9gions les plus actives en mati\u00e8re de tourisme de savoir-faire <\/li><\/ul>\n\n\n\n<p> Il compte aujourd\u2019hui 25 membres. D\u00e9couvrez nos <a href=\"https:\/\/entreprise-et-decouverte.preprod3.irislab.top\/espace-pro\/lassociation\/nos-partenaires\/\">partenaires<\/a>. <\/p>\n\n\n\n<p><strong>Le club des sites d\u2019excellence des savoir-faire<\/strong><\/p>\n\n\n\n<p>Le club rassemble les entreprises les plus engag\u00e9es sur le tourisme de savoir-faire, notamment \u00e0 destination des publics \u00e9trangers. Il compte pr\u00e8s de 100 entreprises constituant la vitrine du savoir-faire fran\u00e7ais. Avec le club, nous menons, en partenariat avec Atout France, des actions \u00e0 l\u2019international.  <\/p>\n\n\n\n<p>Ce club n\u2019est pas ferm\u00e9, mais chaque candidature est scrupuleusement examin\u00e9e au regard de 3 crit\u00e8res&nbsp;: la qualit\u00e9 de la visite propos\u00e9e, la notori\u00e9t\u00e9 de l\u2019entreprise et la capacit\u00e9 \u00e0 accueillir des visiteurs \u00e9trangers. <\/p>\n\n\n\n<p> D\u00e9couvrez <a href=\"https:\/\/entreprise-et-decouverte.preprod3.irislab.top\/espace-pro\/le-reseau\/les-sites-dexcellence\/\">France savoir-faire d&rsquo;Excellence<\/a>. <\/p>\n\n\n\n<p><strong>Les adh\u00e9rents Entreprise et D\u00e9couverte<\/strong><\/p>\n\n\n\n<p>L\u2019association compte pr\u00e8s de 400 adh\u00e9rents, c\u00f4t\u00e9 entreprises et c\u00f4t\u00e9 territoires (Offices de Tourisme, CDT et CRT).  <\/p>\n\n\n\n<p>Les adh\u00e9rents b\u00e9n\u00e9ficient de nos actions de communication (site internet, guides, presse et r\u00e9seaux sociaux), de lobbying et de rencontres (notamment <a href=\"https:\/\/entreprise-et-decouverte.preprod3.irislab.top\/espace-pro\/le-reseau\/les-rencontres-de-la-visite-dentreprise\/\">rencontres nationales de la visite d\u2019entreprise<\/a> organis\u00e9es chaque ann\u00e9e dans une nouvelle r\u00e9gion&nbsp;).  <\/p>\n\n\n\n<p><a href=\"https:\/\/www.entrepriseetdecouverte.fr\/wp-content\/uploads\/2023\/11\/b_adhesion_entreprise_2024-3.pdf\" target=\"_blank\" rel=\"noreferrer noopener\">Bulletin d&rsquo;adh\u00e9sion 2024 Entreprises<\/a><\/p>\n\n\n\n<p><a href=\"https:\/\/www.entrepriseetdecouverte.fr\/wp-content\/uploads\/2023\/11\/b_adhesion_acteurs_territoires_2024-6.pdf\" target=\"_blank\" rel=\"noreferrer noopener\">Bulletin d&rsquo;adh\u00e9sion 2024 Acteurs des Territoires<\/a><\/p>\n\n\n\n<h3>Comment adh\u00e9rer \u00e0 Entreprise et D\u00e9couverte ? <\/h3>\n\n\n\n<p>Contactez-nous pour \u00e9changer sur vos visites ! <\/p>\n\n\n\n<div role=\"form\" class=\"wpcf7\" id=\"wpcf7-f61727-o1\" lang=\"fr-FR\" dir=\"ltr\">\n<div class=\"screen-reader-response\"><p role=\"status\" aria-live=\"polite\" aria-atomic=\"true\"><\/p> <ul><\/ul><\/div>\n<form action=\"\/espace-pro\/wp-json\/wp\/v2\/pages\/46#wpcf7-f61727-o1\" method=\"post\" class=\"wpcf7-form init\" novalidate=\"novalidate\" data-status=\"init\">\n<div style=\"display: none;\">\n<input type=\"hidden\" name=\"_wpcf7\" value=\"61727\" \/>\n<input type=\"hidden\" name=\"_wpcf7_version\" value=\"5.5.2\" \/>\n<input type=\"hidden\" name=\"_wpcf7_locale\" value=\"fr_FR\" \/>\n<input type=\"hidden\" name=\"_wpcf7_unit_tag\" value=\"wpcf7-f61727-o1\" \/>\n<input type=\"hidden\" name=\"_wpcf7_container_post\" value=\"0\" \/>\n<input type=\"hidden\" name=\"_wpcf7_posted_data_hash\" value=\"\" \/>\n<input type=\"hidden\" name=\"_wpcf7_recaptcha_response\" value=\"\" \/>\n<\/div>\n<div class=\"form form--cf7\">\n<div class=\"formGroup\">\n<label>Objet de la demande *<\/label><span class=\"wpcf7-form-control-wrap objet\"><input type=\"text\" name=\"objet\" value=\"\" size=\"40\" class=\"wpcf7-form-control wpcf7-text wpcf7-validates-as-required\" aria-required=\"true\" aria-invalid=\"false\" \/><\/span>\n<\/div>\n<div class=\"formGroup\">\n<label>Nom - Pr\u00e9nom *<\/label><span class=\"wpcf7-form-control-wrap contact-nom\"><input type=\"text\" name=\"contact-nom\" value=\"\" size=\"40\" class=\"wpcf7-form-control wpcf7-text wpcf7-validates-as-required\" aria-required=\"true\" aria-invalid=\"false\" \/><\/span>\n<\/div>\n<div class=\"formGroup\">\n<label>E-mail *<\/label><span class=\"wpcf7-form-control-wrap contact-email\"><input type=\"email\" name=\"contact-email\" value=\"\" size=\"40\" class=\"wpcf7-form-control wpcf7-text wpcf7-email wpcf7-validates-as-required wpcf7-validates-as-email\" aria-required=\"true\" aria-invalid=\"false\" \/><\/span>\n<\/div>\n<div class=\"formGroup\">\n<label>T\u00e9l\u00e9phone<\/label><span class=\"wpcf7-form-control-wrap contact-tel\"><input type=\"tel\" name=\"contact-tel\" value=\"\" size=\"40\" class=\"wpcf7-form-control wpcf7-text wpcf7-tel wpcf7-validates-as-tel\" aria-invalid=\"false\" \/><\/span>\n<\/div>\n<div class=\"formGroup\">\n<label>D\u00e9partement<\/label><span class=\"wpcf7-form-control-wrap departement\"><input type=\"text\" name=\"departement\" value=\"\" size=\"40\" class=\"wpcf7-form-control wpcf7-text\" aria-invalid=\"false\" \/><\/span>\n<\/div>\n<div class=\"formGroup\">\n<label>Message *<\/label><span class=\"wpcf7-form-control-wrap contact-message\"><textarea name=\"contact-message\" cols=\"40\" rows=\"10\" class=\"wpcf7-form-control wpcf7-textarea wpcf7-validates-as-required\" aria-required=\"true\" aria-invalid=\"false\"><\/textarea><\/span>\n<\/div>\n<div class=\"formGroup formGroup--noLabel\">\n<p class=\"required\">Les champs marqu\u00e9s du symbole * sont obligatoires.<\/p>\n<\/div>\n<div class=\"formGroup formGroup--noLabel\">\n\n<\/div>\n<div class=\"formGroup formGroup--noLabel\">\n<button class=\"button\" type=\"submit\">Envoyer<\/button>\n<\/div>\n<\/div>\n<div class=\"wpcf7-response-output\" aria-hidden=\"true\"><\/div><\/form><\/div>\n","protected":false},"excerpt":{"rendered":"<p>Un des forces d\u2019entreprise et d\u00e9couverte est la richesse de son r\u00e9seau au plan national et dans les territoires,&nbsp; tant du c\u00f4t\u00e9 des entreprises que des professionnels du tourisme. Ce r\u00e9seau est organis\u00e9 en 3&nbsp;cercles&nbsp;: Le coll\u00e8ge de partenaires C\u2019est l\u2019instance qui accompagne l\u2019association dans son d\u00e9veloppement strat\u00e9gique et participe \u00e0 son financement. Ce coll\u00e8ge [&hellip;]<\/p>\n","protected":false},"author":1,"featured_media":61699,"parent":11,"menu_order":10,"comment_status":"closed","ping_status":"closed","template":"","meta":{"_relevanssi_hide_post":"","_relevanssi_pin_for_all":"","_relevanssi_pin_keywords":"","_relevanssi_unpin_keywords":"","_relevanssi_related_keywords":"","_relevanssi_related_include_ids":"","_relevanssi_related_exclude_ids":"","_relevanssi_related_no_append":"","_relevanssi_related_not_related":"","_relevanssi_related_posts":"62659,62348,60881,61372,62251,61450","_relevanssi_noindex_reason":""},"yoast_head":"<!-- This site is optimized with the Yoast SEO plugin v17.4 - https:\/\/yoast.com\/wordpress\/plugins\/seo\/ -->\n<meta name=\"description\" content=\"Un des forces d\u2019entreprise et d\u00e9couverte est la richesse de son r\u00e9seau au plan national et dans les territoires,&nbsp; tant du c\u00f4t\u00e9 des entreprises que\" \/>\n<meta name=\"robots\" content=\"index, follow, max-snippet:-1, max-image-preview:large, max-video-preview:-1\" \/>\n<link rel=\"canonical\" href=\"https:\/\/www.entrepriseetdecouverte.fr\/espace-pro\/le-reseau\/rejoindre-le-reseau\/\" \/>\n<meta property=\"og:locale\" content=\"fr_FR\" \/>\n<meta property=\"og:type\" content=\"article\" \/>\n<meta property=\"og:title\" content=\"Rejoindre le r\u00e9seau - Espace Pro\" \/>\n<meta property=\"og:description\" content=\"Un des forces d\u2019entreprise et d\u00e9couverte est la richesse de son r\u00e9seau au plan national et dans les territoires,&nbsp; tant du c\u00f4t\u00e9 des entreprises que\" \/>\n<meta property=\"og:url\" content=\"https:\/\/www.entrepriseetdecouverte.fr\/espace-pro\/le-reseau\/rejoindre-le-reseau\/\" \/>\n<meta property=\"og:site_name\" content=\"Espace Pro\" \/>\n<meta property=\"article:modified_time\" content=\"2023-11-29T21:18:45+00:00\" \/>\n<meta property=\"og:image\" content=\"https:\/\/www.entrepriseetdecouverte.fr\/espace-pro\/wp-content\/uploads\/sites\/2\/2020\/10\/quai-dorsay-entreprise-decouverte.jpg\" \/>\n\t<meta property=\"og:image:width\" content=\"799\" \/>\n\t<meta property=\"og:image:height\" content=\"533\" \/>\n<meta name=\"twitter:card\" content=\"summary_large_image\" \/>\n<meta name=\"twitter:label1\" content=\"Dur\u00e9e de lecture estim\u00e9e\" \/>\n\t<meta name=\"twitter:data1\" content=\"2 minutes\" \/>\n<script type=\"application\/ld+json\" class=\"yoast-schema-graph\">{\"@context\":\"https:\/\/schema.org\",\"@graph\":[{\"@type\":\"WebSite\",\"@id\":\"https:\/\/www.entrepriseetdecouverte.fr\/espace-pro\/#website\",\"url\":\"https:\/\/www.entrepriseetdecouverte.fr\/espace-pro\/\",\"name\":\"Espace Pro\",\"description\":\"Un site utilisant Entreprise et D\\u00e9couverte Sites\",\"potentialAction\":[{\"@type\":\"SearchAction\",\"target\":{\"@type\":\"EntryPoint\",\"urlTemplate\":\"https:\/\/www.entrepriseetdecouverte.fr\/espace-pro\/?s={search_term_string}\"},\"query-input\":\"required name=search_term_string\"}],\"inLanguage\":\"fr-FR\"},{\"@type\":\"ImageObject\",\"@id\":\"https:\/\/www.entrepriseetdecouverte.fr\/espace-pro\/le-reseau\/rejoindre-le-reseau\/#primaryimage\",\"inLanguage\":\"fr-FR\",\"url\":\"https:\/\/www.entrepriseetdecouverte.fr\/espace-pro\/wp-content\/uploads\/sites\/2\/2020\/10\/quai-dorsay-entreprise-decouverte.jpg\",\"contentUrl\":\"https:\/\/www.entrepriseetdecouverte.fr\/espace-pro\/wp-content\/uploads\/sites\/2\/2020\/10\/quai-dorsay-entreprise-decouverte.jpg\",\"width\":799,\"height\":533},{\"@type\":\"WebPage\",\"@id\":\"https:\/\/www.entrepriseetdecouverte.fr\/espace-pro\/le-reseau\/rejoindre-le-reseau\/#webpage\",\"url\":\"https:\/\/www.entrepriseetdecouverte.fr\/espace-pro\/le-reseau\/rejoindre-le-reseau\/\",\"name\":\"Rejoindre le r\\u00e9seau - Espace Pro\",\"isPartOf\":{\"@id\":\"https:\/\/www.entrepriseetdecouverte.fr\/espace-pro\/#website\"},\"primaryImageOfPage\":{\"@id\":\"https:\/\/www.entrepriseetdecouverte.fr\/espace-pro\/le-reseau\/rejoindre-le-reseau\/#primaryimage\"},\"datePublished\":\"2019-09-12T09:47:33+00:00\",\"dateModified\":\"2023-11-29T21:18:45+00:00\",\"description\":\"Un des forces d\\u2019entreprise et d\\u00e9couverte est la richesse de son r\\u00e9seau au plan national et dans les territoires,&nbsp; tant du c\\u00f4t\\u00e9 des entreprises que\",\"breadcrumb\":{\"@id\":\"https:\/\/www.entrepriseetdecouverte.fr\/espace-pro\/le-reseau\/rejoindre-le-reseau\/#breadcrumb\"},\"inLanguage\":\"fr-FR\",\"potentialAction\":[{\"@type\":\"ReadAction\",\"target\":[\"https:\/\/www.entrepriseetdecouverte.fr\/espace-pro\/le-reseau\/rejoindre-le-reseau\/\"]}]},{\"@type\":\"BreadcrumbList\",\"@id\":\"https:\/\/www.entrepriseetdecouverte.fr\/espace-pro\/le-reseau\/rejoindre-le-reseau\/#breadcrumb\",\"itemListElement\":[{\"@type\":\"ListItem\",\"position\":1,\"name\":\"Accueil\",\"item\":\"https:\/\/www.entrepriseetdecouverte.fr\/espace-pro\/\"},{\"@type\":\"ListItem\",\"position\":2,\"name\":\"Le r\\u00e9seau\",\"item\":\"https:\/\/www.entrepriseetdecouverte.fr\/espace-pro\/le-reseau\/\"},{\"@type\":\"ListItem\",\"position\":3,\"name\":\"Rejoindre le r\\u00e9seau\"}]}]}<\/script>\n<!-- \/ Yoast SEO plugin. -->","yoast_head_json":{"description":"Un des forces d\u2019entreprise et d\u00e9couverte est la richesse de son r\u00e9seau au plan national et dans les territoires,&nbsp; tant du c\u00f4t\u00e9 des entreprises que","robots":{"index":"index","follow":"follow","max-snippet":"max-snippet:-1","max-image-preview":"max-image-preview:large","max-video-preview":"max-video-preview:-1"},"canonical":"https:\/\/www.entrepriseetdecouverte.fr\/espace-pro\/le-reseau\/rejoindre-le-reseau\/","og_locale":"fr_FR","og_type":"article","og_title":"Rejoindre le r\u00e9seau - Espace Pro","og_description":"Un des forces d\u2019entreprise et d\u00e9couverte est la richesse de son r\u00e9seau au plan national et dans les territoires,&nbsp; tant du c\u00f4t\u00e9 des entreprises que","og_url":"https:\/\/www.entrepriseetdecouverte.fr\/espace-pro\/le-reseau\/rejoindre-le-reseau\/","og_site_name":"Espace Pro","article_modified_time":"2023-11-29T21:18:45+00:00","og_image":[{"width":799,"height":533,"url":"https:\/\/www.entrepriseetdecouverte.fr\/espace-pro\/wp-content\/uploads\/sites\/2\/2020\/10\/quai-dorsay-entreprise-decouverte.jpg","type":"image\/jpeg"}],"twitter_card":"summary_large_image","twitter_misc":{"Dur\u00e9e de lecture estim\u00e9e":"2 minutes"},"schema":{"@context":"https:\/\/schema.org","@graph":[{"@type":"WebSite","@id":"https:\/\/www.entrepriseetdecouverte.fr\/espace-pro\/#website","url":"https:\/\/www.entrepriseetdecouverte.fr\/espace-pro\/","name":"Espace Pro","description":"Un site utilisant Entreprise et D\u00e9couverte Sites","potentialAction":[{"@type":"SearchAction","target":{"@type":"EntryPoint","urlTemplate":"https:\/\/www.entrepriseetdecouverte.fr\/espace-pro\/?s={search_term_string}"},"query-input":"required name=search_term_string"}],"inLanguage":"fr-FR"},{"@type":"ImageObject","@id":"https:\/\/www.entrepriseetdecouverte.fr\/espace-pro\/le-reseau\/rejoindre-le-reseau\/#primaryimage","inLanguage":"fr-FR","url":"https:\/\/www.entrepriseetdecouverte.fr\/espace-pro\/wp-content\/uploads\/sites\/2\/2020\/10\/quai-dorsay-entreprise-decouverte.jpg","contentUrl":"https:\/\/www.entrepriseetdecouverte.fr\/espace-pro\/wp-content\/uploads\/sites\/2\/2020\/10\/quai-dorsay-entreprise-decouverte.jpg","width":799,"height":533},{"@type":"WebPage","@id":"https:\/\/www.entrepriseetdecouverte.fr\/espace-pro\/le-reseau\/rejoindre-le-reseau\/#webpage","url":"https:\/\/www.entrepriseetdecouverte.fr\/espace-pro\/le-reseau\/rejoindre-le-reseau\/","name":"Rejoindre le r\u00e9seau - Espace Pro","isPartOf":{"@id":"https:\/\/www.entrepriseetdecouverte.fr\/espace-pro\/#website"},"primaryImageOfPage":{"@id":"https:\/\/www.entrepriseetdecouverte.fr\/espace-pro\/le-reseau\/rejoindre-le-reseau\/#primaryimage"},"datePublished":"2019-09-12T09:47:33+00:00","dateModified":"2023-11-29T21:18:45+00:00","description":"Un des forces d\u2019entreprise et d\u00e9couverte est la richesse de son r\u00e9seau au plan national et dans les territoires,&nbsp; tant du c\u00f4t\u00e9 des entreprises que","breadcrumb":{"@id":"https:\/\/www.entrepriseetdecouverte.fr\/espace-pro\/le-reseau\/rejoindre-le-reseau\/#breadcrumb"},"inLanguage":"fr-FR","potentialAction":[{"@type":"ReadAction","target":["https:\/\/www.entrepriseetdecouverte.fr\/espace-pro\/le-reseau\/rejoindre-le-reseau\/"]}]},{"@type":"BreadcrumbList","@id":"https:\/\/www.entrepriseetdecouverte.fr\/espace-pro\/le-reseau\/rejoindre-le-reseau\/#breadcrumb","itemListElement":[{"@type":"ListItem","position":1,"name":"Accueil","item":"https:\/\/www.entrepriseetdecouverte.fr\/espace-pro\/"},{"@type":"ListItem","position":2,"name":"Le r\u00e9seau","item":"https:\/\/www.entrepriseetdecouverte.fr\/espace-pro\/le-reseau\/"},{"@type":"ListItem","position":3,"name":"Rejoindre le r\u00e9seau"}]}]}},"_links":{"self":[{"href":"https:\/\/www.entrepriseetdecouverte.fr\/espace-pro\/wp-json\/wp\/v2\/pages\/46"}],"collection":[{"href":"https:\/\/www.entrepriseetdecouverte.fr\/espace-pro\/wp-json\/wp\/v2\/pages"}],"about":[{"href":"https:\/\/www.entrepriseetdecouverte.fr\/espace-pro\/wp-json\/wp\/v2\/types\/page"}],"author":[{"embeddable":true,"href":"https:\/\/www.entrepriseetdecouverte.fr\/espace-pro\/wp-json\/wp\/v2\/users\/1"}],"replies":[{"embeddable":true,"href":"https:\/\/www.entrepriseetdecouverte.fr\/espace-pro\/wp-json\/wp\/v2\/comments?post=46"}],"version-history":[{"count":32,"href":"https:\/\/www.entrepriseetdecouverte.fr\/espace-pro\/wp-json\/wp\/v2\/pages\/46\/revisions"}],"predecessor-version":[{"id":68307,"href":"https:\/\/www.entrepriseetdecouverte.fr\/espace-pro\/wp-json\/wp\/v2\/pages\/46\/revisions\/68307"}],"up":[{"embeddable":true,"href":"https:\/\/www.entrepriseetdecouverte.fr\/espace-pro\/wp-json\/wp\/v2\/pages\/11"}],"wp:featuredmedia":[{"embeddable":true,"href":"https:\/\/www.entrepriseetdecouverte.fr\/espace-pro\/wp-json\/wp\/v2\/media\/61699"}],"wp:attachment":[{"href":"https:\/\/www.entrepriseetdecouverte.fr\/espace-pro\/wp-json\/wp\/v2\/media?parent=46"}],"curies":[{"name":"wp","href":"https:\/\/api.w.org\/{rel}","templated":true}]}}