{"id":42,"date":"2019-09-12T11:47:06","date_gmt":"2019-09-12T09:47:06","guid":{"rendered":"https:\/\/www.entrepriseetdecouverte.fr\/espace-pro\/?page_id=42"},"modified":"2025-03-24T15:31:03","modified_gmt":"2025-03-24T14:31:03","slug":"nos-references","status":"publish","type":"page","link":"https:\/\/www.entrepriseetdecouverte.fr\/espace-pro\/laccompagnement\/nos-references\/","title":{"rendered":"Nos r\u00e9f\u00e9rences"},"content":{"rendered":"\n<h3>Audits de faisabilit\u00e9 <\/h3>\n\n\n\n<p class=\"is-style-default\" style=\"font-size:18px\">L\u2019audit de faisabilit\u00e9 est une aide indispensable \u00e0 l\u2019\u00e9quipe projet de l\u2019entreprise pour <strong>construire une offre de visite de qualit\u00e9 et le bon mod\u00e8le \u00e9conomique.&nbsp;<\/strong>Il est utilement accompagn\u00e9 d\u2019un benchmark.&nbsp;&nbsp;<\/p>\n\n\n\n<figure class=\"wp-block-gallery alignwide columns-3 is-cropped\"><ul class=\"blocks-gallery-grid\"><li class=\"blocks-gallery-item\"><figure><img loading=\"lazy\" width=\"600\" height=\"600\" data-src=\"https:\/\/www.entrepriseetdecouverte.fr\/espace-pro\/wp-content\/uploads\/sites\/2\/2024\/11\/laiteries-les-fayes_imglk.2-600x600.png\" alt=\"\" data-id=\"69761\" data-full-url=\"https:\/\/www.entrepriseetdecouverte.fr\/espace-pro\/wp-content\/uploads\/sites\/2\/2024\/11\/laiteries-les-fayes_imglk.2.png\" data-link=\"https:\/\/www.entrepriseetdecouverte.fr\/espace-pro\/2024\/11\/05\/les-accompagnements-en-cours\/laiteries-les-fayes_imglk-2\/\" class=\"wp-image-69761\" data-srcset=\"https:\/\/www.entrepriseetdecouverte.fr\/espace-pro\/wp-content\/uploads\/sites\/2\/2024\/11\/laiteries-les-fayes_imglk.2-600x600.png 600w, https:\/\/www.entrepriseetdecouverte.fr\/espace-pro\/wp-content\/uploads\/sites\/2\/2024\/11\/laiteries-les-fayes_imglk.2-300x300.png 300w, https:\/\/www.entrepriseetdecouverte.fr\/espace-pro\/wp-content\/uploads\/sites\/2\/2024\/11\/laiteries-les-fayes_imglk.2-900x900.png 900w, https:\/\/www.entrepriseetdecouverte.fr\/espace-pro\/wp-content\/uploads\/sites\/2\/2024\/11\/laiteries-les-fayes_imglk.2-24x24.png 24w, https:\/\/www.entrepriseetdecouverte.fr\/espace-pro\/wp-content\/uploads\/sites\/2\/2024\/11\/laiteries-les-fayes_imglk.2-48x48.png 48w, https:\/\/www.entrepriseetdecouverte.fr\/espace-pro\/wp-content\/uploads\/sites\/2\/2024\/11\/laiteries-les-fayes_imglk.2-96x96.png 96w, https:\/\/www.entrepriseetdecouverte.fr\/espace-pro\/wp-content\/uploads\/sites\/2\/2024\/11\/laiteries-les-fayes_imglk.2-150x150.png 150w, https:\/\/www.entrepriseetdecouverte.fr\/espace-pro\/wp-content\/uploads\/sites\/2\/2024\/11\/laiteries-les-fayes_imglk.2-200x200.png 200w, https:\/\/www.entrepriseetdecouverte.fr\/espace-pro\/wp-content\/uploads\/sites\/2\/2024\/11\/laiteries-les-fayes_imglk.2-60x60.png 60w, https:\/\/www.entrepriseetdecouverte.fr\/espace-pro\/wp-content\/uploads\/sites\/2\/2024\/11\/laiteries-les-fayes_imglk.2.png 1080w\" sizes=\"(max-width: 600px) 100vw, 600px\" \/><\/figure><\/li><li class=\"blocks-gallery-item\"><figure><img loading=\"lazy\" width=\"600\" height=\"399\" data-src=\"https:\/\/www.entrepriseetdecouverte.fr\/espace-pro\/wp-content\/uploads\/sites\/2\/2025\/03\/800x600_les-rhums-ti-ced-18300-600x399.jpg\" alt=\"\" data-id=\"70884\" data-full-url=\"https:\/\/www.entrepriseetdecouverte.fr\/espace-pro\/wp-content\/uploads\/sites\/2\/2025\/03\/800x600_les-rhums-ti-ced-18300.jpg\" data-link=\"https:\/\/www.entrepriseetdecouverte.fr\/espace-pro\/laccompagnement\/nos-references\/800x600_les-rhums-ti-ced-18300-2\/\" class=\"wp-image-70884\" data-srcset=\"https:\/\/www.entrepriseetdecouverte.fr\/espace-pro\/wp-content\/uploads\/sites\/2\/2025\/03\/800x600_les-rhums-ti-ced-18300-600x399.jpg 600w, https:\/\/www.entrepriseetdecouverte.fr\/espace-pro\/wp-content\/uploads\/sites\/2\/2025\/03\/800x600_les-rhums-ti-ced-18300-200x133.jpg 200w, https:\/\/www.entrepriseetdecouverte.fr\/espace-pro\/wp-content\/uploads\/sites\/2\/2025\/03\/800x600_les-rhums-ti-ced-18300-90x60.jpg 90w, https:\/\/www.entrepriseetdecouverte.fr\/espace-pro\/wp-content\/uploads\/sites\/2\/2025\/03\/800x600_les-rhums-ti-ced-18300.jpg 800w\" sizes=\"(max-width: 600px) 100vw, 600px\" \/><\/figure><\/li><li class=\"blocks-gallery-item\"><figure><img loading=\"lazy\" width=\"450\" height=\"600\" data-src=\"https:\/\/www.entrepriseetdecouverte.fr\/espace-pro\/wp-content\/uploads\/sites\/2\/2025\/02\/1718956893317-450x600.jpg\" alt=\"\" data-id=\"70398\" data-full-url=\"https:\/\/www.entrepriseetdecouverte.fr\/espace-pro\/wp-content\/uploads\/sites\/2\/2025\/02\/1718956893317.jpg\" data-link=\"https:\/\/www.entrepriseetdecouverte.fr\/espace-pro\/2025\/02\/04\/accompagner-les-entreprises-atelier-philippe-allemand-ebeniste-dart-a-issoire\/attachment\/1718956893317\/\" class=\"wp-image-70398\" data-srcset=\"https:\/\/www.entrepriseetdecouverte.fr\/espace-pro\/wp-content\/uploads\/sites\/2\/2025\/02\/1718956893317-450x600.jpg 450w, https:\/\/www.entrepriseetdecouverte.fr\/espace-pro\/wp-content\/uploads\/sites\/2\/2025\/02\/1718956893317-900x1200.jpg 900w, https:\/\/www.entrepriseetdecouverte.fr\/espace-pro\/wp-content\/uploads\/sites\/2\/2025\/02\/1718956893317-675x900.jpg 675w, https:\/\/www.entrepriseetdecouverte.fr\/espace-pro\/wp-content\/uploads\/sites\/2\/2025\/02\/1718956893317-1152x1536.jpg 1152w, https:\/\/www.entrepriseetdecouverte.fr\/espace-pro\/wp-content\/uploads\/sites\/2\/2025\/02\/1718956893317-200x267.jpg 200w, https:\/\/www.entrepriseetdecouverte.fr\/espace-pro\/wp-content\/uploads\/sites\/2\/2025\/02\/1718956893317-45x60.jpg 45w, https:\/\/www.entrepriseetdecouverte.fr\/espace-pro\/wp-content\/uploads\/sites\/2\/2025\/02\/1718956893317.jpg 1280w\" sizes=\"(max-width: 450px) 100vw, 450px\" \/><\/figure><\/li><\/ul><\/figure>\n\n\n\n<h4>Ils ont choisi l&rsquo;expertise d&rsquo; Entreprise et D\u00e9couverte :<\/h4>\n\n\n\n<div class=\"wp-block-columns alignwide\">\n<div class=\"wp-block-column\">\n<p class=\"is-style-blockquote\" style=\"font-size:15px\">L\u2019accompagnement d\u2019ED dans la r\u00e9alisation d\u2019un audit de faisabilit\u00e9 et la formalisation d\u2019une offre adapt\u00e9e d\u2019accueil de public au sein de notre atelier a \u00e9t\u00e9 <strong>d\u00e9cisif dans la tenue de notre projet touristique.<\/strong>  <strong>Le rapport d\u2019audit fut un v\u00e9ritable mode d\u2019emploi<\/strong> <strong>\u00ab cl\u00e9s en main \u00bb de la mise en place d\u2019une offre de tourisme de savoir-faire chez Ti Ced !<\/strong> Du parcours client \u00e0 la gestion humaine en passant par le business mod\u00e8le, Entreprise et D\u00e9couverte nous a permis de r\u00e9ussir cette premi\u00e8re exp\u00e9rience d\u2019accueil estival de public au sein de notre atelier \u00e0 peine 6 mois apr\u00e8s notre 1\u00e8re rencontre. &#8211; Arnaud Bonnet, Les Rhums de &lsquo;Ti Ced (44)<\/p>\n<\/div>\n\n\n\n<div class=\"wp-block-column is-vertically-aligned-center\">\n<figure class=\"wp-block-image size-full is-style-rounded\"><img loading=\"lazy\" width=\"1152\" height=\"648\" data-src=\"https:\/\/www.entrepriseetdecouverte.fr\/espace-pro\/wp-content\/uploads\/sites\/2\/2025\/03\/gif_audits-faisabilite-2.gif\" alt=\"\" class=\"wp-image-70784\"\/><\/figure>\n<\/div>\n<\/div>\n\n\n\n<p class=\"is-style-normal\"><\/p>\n\n\n\n<h3>Audits de professionnalisation <\/h3>\n\n\n\n<p class=\"is-style-normal\" style=\"font-size:18px\">L\u2019audit de professionnalisation permet <strong>d\u2019\u00e9valuer l\u2019offre existante et de red\u00e9finir le projet <\/strong>en un ensemble coh\u00e9rent et optimal en termes d\u2019organisation et de r\u00e9sultat.  <\/p>\n\n\n\n<figure class=\"wp-block-gallery alignwide columns-4 is-cropped\"><ul class=\"blocks-gallery-grid\"><li class=\"blocks-gallery-item\"><figure><img loading=\"lazy\" width=\"300\" height=\"300\" data-src=\"https:\/\/www.entrepriseetdecouverte.fr\/espace-pro\/wp-content\/uploads\/sites\/2\/2025\/03\/scourtinerie-2025_site-300x300.jpg\" alt=\"\" data-id=\"70917\" data-full-url=\"https:\/\/www.entrepriseetdecouverte.fr\/espace-pro\/wp-content\/uploads\/sites\/2\/2025\/03\/scourtinerie-2025_site.jpg\" data-link=\"https:\/\/www.entrepriseetdecouverte.fr\/espace-pro\/laccompagnement\/nos-references\/scourtinerie-2025_site\/\" class=\"wp-image-70917\" data-srcset=\"https:\/\/www.entrepriseetdecouverte.fr\/espace-pro\/wp-content\/uploads\/sites\/2\/2025\/03\/scourtinerie-2025_site-300x300.jpg 300w, https:\/\/www.entrepriseetdecouverte.fr\/espace-pro\/wp-content\/uploads\/sites\/2\/2025\/03\/scourtinerie-2025_site-24x24.jpg 24w, https:\/\/www.entrepriseetdecouverte.fr\/espace-pro\/wp-content\/uploads\/sites\/2\/2025\/03\/scourtinerie-2025_site-48x48.jpg 48w, https:\/\/www.entrepriseetdecouverte.fr\/espace-pro\/wp-content\/uploads\/sites\/2\/2025\/03\/scourtinerie-2025_site-96x96.jpg 96w, https:\/\/www.entrepriseetdecouverte.fr\/espace-pro\/wp-content\/uploads\/sites\/2\/2025\/03\/scourtinerie-2025_site-150x150.jpg 150w\" sizes=\"(max-width: 300px) 100vw, 300px\" \/><\/figure><\/li><li class=\"blocks-gallery-item\"><figure><img loading=\"lazy\" width=\"300\" height=\"300\" data-src=\"https:\/\/www.entrepriseetdecouverte.fr\/espace-pro\/wp-content\/uploads\/sites\/2\/2025\/03\/biscuiterie-abbaye-2-300x300.jpg\" alt=\"\" data-id=\"70803\" data-full-url=\"https:\/\/www.entrepriseetdecouverte.fr\/espace-pro\/wp-content\/uploads\/sites\/2\/2025\/03\/biscuiterie-abbaye-2.jpg\" data-link=\"https:\/\/www.entrepriseetdecouverte.fr\/espace-pro\/laccompagnement\/nos-references\/biscuiterie-abbaye-2\/\" class=\"wp-image-70803\" data-srcset=\"https:\/\/www.entrepriseetdecouverte.fr\/espace-pro\/wp-content\/uploads\/sites\/2\/2025\/03\/biscuiterie-abbaye-2-300x300.jpg 300w, https:\/\/www.entrepriseetdecouverte.fr\/espace-pro\/wp-content\/uploads\/sites\/2\/2025\/03\/biscuiterie-abbaye-2-24x24.jpg 24w, https:\/\/www.entrepriseetdecouverte.fr\/espace-pro\/wp-content\/uploads\/sites\/2\/2025\/03\/biscuiterie-abbaye-2-48x48.jpg 48w, https:\/\/www.entrepriseetdecouverte.fr\/espace-pro\/wp-content\/uploads\/sites\/2\/2025\/03\/biscuiterie-abbaye-2-96x96.jpg 96w, https:\/\/www.entrepriseetdecouverte.fr\/espace-pro\/wp-content\/uploads\/sites\/2\/2025\/03\/biscuiterie-abbaye-2-150x150.jpg 150w\" sizes=\"(max-width: 300px) 100vw, 300px\" \/><\/figure><\/li><li class=\"blocks-gallery-item\"><figure><img loading=\"lazy\" width=\"300\" height=\"300\" data-src=\"https:\/\/www.entrepriseetdecouverte.fr\/espace-pro\/wp-content\/uploads\/sites\/2\/2025\/03\/4803_conserverie_kerbriant-7-300x300.jpg\" alt=\"\" data-id=\"70802\" data-full-url=\"https:\/\/www.entrepriseetdecouverte.fr\/espace-pro\/wp-content\/uploads\/sites\/2\/2025\/03\/4803_conserverie_kerbriant-7.jpg\" data-link=\"https:\/\/www.entrepriseetdecouverte.fr\/espace-pro\/laccompagnement\/nos-references\/4803_conserverie_kerbriant-7\/\" class=\"wp-image-70802\" data-srcset=\"https:\/\/www.entrepriseetdecouverte.fr\/espace-pro\/wp-content\/uploads\/sites\/2\/2025\/03\/4803_conserverie_kerbriant-7-300x300.jpg 300w, https:\/\/www.entrepriseetdecouverte.fr\/espace-pro\/wp-content\/uploads\/sites\/2\/2025\/03\/4803_conserverie_kerbriant-7-24x24.jpg 24w, https:\/\/www.entrepriseetdecouverte.fr\/espace-pro\/wp-content\/uploads\/sites\/2\/2025\/03\/4803_conserverie_kerbriant-7-48x48.jpg 48w, https:\/\/www.entrepriseetdecouverte.fr\/espace-pro\/wp-content\/uploads\/sites\/2\/2025\/03\/4803_conserverie_kerbriant-7-96x96.jpg 96w, https:\/\/www.entrepriseetdecouverte.fr\/espace-pro\/wp-content\/uploads\/sites\/2\/2025\/03\/4803_conserverie_kerbriant-7-150x150.jpg 150w\" sizes=\"(max-width: 300px) 100vw, 300px\" \/><\/figure><\/li><li class=\"blocks-gallery-item\"><figure><img loading=\"lazy\" width=\"300\" height=\"300\" data-src=\"https:\/\/www.entrepriseetdecouverte.fr\/espace-pro\/wp-content\/uploads\/sites\/2\/2025\/03\/distillerie-des-menhirs-300x300.jpg\" alt=\"\" data-id=\"70807\" data-full-url=\"https:\/\/www.entrepriseetdecouverte.fr\/espace-pro\/wp-content\/uploads\/sites\/2\/2025\/03\/distillerie-des-menhirs.jpg\" data-link=\"https:\/\/www.entrepriseetdecouverte.fr\/espace-pro\/laccompagnement\/nos-references\/distillerie-des-menhirs\/\" class=\"wp-image-70807\" data-srcset=\"https:\/\/www.entrepriseetdecouverte.fr\/espace-pro\/wp-content\/uploads\/sites\/2\/2025\/03\/distillerie-des-menhirs-300x300.jpg 300w, https:\/\/www.entrepriseetdecouverte.fr\/espace-pro\/wp-content\/uploads\/sites\/2\/2025\/03\/distillerie-des-menhirs-24x24.jpg 24w, https:\/\/www.entrepriseetdecouverte.fr\/espace-pro\/wp-content\/uploads\/sites\/2\/2025\/03\/distillerie-des-menhirs-48x48.jpg 48w, https:\/\/www.entrepriseetdecouverte.fr\/espace-pro\/wp-content\/uploads\/sites\/2\/2025\/03\/distillerie-des-menhirs-96x96.jpg 96w, https:\/\/www.entrepriseetdecouverte.fr\/espace-pro\/wp-content\/uploads\/sites\/2\/2025\/03\/distillerie-des-menhirs-150x150.jpg 150w\" sizes=\"(max-width: 300px) 100vw, 300px\" \/><\/figure><\/li><\/ul><\/figure>\n\n\n\n<div class=\"wp-block-media-text alignwide is-stacked-on-mobile\" style=\"grid-template-columns:40% auto\"><figure class=\"wp-block-media-text__media\"><img loading=\"lazy\" width=\"768\" height=\"432\" data-src=\"https:\/\/www.entrepriseetdecouverte.fr\/espace-pro\/wp-content\/uploads\/sites\/2\/2025\/03\/gif_audits-professionnalisation-5.gif\" alt=\"\" class=\"wp-image-70811 size-full\"\/><\/figure><div class=\"wp-block-media-text__content\">\n<p class=\"is-style-blockquote\" style=\"font-size:15px\"><strong>Entreprise et D\u00e9couverte a jou\u00e9 un r\u00f4le cl\u00e9 gr\u00e2ce \u00e0 son audit approfondi.<\/strong> Cet audit nous a permis d&rsquo;identifier des pistes d&rsquo;am\u00e9lioration concr\u00e8tes et pertinentes pour notre offre de visite. C&rsquo;est un travail pr\u00e9cieux qui sera compl\u00e9t\u00e9 dans la seconde phase du projet, pr\u00e9vue pour 2025\/2026, par une sc\u00e9nographe sp\u00e9cialis\u00e9e. Ensemble, <strong>nous allons continuer \u00e0 transformer notre espace en un lieu encore plus accueillant et didactique pour nos visiteurs<\/strong>. &#8211; Sophie Villeneuve, La Scourtinerie (26) <\/p>\n<\/div><\/div>\n\n\n\n<h3>Accompagnement des territoires <\/h3>\n\n\n\n<div class=\"wp-block-media-text alignwide is-stacked-on-mobile is-image-fill\"><figure class=\"wp-block-media-text__media\" style=\"background-image:url(https:\/\/www.entrepriseetdecouverte.fr\/espace-pro\/wp-content\/uploads\/sites\/2\/2025\/03\/journees-des-offices-de-tourisme_aura-2024.2-1200x900.jpg);background-position:50% 50%\"><img loading=\"lazy\" width=\"1200\" height=\"900\" data-src=\"https:\/\/www.entrepriseetdecouverte.fr\/espace-pro\/wp-content\/uploads\/sites\/2\/2025\/03\/journees-des-offices-de-tourisme_aura-2024.2-1200x900.jpg\" alt=\"\" class=\"wp-image-70818 size-full\" data-srcset=\"https:\/\/www.entrepriseetdecouverte.fr\/espace-pro\/wp-content\/uploads\/sites\/2\/2025\/03\/journees-des-offices-de-tourisme_aura-2024.2-1200x900.jpg 1200w, https:\/\/www.entrepriseetdecouverte.fr\/espace-pro\/wp-content\/uploads\/sites\/2\/2025\/03\/journees-des-offices-de-tourisme_aura-2024.2-600x450.jpg 600w, https:\/\/www.entrepriseetdecouverte.fr\/espace-pro\/wp-content\/uploads\/sites\/2\/2025\/03\/journees-des-offices-de-tourisme_aura-2024.2-900x675.jpg 900w, https:\/\/www.entrepriseetdecouverte.fr\/espace-pro\/wp-content\/uploads\/sites\/2\/2025\/03\/journees-des-offices-de-tourisme_aura-2024.2-1536x1152.jpg 1536w, https:\/\/www.entrepriseetdecouverte.fr\/espace-pro\/wp-content\/uploads\/sites\/2\/2025\/03\/journees-des-offices-de-tourisme_aura-2024.2-200x150.jpg 200w, https:\/\/www.entrepriseetdecouverte.fr\/espace-pro\/wp-content\/uploads\/sites\/2\/2025\/03\/journees-des-offices-de-tourisme_aura-2024.2-80x60.jpg 80w, https:\/\/www.entrepriseetdecouverte.fr\/espace-pro\/wp-content\/uploads\/sites\/2\/2025\/03\/journees-des-offices-de-tourisme_aura-2024.2.jpg 1600w\" sizes=\"(max-width: 1200px) 100vw, 1200px\" \/><\/figure><div class=\"wp-block-media-text__content\">\n<p class=\"is-style-normal\"><\/p>\n\n\n\n<p class=\"is-style-default\" style=\"font-size:18px\">Les accompagnements propos\u00e9s aux territoires sont <strong>r\u00e9alis\u00e9s \u00e0 diff\u00e9rentes \u00e9chelles <\/strong>(locale, territoriale, d\u00e9partementale, r\u00e9gionale) et sur <strong>plusieurs axes <\/strong>:<\/p>\n\n\n\n<ul><li>Accompagner la <strong>d\u00e9finition de la strat\u00e9gie <\/strong>visite d\u2019entreprise et la construction du <strong>plan d\u2019actions<\/strong>; <\/li><li>Accompagner <strong>la cr\u00e9ation d\u2019un \u00e9v\u00e9nement <\/strong>d\u00e9di\u00e9 \u00e0 la visite d\u2019entreprise; <\/li><li><strong>Sensibiliser, former et mobiliser <\/strong>les entreprises du territoire; <\/li><li>Accompagner le <strong>d\u00e9veloppement et la professionnalisation<\/strong> de l\u2019offre de visites d\u2019entreprises. <\/li><\/ul>\n<\/div><\/div>\n\n\n\n<h4> Ils ont choisi l&rsquo;expertise d&rsquo; Entreprise et D\u00e9couverte : <\/h4>\n\n\n\n<div class=\"wp-block-image is-style-rounded\"><figure class=\"aligncenter size-full is-resized\"><img loading=\"lazy\" data-src=\"https:\/\/www.entrepriseetdecouverte.fr\/espace-pro\/wp-content\/uploads\/sites\/2\/2025\/03\/gif_accompagnement-territoires.gif\" alt=\"\" class=\"wp-image-70825\" width=\"576\" height=\"324\"\/><\/figure><\/div>\n","protected":false},"excerpt":{"rendered":"<p>Entreprise et D\u00e9couverte propose des audits pour \u00e9valuer la faisabilit\u00e9 et opportunit\u00e9 de votre projet de visite, ainsi que des audits pour professionnaliser et optimiser votre offre actuelle. D\u00e9couvrez ci-dessous nos r\u00e9f\u00e9rences. <\/p>\n","protected":false},"author":1,"featured_media":70743,"parent":9,"menu_order":30,"comment_status":"closed","ping_status":"closed","template":"","meta":{"_relevanssi_hide_post":"","_relevanssi_pin_for_all":"","_relevanssi_pin_keywords":"","_relevanssi_unpin_keywords":"","_relevanssi_related_keywords":"","_relevanssi_related_include_ids":"","_relevanssi_related_exclude_ids":"","_relevanssi_related_no_append":"","_relevanssi_related_not_related":"","_relevanssi_related_posts":"61965,61125,61967,61928,62227,63293","_relevanssi_noindex_reason":""},"yoast_head":"<!-- This site is optimized with the Yoast SEO plugin v17.4 - https:\/\/yoast.com\/wordpress\/plugins\/seo\/ -->\n<meta name=\"description\" content=\"Audits de faisabilit\u00e9, de professionnalisation, accompagnement des territoires. D\u00e9couvrez ici les r\u00e9f\u00e9rences d&#039;Entreprise et D\u00e9couverte\" \/>\n<meta name=\"robots\" content=\"index, follow, max-snippet:-1, max-image-preview:large, max-video-preview:-1\" \/>\n<link rel=\"canonical\" href=\"https:\/\/www.entrepriseetdecouverte.fr\/espace-pro\/laccompagnement\/nos-references\/\" \/>\n<meta property=\"og:locale\" content=\"fr_FR\" \/>\n<meta property=\"og:type\" content=\"article\" \/>\n<meta property=\"og:title\" content=\"Nos r\u00e9f\u00e9rences - Espace Pro - Entreprise et D\u00e9couverte\" \/>\n<meta property=\"og:description\" content=\"Audits de faisabilit\u00e9, de professionnalisation, accompagnement des territoires. D\u00e9couvrez ici les r\u00e9f\u00e9rences d&#039;Entreprise et D\u00e9couverte\" \/>\n<meta property=\"og:url\" content=\"https:\/\/www.entrepriseetdecouverte.fr\/espace-pro\/laccompagnement\/nos-references\/\" \/>\n<meta property=\"og:site_name\" content=\"Espace Pro\" \/>\n<meta property=\"article:modified_time\" content=\"2025-03-24T14:31:03+00:00\" \/>\n<meta property=\"og:image\" content=\"https:\/\/www.entrepriseetdecouverte.fr\/espace-pro\/wp-content\/uploads\/sites\/2\/2025\/03\/usine-de-maubeuge-renault-group.jpg\" \/>\n\t<meta property=\"og:image:width\" content=\"1536\" \/>\n\t<meta property=\"og:image:height\" content=\"2048\" \/>\n<meta name=\"twitter:card\" content=\"summary_large_image\" \/>\n<meta name=\"twitter:label1\" content=\"Dur\u00e9e de lecture estim\u00e9e\" \/>\n\t<meta name=\"twitter:data1\" content=\"4 minutes\" \/>\n<script type=\"application\/ld+json\" class=\"yoast-schema-graph\">{\"@context\":\"https:\/\/schema.org\",\"@graph\":[{\"@type\":\"WebSite\",\"@id\":\"https:\/\/www.entrepriseetdecouverte.fr\/espace-pro\/#website\",\"url\":\"https:\/\/www.entrepriseetdecouverte.fr\/espace-pro\/\",\"name\":\"Espace Pro\",\"description\":\"Un site utilisant Entreprise et D\\u00e9couverte Sites\",\"potentialAction\":[{\"@type\":\"SearchAction\",\"target\":{\"@type\":\"EntryPoint\",\"urlTemplate\":\"https:\/\/www.entrepriseetdecouverte.fr\/espace-pro\/?s={search_term_string}\"},\"query-input\":\"required name=search_term_string\"}],\"inLanguage\":\"fr-FR\"},{\"@type\":\"ImageObject\",\"@id\":\"https:\/\/www.entrepriseetdecouverte.fr\/espace-pro\/laccompagnement\/nos-references\/#primaryimage\",\"inLanguage\":\"fr-FR\",\"url\":\"https:\/\/www.entrepriseetdecouverte.fr\/espace-pro\/wp-content\/uploads\/sites\/2\/2025\/03\/usine-de-maubeuge-renault-group.jpg\",\"contentUrl\":\"https:\/\/www.entrepriseetdecouverte.fr\/espace-pro\/wp-content\/uploads\/sites\/2\/2025\/03\/usine-de-maubeuge-renault-group.jpg\",\"width\":1536,\"height\":2048},{\"@type\":\"WebPage\",\"@id\":\"https:\/\/www.entrepriseetdecouverte.fr\/espace-pro\/laccompagnement\/nos-references\/#webpage\",\"url\":\"https:\/\/www.entrepriseetdecouverte.fr\/espace-pro\/laccompagnement\/nos-references\/\",\"name\":\"Nos r\\u00e9f\\u00e9rences - Espace Pro - Entreprise et D\\u00e9couverte\",\"isPartOf\":{\"@id\":\"https:\/\/www.entrepriseetdecouverte.fr\/espace-pro\/#website\"},\"primaryImageOfPage\":{\"@id\":\"https:\/\/www.entrepriseetdecouverte.fr\/espace-pro\/laccompagnement\/nos-references\/#primaryimage\"},\"datePublished\":\"2019-09-12T09:47:06+00:00\",\"dateModified\":\"2025-03-24T14:31:03+00:00\",\"description\":\"Audits de faisabilit\\u00e9, de professionnalisation, accompagnement des territoires. D\\u00e9couvrez ici les r\\u00e9f\\u00e9rences d'Entreprise et D\\u00e9couverte\",\"breadcrumb\":{\"@id\":\"https:\/\/www.entrepriseetdecouverte.fr\/espace-pro\/laccompagnement\/nos-references\/#breadcrumb\"},\"inLanguage\":\"fr-FR\",\"potentialAction\":[{\"@type\":\"ReadAction\",\"target\":[\"https:\/\/www.entrepriseetdecouverte.fr\/espace-pro\/laccompagnement\/nos-references\/\"]}]},{\"@type\":\"BreadcrumbList\",\"@id\":\"https:\/\/www.entrepriseetdecouverte.fr\/espace-pro\/laccompagnement\/nos-references\/#breadcrumb\",\"itemListElement\":[{\"@type\":\"ListItem\",\"position\":1,\"name\":\"Accueil\",\"item\":\"https:\/\/www.entrepriseetdecouverte.fr\/espace-pro\/\"},{\"@type\":\"ListItem\",\"position\":2,\"name\":\"L&rsquo;accompagnement\",\"item\":\"https:\/\/www.entrepriseetdecouverte.fr\/espace-pro\/laccompagnement\/\"},{\"@type\":\"ListItem\",\"position\":3,\"name\":\"Nos r\\u00e9f\\u00e9rences\"}]}]}<\/script>\n<!-- \/ Yoast SEO plugin. -->","yoast_head_json":{"description":"Audits de faisabilit\u00e9, de professionnalisation, accompagnement des territoires. D\u00e9couvrez ici les r\u00e9f\u00e9rences d'Entreprise et D\u00e9couverte","robots":{"index":"index","follow":"follow","max-snippet":"max-snippet:-1","max-image-preview":"max-image-preview:large","max-video-preview":"max-video-preview:-1"},"canonical":"https:\/\/www.entrepriseetdecouverte.fr\/espace-pro\/laccompagnement\/nos-references\/","og_locale":"fr_FR","og_type":"article","og_title":"Nos r\u00e9f\u00e9rences - Espace Pro - Entreprise et D\u00e9couverte","og_description":"Audits de faisabilit\u00e9, de professionnalisation, accompagnement des territoires. D\u00e9couvrez ici les r\u00e9f\u00e9rences d'Entreprise et D\u00e9couverte","og_url":"https:\/\/www.entrepriseetdecouverte.fr\/espace-pro\/laccompagnement\/nos-references\/","og_site_name":"Espace Pro","article_modified_time":"2025-03-24T14:31:03+00:00","og_image":[{"width":1536,"height":2048,"url":"https:\/\/www.entrepriseetdecouverte.fr\/espace-pro\/wp-content\/uploads\/sites\/2\/2025\/03\/usine-de-maubeuge-renault-group.jpg","type":"image\/jpeg"}],"twitter_card":"summary_large_image","twitter_misc":{"Dur\u00e9e de lecture estim\u00e9e":"4 minutes"},"schema":{"@context":"https:\/\/schema.org","@graph":[{"@type":"WebSite","@id":"https:\/\/www.entrepriseetdecouverte.fr\/espace-pro\/#website","url":"https:\/\/www.entrepriseetdecouverte.fr\/espace-pro\/","name":"Espace Pro","description":"Un site utilisant Entreprise et D\u00e9couverte Sites","potentialAction":[{"@type":"SearchAction","target":{"@type":"EntryPoint","urlTemplate":"https:\/\/www.entrepriseetdecouverte.fr\/espace-pro\/?s={search_term_string}"},"query-input":"required name=search_term_string"}],"inLanguage":"fr-FR"},{"@type":"ImageObject","@id":"https:\/\/www.entrepriseetdecouverte.fr\/espace-pro\/laccompagnement\/nos-references\/#primaryimage","inLanguage":"fr-FR","url":"https:\/\/www.entrepriseetdecouverte.fr\/espace-pro\/wp-content\/uploads\/sites\/2\/2025\/03\/usine-de-maubeuge-renault-group.jpg","contentUrl":"https:\/\/www.entrepriseetdecouverte.fr\/espace-pro\/wp-content\/uploads\/sites\/2\/2025\/03\/usine-de-maubeuge-renault-group.jpg","width":1536,"height":2048},{"@type":"WebPage","@id":"https:\/\/www.entrepriseetdecouverte.fr\/espace-pro\/laccompagnement\/nos-references\/#webpage","url":"https:\/\/www.entrepriseetdecouverte.fr\/espace-pro\/laccompagnement\/nos-references\/","name":"Nos r\u00e9f\u00e9rences - Espace Pro - Entreprise et D\u00e9couverte","isPartOf":{"@id":"https:\/\/www.entrepriseetdecouverte.fr\/espace-pro\/#website"},"primaryImageOfPage":{"@id":"https:\/\/www.entrepriseetdecouverte.fr\/espace-pro\/laccompagnement\/nos-references\/#primaryimage"},"datePublished":"2019-09-12T09:47:06+00:00","dateModified":"2025-03-24T14:31:03+00:00","description":"Audits de faisabilit\u00e9, de professionnalisation, accompagnement des territoires. D\u00e9couvrez ici les r\u00e9f\u00e9rences d'Entreprise et D\u00e9couverte","breadcrumb":{"@id":"https:\/\/www.entrepriseetdecouverte.fr\/espace-pro\/laccompagnement\/nos-references\/#breadcrumb"},"inLanguage":"fr-FR","potentialAction":[{"@type":"ReadAction","target":["https:\/\/www.entrepriseetdecouverte.fr\/espace-pro\/laccompagnement\/nos-references\/"]}]},{"@type":"BreadcrumbList","@id":"https:\/\/www.entrepriseetdecouverte.fr\/espace-pro\/laccompagnement\/nos-references\/#breadcrumb","itemListElement":[{"@type":"ListItem","position":1,"name":"Accueil","item":"https:\/\/www.entrepriseetdecouverte.fr\/espace-pro\/"},{"@type":"ListItem","position":2,"name":"L&rsquo;accompagnement","item":"https:\/\/www.entrepriseetdecouverte.fr\/espace-pro\/laccompagnement\/"},{"@type":"ListItem","position":3,"name":"Nos r\u00e9f\u00e9rences"}]}]}},"_links":{"self":[{"href":"https:\/\/www.entrepriseetdecouverte.fr\/espace-pro\/wp-json\/wp\/v2\/pages\/42"}],"collection":[{"href":"https:\/\/www.entrepriseetdecouverte.fr\/espace-pro\/wp-json\/wp\/v2\/pages"}],"about":[{"href":"https:\/\/www.entrepriseetdecouverte.fr\/espace-pro\/wp-json\/wp\/v2\/types\/page"}],"author":[{"embeddable":true,"href":"https:\/\/www.entrepriseetdecouverte.fr\/espace-pro\/wp-json\/wp\/v2\/users\/1"}],"replies":[{"embeddable":true,"href":"https:\/\/www.entrepriseetdecouverte.fr\/espace-pro\/wp-json\/wp\/v2\/comments?post=42"}],"version-history":[{"count":83,"href":"https:\/\/www.entrepriseetdecouverte.fr\/espace-pro\/wp-json\/wp\/v2\/pages\/42\/revisions"}],"predecessor-version":[{"id":70942,"href":"https:\/\/www.entrepriseetdecouverte.fr\/espace-pro\/wp-json\/wp\/v2\/pages\/42\/revisions\/70942"}],"up":[{"embeddable":true,"href":"https:\/\/www.entrepriseetdecouverte.fr\/espace-pro\/wp-json\/wp\/v2\/pages\/9"}],"wp:featuredmedia":[{"embeddable":true,"href":"https:\/\/www.entrepriseetdecouverte.fr\/espace-pro\/wp-json\/wp\/v2\/media\/70743"}],"wp:attachment":[{"href":"https:\/\/www.entrepriseetdecouverte.fr\/espace-pro\/wp-json\/wp\/v2\/media?parent=42"}],"curies":[{"name":"wp","href":"https:\/\/api.w.org\/{rel}","templated":true}]}}