{"id":19,"date":"2019-09-12T11:41:15","date_gmt":"2019-09-12T09:41:15","guid":{"rendered":"https:\/\/www.entrepriseetdecouverte.fr\/espace-pro\/?page_id=19"},"modified":"2026-03-03T16:34:25","modified_gmt":"2026-03-03T15:34:25","slug":"nos-missions","status":"publish","type":"page","link":"https:\/\/www.entrepriseetdecouverte.fr\/espace-pro\/lassociation\/nos-missions\/","title":{"rendered":"Nos missions"},"content":{"rendered":"\n<p>L\u2019\u00e9quipe\na <strong>accompagn\u00e9 depuis 25 ans plus de 250\nentreprises<\/strong> (et f\u00e9d\u00e9rations professionnelles) dans l\u2019ensemble des secteurs\nd\u2019activit\u00e9 (agroalimentaire, textile, \u00e9nergie, artisanat, cosm\u00e9tique,\nindustrie). <\/p>\n\n\n\n<p>L\u2019association\nintervient \u00e9galement aupr\u00e8s des <strong>territoires<\/strong>\n(Comit\u00e9s R\u00e9gionaux du Tourisme, Offices de Tourisme, Agence de d\u00e9veloppement\n\u00e9conomique\u2026). Plus de <strong>50 professionnels\ndu tourisme et du d\u00e9veloppement \u00e9conomique nous ont fait confiance.<\/strong> <\/p>\n\n\n\n<h4>Notre\naccompagnement <\/h4>\n\n\n\n<ul><li><a href=\"https:\/\/www.entrepriseetdecouverte.fr\/espace-pro\/laccompagnement\/nos-formations\/\">La formation<\/a> : collective ou individuelle, elle s&rsquo;adapte \u00e0 vos besoins<\/li><li><a href=\"https:\/\/www.entrepriseetdecouverte.fr\/espace-pro\/laccompagnement\/notre-offre-daccompagnement\/\">L&rsquo;ing\u00e9nierie<\/a> : audits, \u00e9tudes de faisabilit\u00e9 ou de professionnalisation, d\u00e9finition de strat\u00e9gies et plans d&rsquo;actions, r\u00e9alisation de projet<\/li><li><a href=\"https:\/\/www.entrepriseetdecouverte.fr\/espace-pro\/laccompagnement\/nos-visites-sur-mesure\/\">Les visites sur mesure<\/a>\u00a0: proposition de visites correspondant \u00e0 vos objectifs<\/li><\/ul>\n\n\n\n<p>Entreprise et D\u00e9couverte travaille avec un r\u00e9seau d\u2019experts associ\u00e9s \u00e0 la fili\u00e8re&nbsp;: sc\u00e9nographes, architectes, graphistes, sp\u00e9cialiste de la s\u00e9curit\u00e9, photographes\u2026<\/p>\n\n\n\n<p><\/p>\n\n\n\n<h4><a href=\"https:\/\/www.entrepriseetdecouverte.fr\/espace-pro\/wp-content\/uploads\/sites\/2\/2022\/04\/web-plaquette-ed_2022-1.pdf\" target=\"_blank\" rel=\"noreferrer noopener\">D\u00e9couvrez notre plaquette<\/a> <\/h4>\n\n\n\n<figure class=\"wp-block-image\"><img alt=\"\" \/><\/figure>\n","protected":false},"excerpt":{"rendered":"<p>Entreprise et D\u00e9couverte est le sp\u00e9cialiste de la visite d&rsquo;entreprise en France. <\/p>\n","protected":false},"author":1,"featured_media":60118,"parent":7,"menu_order":0,"comment_status":"closed","ping_status":"closed","template":"","meta":{"_relevanssi_hide_post":"","_relevanssi_pin_for_all":"","_relevanssi_pin_keywords":"","_relevanssi_unpin_keywords":"","_relevanssi_related_keywords":"","_relevanssi_related_include_ids":"","_relevanssi_related_exclude_ids":"","_relevanssi_related_no_append":"","_relevanssi_related_not_related":"","_relevanssi_related_posts":"62348,62251,61963,62474,62843,61125","_relevanssi_noindex_reason":""},"yoast_head":"<!-- This site is optimized with the Yoast SEO plugin v17.4 - https:\/\/yoast.com\/wordpress\/plugins\/seo\/ -->\n<meta name=\"description\" content=\"Entreprise et D\u00e9couverte est le sp\u00e9cialiste de la visite d&#039;entreprise en France.\" \/>\n<meta name=\"robots\" content=\"index, follow, max-snippet:-1, max-image-preview:large, max-video-preview:-1\" \/>\n<link rel=\"canonical\" href=\"https:\/\/www.entrepriseetdecouverte.fr\/espace-pro\/lassociation\/nos-missions\/\" \/>\n<meta property=\"og:locale\" content=\"fr_FR\" \/>\n<meta property=\"og:type\" content=\"article\" \/>\n<meta property=\"og:title\" content=\"Nos missions - Espace Pro\" \/>\n<meta property=\"og:description\" content=\"Entreprise et D\u00e9couverte est le sp\u00e9cialiste de la visite d&#039;entreprise en France.\" \/>\n<meta property=\"og:url\" content=\"https:\/\/www.entrepriseetdecouverte.fr\/espace-pro\/lassociation\/nos-missions\/\" \/>\n<meta property=\"og:site_name\" content=\"Espace Pro\" \/>\n<meta property=\"article:modified_time\" content=\"2026-03-03T15:34:25+00:00\" \/>\n<meta property=\"og:image\" content=\"https:\/\/www.entrepriseetdecouverte.fr\/espace-pro\/wp-content\/uploads\/sites\/2\/2019\/11\/49054854097_71da9899a1_o.jpg\" \/>\n\t<meta property=\"og:image:width\" content=\"2048\" \/>\n\t<meta property=\"og:image:height\" content=\"1365\" \/>\n<meta name=\"twitter:card\" content=\"summary_large_image\" \/>\n<meta name=\"twitter:label1\" content=\"Dur\u00e9e de lecture estim\u00e9e\" \/>\n\t<meta name=\"twitter:data1\" content=\"1 minute\" \/>\n<script type=\"application\/ld+json\" class=\"yoast-schema-graph\">{\"@context\":\"https:\/\/schema.org\",\"@graph\":[{\"@type\":\"WebSite\",\"@id\":\"https:\/\/www.entrepriseetdecouverte.fr\/espace-pro\/#website\",\"url\":\"https:\/\/www.entrepriseetdecouverte.fr\/espace-pro\/\",\"name\":\"Espace Pro\",\"description\":\"Un site utilisant Entreprise et D\\u00e9couverte Sites\",\"potentialAction\":[{\"@type\":\"SearchAction\",\"target\":{\"@type\":\"EntryPoint\",\"urlTemplate\":\"https:\/\/www.entrepriseetdecouverte.fr\/espace-pro\/?s={search_term_string}\"},\"query-input\":\"required name=search_term_string\"}],\"inLanguage\":\"fr-FR\"},{\"@type\":\"ImageObject\",\"@id\":\"https:\/\/www.entrepriseetdecouverte.fr\/espace-pro\/lassociation\/nos-missions\/#primaryimage\",\"inLanguage\":\"fr-FR\",\"url\":\"https:\/\/www.entrepriseetdecouverte.fr\/espace-pro\/wp-content\/uploads\/sites\/2\/2019\/11\/49054854097_71da9899a1_o.jpg\",\"contentUrl\":\"https:\/\/www.entrepriseetdecouverte.fr\/espace-pro\/wp-content\/uploads\/sites\/2\/2019\/11\/49054854097_71da9899a1_o.jpg\",\"width\":2048,\"height\":1365,\"caption\":\"Copyright Bruno Le Hir De Fallois\"},{\"@type\":\"WebPage\",\"@id\":\"https:\/\/www.entrepriseetdecouverte.fr\/espace-pro\/lassociation\/nos-missions\/#webpage\",\"url\":\"https:\/\/www.entrepriseetdecouverte.fr\/espace-pro\/lassociation\/nos-missions\/\",\"name\":\"Nos missions - Espace Pro\",\"isPartOf\":{\"@id\":\"https:\/\/www.entrepriseetdecouverte.fr\/espace-pro\/#website\"},\"primaryImageOfPage\":{\"@id\":\"https:\/\/www.entrepriseetdecouverte.fr\/espace-pro\/lassociation\/nos-missions\/#primaryimage\"},\"datePublished\":\"2019-09-12T09:41:15+00:00\",\"dateModified\":\"2026-03-03T15:34:25+00:00\",\"description\":\"Entreprise et D\\u00e9couverte est le sp\\u00e9cialiste de la visite d'entreprise en France.\",\"breadcrumb\":{\"@id\":\"https:\/\/www.entrepriseetdecouverte.fr\/espace-pro\/lassociation\/nos-missions\/#breadcrumb\"},\"inLanguage\":\"fr-FR\",\"potentialAction\":[{\"@type\":\"ReadAction\",\"target\":[\"https:\/\/www.entrepriseetdecouverte.fr\/espace-pro\/lassociation\/nos-missions\/\"]}]},{\"@type\":\"BreadcrumbList\",\"@id\":\"https:\/\/www.entrepriseetdecouverte.fr\/espace-pro\/lassociation\/nos-missions\/#breadcrumb\",\"itemListElement\":[{\"@type\":\"ListItem\",\"position\":1,\"name\":\"Accueil\",\"item\":\"https:\/\/www.entrepriseetdecouverte.fr\/espace-pro\/\"},{\"@type\":\"ListItem\",\"position\":2,\"name\":\"L&rsquo;association\",\"item\":\"https:\/\/www.entrepriseetdecouverte.fr\/espace-pro\/lassociation\/\"},{\"@type\":\"ListItem\",\"position\":3,\"name\":\"Nos missions\"}]}]}<\/script>\n<!-- \/ Yoast SEO plugin. -->","yoast_head_json":{"description":"Entreprise et D\u00e9couverte est le sp\u00e9cialiste de la visite d'entreprise en France.","robots":{"index":"index","follow":"follow","max-snippet":"max-snippet:-1","max-image-preview":"max-image-preview:large","max-video-preview":"max-video-preview:-1"},"canonical":"https:\/\/www.entrepriseetdecouverte.fr\/espace-pro\/lassociation\/nos-missions\/","og_locale":"fr_FR","og_type":"article","og_title":"Nos missions - Espace Pro","og_description":"Entreprise et D\u00e9couverte est le sp\u00e9cialiste de la visite d'entreprise en France.","og_url":"https:\/\/www.entrepriseetdecouverte.fr\/espace-pro\/lassociation\/nos-missions\/","og_site_name":"Espace Pro","article_modified_time":"2026-03-03T15:34:25+00:00","og_image":[{"width":2048,"height":1365,"url":"https:\/\/www.entrepriseetdecouverte.fr\/espace-pro\/wp-content\/uploads\/sites\/2\/2019\/11\/49054854097_71da9899a1_o.jpg","type":"image\/jpeg"}],"twitter_card":"summary_large_image","twitter_misc":{"Dur\u00e9e de lecture estim\u00e9e":"1 minute"},"schema":{"@context":"https:\/\/schema.org","@graph":[{"@type":"WebSite","@id":"https:\/\/www.entrepriseetdecouverte.fr\/espace-pro\/#website","url":"https:\/\/www.entrepriseetdecouverte.fr\/espace-pro\/","name":"Espace Pro","description":"Un site utilisant Entreprise et D\u00e9couverte Sites","potentialAction":[{"@type":"SearchAction","target":{"@type":"EntryPoint","urlTemplate":"https:\/\/www.entrepriseetdecouverte.fr\/espace-pro\/?s={search_term_string}"},"query-input":"required name=search_term_string"}],"inLanguage":"fr-FR"},{"@type":"ImageObject","@id":"https:\/\/www.entrepriseetdecouverte.fr\/espace-pro\/lassociation\/nos-missions\/#primaryimage","inLanguage":"fr-FR","url":"https:\/\/www.entrepriseetdecouverte.fr\/espace-pro\/wp-content\/uploads\/sites\/2\/2019\/11\/49054854097_71da9899a1_o.jpg","contentUrl":"https:\/\/www.entrepriseetdecouverte.fr\/espace-pro\/wp-content\/uploads\/sites\/2\/2019\/11\/49054854097_71da9899a1_o.jpg","width":2048,"height":1365,"caption":"Copyright Bruno Le Hir De Fallois"},{"@type":"WebPage","@id":"https:\/\/www.entrepriseetdecouverte.fr\/espace-pro\/lassociation\/nos-missions\/#webpage","url":"https:\/\/www.entrepriseetdecouverte.fr\/espace-pro\/lassociation\/nos-missions\/","name":"Nos missions - Espace Pro","isPartOf":{"@id":"https:\/\/www.entrepriseetdecouverte.fr\/espace-pro\/#website"},"primaryImageOfPage":{"@id":"https:\/\/www.entrepriseetdecouverte.fr\/espace-pro\/lassociation\/nos-missions\/#primaryimage"},"datePublished":"2019-09-12T09:41:15+00:00","dateModified":"2026-03-03T15:34:25+00:00","description":"Entreprise et D\u00e9couverte est le sp\u00e9cialiste de la visite d'entreprise en France.","breadcrumb":{"@id":"https:\/\/www.entrepriseetdecouverte.fr\/espace-pro\/lassociation\/nos-missions\/#breadcrumb"},"inLanguage":"fr-FR","potentialAction":[{"@type":"ReadAction","target":["https:\/\/www.entrepriseetdecouverte.fr\/espace-pro\/lassociation\/nos-missions\/"]}]},{"@type":"BreadcrumbList","@id":"https:\/\/www.entrepriseetdecouverte.fr\/espace-pro\/lassociation\/nos-missions\/#breadcrumb","itemListElement":[{"@type":"ListItem","position":1,"name":"Accueil","item":"https:\/\/www.entrepriseetdecouverte.fr\/espace-pro\/"},{"@type":"ListItem","position":2,"name":"L&rsquo;association","item":"https:\/\/www.entrepriseetdecouverte.fr\/espace-pro\/lassociation\/"},{"@type":"ListItem","position":3,"name":"Nos missions"}]}]}},"_links":{"self":[{"href":"https:\/\/www.entrepriseetdecouverte.fr\/espace-pro\/wp-json\/wp\/v2\/pages\/19"}],"collection":[{"href":"https:\/\/www.entrepriseetdecouverte.fr\/espace-pro\/wp-json\/wp\/v2\/pages"}],"about":[{"href":"https:\/\/www.entrepriseetdecouverte.fr\/espace-pro\/wp-json\/wp\/v2\/types\/page"}],"author":[{"embeddable":true,"href":"https:\/\/www.entrepriseetdecouverte.fr\/espace-pro\/wp-json\/wp\/v2\/users\/1"}],"replies":[{"embeddable":true,"href":"https:\/\/www.entrepriseetdecouverte.fr\/espace-pro\/wp-json\/wp\/v2\/comments?post=19"}],"version-history":[{"count":13,"href":"https:\/\/www.entrepriseetdecouverte.fr\/espace-pro\/wp-json\/wp\/v2\/pages\/19\/revisions"}],"predecessor-version":[{"id":73477,"href":"https:\/\/www.entrepriseetdecouverte.fr\/espace-pro\/wp-json\/wp\/v2\/pages\/19\/revisions\/73477"}],"up":[{"embeddable":true,"href":"https:\/\/www.entrepriseetdecouverte.fr\/espace-pro\/wp-json\/wp\/v2\/pages\/7"}],"wp:featuredmedia":[{"embeddable":true,"href":"https:\/\/www.entrepriseetdecouverte.fr\/espace-pro\/wp-json\/wp\/v2\/media\/60118"}],"wp:attachment":[{"href":"https:\/\/www.entrepriseetdecouverte.fr\/espace-pro\/wp-json\/wp\/v2\/media?parent=19"}],"curies":[{"name":"wp","href":"https:\/\/api.w.org\/{rel}","templated":true}]}}