{"id":15,"date":"2019-09-12T11:40:10","date_gmt":"2019-09-12T09:40:10","guid":{"rendered":"https:\/\/www.entrepriseetdecouverte.fr\/espace-pro\/?page_id=15"},"modified":"2021-05-25T17:00:00","modified_gmt":"2021-05-25T15:00:00","slug":"espace-presse","status":"publish","type":"page","link":"https:\/\/www.entrepriseetdecouverte.fr\/espace-pro\/espace-presse\/","title":{"rendered":"Espace Presse"},"content":{"rendered":"\n<p><strong>BIENVENUE DANS NOTRE ESPACE PRESSE<\/strong><\/p>\n\n\n\n<p>Entreprise et D\u00e9couverte travaille en \u00e9troite collaboration avec la presse pour : <\/p>\n\n\n\n<ul><li>Communiquer ses chiffres et analyses de la fili\u00e8re (observatoires nationaux et r\u00e9gionaux)<\/li><li>Aider \u00e0 organiser les reportages dans les entreprises<\/li><li>Mobiliser son r\u00e9seau d\u2019acteurs en fonction des probl\u00e9matiques et angles choisis<\/li><li> Mettre \u00e0 disposition sa phototh\u00e8que <\/li><\/ul>\n\n\n\n<p><strong>Vous \u00eates journaliste ? Vous souhaitez plus d&rsquo;informations ?<\/strong> Contactez Marie Cario <a href=\"mailto:marie.cario@entrepriseetdecouverte.fr\">marie.cario@entrepriseetdecouverte.fr<\/a> (seules les demandes m\u00e9dia seront trait\u00e9es)<\/p>\n","protected":false},"excerpt":{"rendered":"<p>BIENVENUE DANS NOTRE ESPACE PRESSE Entreprise et D\u00e9couverte travaille en \u00e9troite collaboration avec la presse pour : Communiquer ses chiffres et analyses de la fili\u00e8re (observatoires nationaux et r\u00e9gionaux) Aider \u00e0 organiser les reportages dans les entreprises Mobiliser son r\u00e9seau d\u2019acteurs en fonction des probl\u00e9matiques et angles choisis Mettre \u00e0 disposition sa phototh\u00e8que Vous \u00eates [&hellip;]<\/p>\n","protected":false},"author":1,"featured_media":0,"parent":0,"menu_order":50,"comment_status":"closed","ping_status":"closed","template":"page-templates\/intermediaire.php","meta":{"_relevanssi_hide_post":"","_relevanssi_pin_for_all":"","_relevanssi_pin_keywords":"","_relevanssi_unpin_keywords":"","_relevanssi_related_keywords":"","_relevanssi_related_include_ids":"","_relevanssi_related_exclude_ids":"","_relevanssi_related_no_append":"","_relevanssi_related_not_related":"","_relevanssi_related_posts":"62363,60031,62348,62474,61928,62002","_relevanssi_noindex_reason":""},"yoast_head":"<!-- This site is optimized with the Yoast SEO plugin v17.4 - https:\/\/yoast.com\/wordpress\/plugins\/seo\/ -->\n<meta name=\"description\" content=\"BIENVENUE DANS NOTRE ESPACE PRESSE Entreprise et D\u00e9couverte travaille en \u00e9troite collaboration avec la presse pour : Communiquer ses chiffres et analyses\" \/>\n<meta name=\"robots\" content=\"index, follow, max-snippet:-1, max-image-preview:large, max-video-preview:-1\" \/>\n<link rel=\"canonical\" href=\"https:\/\/www.entrepriseetdecouverte.fr\/espace-pro\/espace-presse\/\" \/>\n<meta property=\"og:locale\" content=\"fr_FR\" \/>\n<meta property=\"og:type\" content=\"article\" \/>\n<meta property=\"og:title\" content=\"Espace Presse - Espace Pro\" \/>\n<meta property=\"og:description\" content=\"BIENVENUE DANS NOTRE ESPACE PRESSE Entreprise et D\u00e9couverte travaille en \u00e9troite collaboration avec la presse pour : Communiquer ses chiffres et analyses\" \/>\n<meta property=\"og:url\" content=\"https:\/\/www.entrepriseetdecouverte.fr\/espace-pro\/espace-presse\/\" \/>\n<meta property=\"og:site_name\" content=\"Espace Pro\" \/>\n<meta property=\"article:modified_time\" content=\"2021-05-25T15:00:00+00:00\" \/>\n<meta name=\"twitter:card\" content=\"summary_large_image\" \/>\n<script type=\"application\/ld+json\" class=\"yoast-schema-graph\">{\"@context\":\"https:\/\/schema.org\",\"@graph\":[{\"@type\":\"WebSite\",\"@id\":\"https:\/\/www.entrepriseetdecouverte.fr\/espace-pro\/#website\",\"url\":\"https:\/\/www.entrepriseetdecouverte.fr\/espace-pro\/\",\"name\":\"Espace Pro\",\"description\":\"Un site utilisant Entreprise et D\\u00e9couverte Sites\",\"potentialAction\":[{\"@type\":\"SearchAction\",\"target\":{\"@type\":\"EntryPoint\",\"urlTemplate\":\"https:\/\/www.entrepriseetdecouverte.fr\/espace-pro\/?s={search_term_string}\"},\"query-input\":\"required name=search_term_string\"}],\"inLanguage\":\"fr-FR\"},{\"@type\":\"WebPage\",\"@id\":\"https:\/\/www.entrepriseetdecouverte.fr\/espace-pro\/espace-presse\/#webpage\",\"url\":\"https:\/\/www.entrepriseetdecouverte.fr\/espace-pro\/espace-presse\/\",\"name\":\"Espace Presse - Espace Pro\",\"isPartOf\":{\"@id\":\"https:\/\/www.entrepriseetdecouverte.fr\/espace-pro\/#website\"},\"datePublished\":\"2019-09-12T09:40:10+00:00\",\"dateModified\":\"2021-05-25T15:00:00+00:00\",\"description\":\"BIENVENUE DANS NOTRE ESPACE PRESSE Entreprise et D\\u00e9couverte travaille en \\u00e9troite collaboration avec la presse pour : Communiquer ses chiffres et analyses\",\"breadcrumb\":{\"@id\":\"https:\/\/www.entrepriseetdecouverte.fr\/espace-pro\/espace-presse\/#breadcrumb\"},\"inLanguage\":\"fr-FR\",\"potentialAction\":[{\"@type\":\"ReadAction\",\"target\":[\"https:\/\/www.entrepriseetdecouverte.fr\/espace-pro\/espace-presse\/\"]}]},{\"@type\":\"BreadcrumbList\",\"@id\":\"https:\/\/www.entrepriseetdecouverte.fr\/espace-pro\/espace-presse\/#breadcrumb\",\"itemListElement\":[{\"@type\":\"ListItem\",\"position\":1,\"name\":\"Accueil\",\"item\":\"https:\/\/www.entrepriseetdecouverte.fr\/espace-pro\/\"},{\"@type\":\"ListItem\",\"position\":2,\"name\":\"Espace Presse\"}]}]}<\/script>\n<!-- \/ Yoast SEO plugin. -->","yoast_head_json":{"description":"BIENVENUE DANS NOTRE ESPACE PRESSE Entreprise et D\u00e9couverte travaille en \u00e9troite collaboration avec la presse pour : Communiquer ses chiffres et analyses","robots":{"index":"index","follow":"follow","max-snippet":"max-snippet:-1","max-image-preview":"max-image-preview:large","max-video-preview":"max-video-preview:-1"},"canonical":"https:\/\/www.entrepriseetdecouverte.fr\/espace-pro\/espace-presse\/","og_locale":"fr_FR","og_type":"article","og_title":"Espace Presse - Espace Pro","og_description":"BIENVENUE DANS NOTRE ESPACE PRESSE Entreprise et D\u00e9couverte travaille en \u00e9troite collaboration avec la presse pour : Communiquer ses chiffres et analyses","og_url":"https:\/\/www.entrepriseetdecouverte.fr\/espace-pro\/espace-presse\/","og_site_name":"Espace Pro","article_modified_time":"2021-05-25T15:00:00+00:00","twitter_card":"summary_large_image","schema":{"@context":"https:\/\/schema.org","@graph":[{"@type":"WebSite","@id":"https:\/\/www.entrepriseetdecouverte.fr\/espace-pro\/#website","url":"https:\/\/www.entrepriseetdecouverte.fr\/espace-pro\/","name":"Espace Pro","description":"Un site utilisant Entreprise et D\u00e9couverte Sites","potentialAction":[{"@type":"SearchAction","target":{"@type":"EntryPoint","urlTemplate":"https:\/\/www.entrepriseetdecouverte.fr\/espace-pro\/?s={search_term_string}"},"query-input":"required name=search_term_string"}],"inLanguage":"fr-FR"},{"@type":"WebPage","@id":"https:\/\/www.entrepriseetdecouverte.fr\/espace-pro\/espace-presse\/#webpage","url":"https:\/\/www.entrepriseetdecouverte.fr\/espace-pro\/espace-presse\/","name":"Espace Presse - Espace Pro","isPartOf":{"@id":"https:\/\/www.entrepriseetdecouverte.fr\/espace-pro\/#website"},"datePublished":"2019-09-12T09:40:10+00:00","dateModified":"2021-05-25T15:00:00+00:00","description":"BIENVENUE DANS NOTRE ESPACE PRESSE Entreprise et D\u00e9couverte travaille en \u00e9troite collaboration avec la presse pour : Communiquer ses chiffres et analyses","breadcrumb":{"@id":"https:\/\/www.entrepriseetdecouverte.fr\/espace-pro\/espace-presse\/#breadcrumb"},"inLanguage":"fr-FR","potentialAction":[{"@type":"ReadAction","target":["https:\/\/www.entrepriseetdecouverte.fr\/espace-pro\/espace-presse\/"]}]},{"@type":"BreadcrumbList","@id":"https:\/\/www.entrepriseetdecouverte.fr\/espace-pro\/espace-presse\/#breadcrumb","itemListElement":[{"@type":"ListItem","position":1,"name":"Accueil","item":"https:\/\/www.entrepriseetdecouverte.fr\/espace-pro\/"},{"@type":"ListItem","position":2,"name":"Espace Presse"}]}]}},"_links":{"self":[{"href":"https:\/\/www.entrepriseetdecouverte.fr\/espace-pro\/wp-json\/wp\/v2\/pages\/15"}],"collection":[{"href":"https:\/\/www.entrepriseetdecouverte.fr\/espace-pro\/wp-json\/wp\/v2\/pages"}],"about":[{"href":"https:\/\/www.entrepriseetdecouverte.fr\/espace-pro\/wp-json\/wp\/v2\/types\/page"}],"author":[{"embeddable":true,"href":"https:\/\/www.entrepriseetdecouverte.fr\/espace-pro\/wp-json\/wp\/v2\/users\/1"}],"replies":[{"embeddable":true,"href":"https:\/\/www.entrepriseetdecouverte.fr\/espace-pro\/wp-json\/wp\/v2\/comments?post=15"}],"version-history":[{"count":29,"href":"https:\/\/www.entrepriseetdecouverte.fr\/espace-pro\/wp-json\/wp\/v2\/pages\/15\/revisions"}],"predecessor-version":[{"id":62283,"href":"https:\/\/www.entrepriseetdecouverte.fr\/espace-pro\/wp-json\/wp\/v2\/pages\/15\/revisions\/62283"}],"wp:attachment":[{"href":"https:\/\/www.entrepriseetdecouverte.fr\/espace-pro\/wp-json\/wp\/v2\/media?parent=15"}],"curies":[{"name":"wp","href":"https:\/\/api.w.org\/{rel}","templated":true}]}}